{"id":126930,"date":"2026-05-06T21:29:23","date_gmt":"2026-05-07T00:29:23","guid":{"rendered":"https:\/\/www.hediyepazar.com\/?product=mutfak-el-blenderi-paslanmaz-celik-uclu-ergonomik-tasarim"},"modified":"2026-05-06T21:29:23","modified_gmt":"2026-05-07T00:29:23","slug":"mutfak-el-blenderi-paslanmaz-celik-uclu-ergonomik-tasarim","status":"publish","type":"product","link":"https:\/\/www.hediyepazar.com\/?product=mutfak-el-blenderi-paslanmaz-celik-uclu-ergonomik-tasarim","title":{"rendered":"Mutfak El Blender\u0131 Paslanmaz \u00c7elik U\u00e7lu Ergonomik Tasar\u0131m"},"content":{"rendered":"<p>Mutfakta pratik ve h\u0131zl\u0131 yemek haz\u0131rlamak isteyen kullan\u0131c\u0131lar i\u00e7in tasarlanm\u0131\u015f olan el blender\u0131, g\u00fcnl\u00fck kullan\u0131m i\u00e7in olduk\u00e7a uygun bir mutfak cihaz\u0131d\u0131r.Paslanmaz \u00e7elik metal blender aya\u011f\u0131 sayesinde g\u00fc\u00e7l\u00fc bir kar\u0131\u015ft\u0131rma performans\u0131 sunar.Ergonomik tasar\u0131m\u0131 sayesinde kullan\u0131m\u0131 olduk\u00e7a rahatt\u0131r.Emniyet sistemi cihaz\u0131n g\u00fcvenli \u015fekilde \u00e7al\u0131\u015fmas\u0131n\u0131 sa\u011flar.Asma halkas\u0131 sayesinde kullan\u0131m sonras\u0131nda blender\u0131 kolayca saklayabilirsiniz.<\/p>\n","protected":false},"excerpt":{"rendered":"<p>Mutfakta pratik ve h\u0131zl\u0131 yemek haz\u0131rlamak isteyen kullan\u0131c\u0131lar i\u00e7in tasarlanm\u0131\u015f olan el blender\u0131, g\u00fcnl\u00fck kullan\u0131m i\u00e7in olduk\u00e7a uygun bir mutfak cihaz\u0131d\u0131r.Paslanmaz \u00e7elik metal blender aya\u011f\u0131 sayesinde g\u00fc\u00e7l\u00fc bir kar\u0131\u015ft\u0131rma performans\u0131 sunar.Ergonomik tasar\u0131m\u0131 sayesinde kullan\u0131m\u0131 olduk\u00e7a rahatt\u0131r.Emniyet sistemi cihaz\u0131n g\u00fcvenli \u015fekilde \u00e7al\u0131\u015fmas\u0131n\u0131 sa\u011flar.Asma halkas\u0131 sayesinde kullan\u0131m sonras\u0131nda blender\u0131 kolayca saklayabilirsiniz.<\/p>\n","protected":false},"featured_media":126929,"comment_status":"open","ping_status":"closed","template":"","meta":{"_kad_post_transparent":"","_kad_post_title":"","_kad_post_layout":"","_kad_post_sidebar_id":"","_kad_post_content_style":"","_kad_post_vertical_padding":"","_kad_post_feature":"","_kad_post_feature_position":"","_kad_post_header":false,"_kad_post_footer":false,"_kad_post_classname":""},"product_brand":[],"product_cat":[14959],"product_tag":[],"class_list":{"0":"post-126930","1":"product","2":"type-product","3":"status-publish","4":"has-post-thumbnail","6":"product_cat-blender-blender","8":"first","9":"instock","10":"purchasable","11":"product-type-simple","12":"entry","13":"content-bg","14":"loop-entry"},"_links":{"self":[{"href":"https:\/\/www.hediyepazar.com\/index.php?rest_route=\/wp\/v2\/product\/126930","targetHints":{"allow":["GET"]}}],"collection":[{"href":"https:\/\/www.hediyepazar.com\/index.php?rest_route=\/wp\/v2\/product"}],"about":[{"href":"https:\/\/www.hediyepazar.com\/index.php?rest_route=\/wp\/v2\/types\/product"}],"replies":[{"embeddable":true,"href":"https:\/\/www.hediyepazar.com\/index.php?rest_route=%2Fwp%2Fv2%2Fcomments&post=126930"}],"wp:featuredmedia":[{"embeddable":true,"href":"https:\/\/www.hediyepazar.com\/index.php?rest_route=\/wp\/v2\/media\/126929"}],"wp:attachment":[{"href":"https:\/\/www.hediyepazar.com\/index.php?rest_route=%2Fwp%2Fv2%2Fmedia&parent=126930"}],"wp:term":[{"taxonomy":"product_brand","embeddable":true,"href":"https:\/\/www.hediyepazar.com\/index.php?rest_route=%2Fwp%2Fv2%2Fproduct_brand&post=126930"},{"taxonomy":"product_cat","embeddable":true,"href":"https:\/\/www.hediyepazar.com\/index.php?rest_route=%2Fwp%2Fv2%2Fproduct_cat&post=126930"},{"taxonomy":"product_tag","embeddable":true,"href":"https:\/\/www.hediyepazar.com\/index.php?rest_route=%2Fwp%2Fv2%2Fproduct_tag&post=126930"}],"curies":[{"name":"wp","href":"https:\/\/api.w.org\/{rel}","templated":true}]}}