{"id":126934,"date":"2026-05-06T21:30:08","date_gmt":"2026-05-07T00:30:08","guid":{"rendered":"https:\/\/www.hediyepazar.com\/?product=paslanmaz-celik-blender-ayagina-sahip-ergonomik-el-blenderi"},"modified":"2026-05-06T21:30:08","modified_gmt":"2026-05-07T00:30:08","slug":"paslanmaz-celik-blender-ayagina-sahip-ergonomik-el-blenderi","status":"publish","type":"product","link":"https:\/\/www.hediyepazar.com\/?product=paslanmaz-celik-blender-ayagina-sahip-ergonomik-el-blenderi","title":{"rendered":"Paslanmaz \u00c7elik Blender Aya\u011f\u0131na Sahip Ergonomik El Blender\u0131"},"content":{"rendered":"<p>Mutfakta h\u0131zl\u0131 ve pratik yemek haz\u0131rlamak isteyen kullan\u0131c\u0131lar i\u00e7in tasarlanm\u0131\u015f olan el blender\u0131, g\u00fcnl\u00fck mutfak ihtiya\u00e7lar\u0131n\u0131 kar\u015f\u0131lamak i\u00e7in olduk\u00e7a kullan\u0131\u015fl\u0131 bir cihazd\u0131r. \u00c7orba, sos, sebze p\u00fcresi ve smoothie haz\u0131rlamak i\u00e7in ideal olan bu \u00fcr\u00fcn, k\u0131sa s\u00fcrede homojen kar\u0131\u015f\u0131mlar elde etmenizi sa\u011flar.Paslanmaz \u00e7elik metal blender aya\u011f\u0131 sayesinde g\u00fc\u00e7l\u00fc ve dayan\u0131kl\u0131 bir performans sunar. Metal u\u00e7 tasar\u0131m\u0131 sayesinde hem s\u0131cak hem de so\u011fuk yiyeceklerde rahatl\u0131kla kullan\u0131labilir. Bu \u00f6zellik \u00f6zellikle \u00e7orba gibi s\u0131cak yemeklerin haz\u0131rlanmas\u0131nda b\u00fcy\u00fck avantaj sa\u011flar.Ergonomik tasar\u0131m\u0131 sayesinde cihaz elde rahat \u015fekilde tutulabilir. Kullan\u0131m s\u0131ras\u0131nda ele rahat oturan yap\u0131s\u0131 sayesinde daha kontroll\u00fc bir kullan\u0131m sa\u011flar.Emniyet sistemi cihaz\u0131n g\u00fcvenli \u015fekilde \u00e7al\u0131\u015fmas\u0131na yard\u0131mc\u0131 olur. Bu \u00f6zellik kullan\u0131m s\u0131ras\u0131nda ekstra g\u00fcvenlik sa\u011flar.Asma halkas\u0131 sayesinde blender\u0131 mutfakta kolay \u015fekilde saklayabilirsiniz.<\/p>\n","protected":false},"excerpt":{"rendered":"<p>Mutfakta h\u0131zl\u0131 ve pratik yemek haz\u0131rlamak isteyen kullan\u0131c\u0131lar i\u00e7in tasarlanm\u0131\u015f olan el blender\u0131, g\u00fcnl\u00fck mutfak ihtiya\u00e7lar\u0131n\u0131 kar\u015f\u0131lamak i\u00e7in olduk\u00e7a kullan\u0131\u015fl\u0131 bir cihazd\u0131r. \u00c7orba, sos, sebze p\u00fcresi ve smoothie haz\u0131rlamak i\u00e7in ideal olan bu \u00fcr\u00fcn, k\u0131sa s\u00fcrede homojen kar\u0131\u015f\u0131mlar elde etmenizi sa\u011flar.Paslanmaz \u00e7elik metal blender aya\u011f\u0131 sayesinde g\u00fc\u00e7l\u00fc ve dayan\u0131kl\u0131 bir performans sunar. Metal u\u00e7 tasar\u0131m\u0131&#8230;<\/p>\n","protected":false},"featured_media":126933,"comment_status":"open","ping_status":"closed","template":"","meta":{"_kad_post_transparent":"","_kad_post_title":"","_kad_post_layout":"","_kad_post_sidebar_id":"","_kad_post_content_style":"","_kad_post_vertical_padding":"","_kad_post_feature":"","_kad_post_feature_position":"","_kad_post_header":false,"_kad_post_footer":false,"_kad_post_classname":""},"product_brand":[],"product_cat":[14959],"product_tag":[],"class_list":{"0":"post-126934","1":"product","2":"type-product","3":"status-publish","4":"has-post-thumbnail","6":"product_cat-blender-blender","8":"first","9":"instock","10":"purchasable","11":"product-type-simple","12":"entry","13":"content-bg","14":"loop-entry"},"_links":{"self":[{"href":"https:\/\/www.hediyepazar.com\/index.php?rest_route=\/wp\/v2\/product\/126934","targetHints":{"allow":["GET"]}}],"collection":[{"href":"https:\/\/www.hediyepazar.com\/index.php?rest_route=\/wp\/v2\/product"}],"about":[{"href":"https:\/\/www.hediyepazar.com\/index.php?rest_route=\/wp\/v2\/types\/product"}],"replies":[{"embeddable":true,"href":"https:\/\/www.hediyepazar.com\/index.php?rest_route=%2Fwp%2Fv2%2Fcomments&post=126934"}],"wp:featuredmedia":[{"embeddable":true,"href":"https:\/\/www.hediyepazar.com\/index.php?rest_route=\/wp\/v2\/media\/126933"}],"wp:attachment":[{"href":"https:\/\/www.hediyepazar.com\/index.php?rest_route=%2Fwp%2Fv2%2Fmedia&parent=126934"}],"wp:term":[{"taxonomy":"product_brand","embeddable":true,"href":"https:\/\/www.hediyepazar.com\/index.php?rest_route=%2Fwp%2Fv2%2Fproduct_brand&post=126934"},{"taxonomy":"product_cat","embeddable":true,"href":"https:\/\/www.hediyepazar.com\/index.php?rest_route=%2Fwp%2Fv2%2Fproduct_cat&post=126934"},{"taxonomy":"product_tag","embeddable":true,"href":"https:\/\/www.hediyepazar.com\/index.php?rest_route=%2Fwp%2Fv2%2Fproduct_tag&post=126934"}],"curies":[{"name":"wp","href":"https:\/\/api.w.org\/{rel}","templated":true}]}}