{"id":126936,"date":"2026-05-06T21:30:15","date_gmt":"2026-05-07T00:30:15","guid":{"rendered":"https:\/\/www.hediyepazar.com\/?product=el-blenderi-paslanmaz-celik-metal-ayakli-ergonomik-tasarimli-mutfak-blender"},"modified":"2026-05-06T21:30:15","modified_gmt":"2026-05-07T00:30:15","slug":"el-blenderi-paslanmaz-celik-metal-ayakli-ergonomik-tasarimli-mutfak-blender","status":"publish","type":"product","link":"https:\/\/www.hediyepazar.com\/?product=el-blenderi-paslanmaz-celik-metal-ayakli-ergonomik-tasarimli-mutfak-blender","title":{"rendered":"El Blender\u0131 Paslanmaz \u00c7elik Metal Ayakl\u0131 Ergonomik Tasar\u0131ml\u0131 Mutfak Blender"},"content":{"rendered":"<p>El blender\u0131, mutfakta pratik ve h\u0131zl\u0131 yemek haz\u0131rlamak isteyen kullan\u0131c\u0131lar i\u00e7in tasarlanm\u0131\u015f kullan\u0131\u015fl\u0131 bir mutfak cihaz\u0131d\u0131r. G\u00fcnl\u00fck mutfak i\u015flerinde b\u00fcy\u00fck kolayl\u0131k sa\u011flayan bu \u00fcr\u00fcn, \u00f6zellikle \u00e7orba, sos, sebze p\u00fcresi ve smoothie gibi tariflerin haz\u0131rlanmas\u0131n\u0131 olduk\u00e7a kolay hale getirir. Kompakt yap\u0131s\u0131 sayesinde mutfakta fazla yer kaplamaz ve kullan\u0131m\u0131 olduk\u00e7a pratiktir.Paslanmaz \u00e7elik metal blender aya\u011f\u0131 sayesinde dayan\u0131kl\u0131 ve uzun \u00f6m\u00fcrl\u00fc bir kullan\u0131m sunar. Metal u\u00e7 tasar\u0131m\u0131 sayesinde s\u0131cak veya so\u011fuk bir\u00e7ok farkl\u0131 yiyecek \u00fczerinde g\u00fcvenle kullan\u0131labilir. Bu \u00f6zellik \u00f6zellikle \u00e7orba haz\u0131rlarken olduk\u00e7a avantaj sa\u011flar. Paslanmaz \u00e7elik yap\u0131 hem sa\u011flamd\u0131r hem de hijyenik bir kullan\u0131m sunar.Ergonomik tasar\u0131m\u0131 sayesinde blender\u0131 kullanmak olduk\u00e7a kolayd\u0131r. Ele rahat oturan yap\u0131s\u0131 sayesinde uzun s\u00fcreli kullan\u0131mda bile konfor sa\u011flar. Kaymay\u0131 \u00f6nleyen tasar\u0131m\u0131 sayesinde kullan\u0131m s\u0131ras\u0131nda daha kontroll\u00fc bir deneyim sunar.\u00dcr\u00fcn \u00fczerinde bulunan emniyet sistemi g\u00fcvenli kullan\u0131m i\u00e7in \u00f6nemli bir avantaj sa\u011flar. Cihaz\u0131n g\u00fcvenli \u015fekilde \u00e7al\u0131\u015fmas\u0131na yard\u0131mc\u0131 olan bu sistem sayesinde kullan\u0131c\u0131lar blender\u0131 daha rahat ve g\u00fcvenli \u015fekilde kullanabilir.Asma halkas\u0131 sayesinde blender\u0131 mutfakta kolayca saklayabilirsiniz. Kullan\u0131m sonras\u0131nda ask\u0131ya asarak mutfakta yer tasarrufu sa\u011flayabilirsiniz.<\/p>\n","protected":false},"excerpt":{"rendered":"<p>El blender\u0131, mutfakta pratik ve h\u0131zl\u0131 yemek haz\u0131rlamak isteyen kullan\u0131c\u0131lar i\u00e7in tasarlanm\u0131\u015f kullan\u0131\u015fl\u0131 bir mutfak cihaz\u0131d\u0131r. G\u00fcnl\u00fck mutfak i\u015flerinde b\u00fcy\u00fck kolayl\u0131k sa\u011flayan bu \u00fcr\u00fcn, \u00f6zellikle \u00e7orba, sos, sebze p\u00fcresi ve smoothie gibi tariflerin haz\u0131rlanmas\u0131n\u0131 olduk\u00e7a kolay hale getirir. Kompakt yap\u0131s\u0131 sayesinde mutfakta fazla yer kaplamaz ve kullan\u0131m\u0131 olduk\u00e7a pratiktir.Paslanmaz \u00e7elik metal blender aya\u011f\u0131 sayesinde dayan\u0131kl\u0131&#8230;<\/p>\n","protected":false},"featured_media":126935,"comment_status":"open","ping_status":"closed","template":"","meta":{"_kad_post_transparent":"","_kad_post_title":"","_kad_post_layout":"","_kad_post_sidebar_id":"","_kad_post_content_style":"","_kad_post_vertical_padding":"","_kad_post_feature":"","_kad_post_feature_position":"","_kad_post_header":false,"_kad_post_footer":false,"_kad_post_classname":""},"product_brand":[],"product_cat":[14959],"product_tag":[],"class_list":{"0":"post-126936","1":"product","2":"type-product","3":"status-publish","4":"has-post-thumbnail","6":"product_cat-blender-blender","8":"first","9":"instock","10":"purchasable","11":"product-type-simple","12":"entry","13":"content-bg","14":"loop-entry"},"_links":{"self":[{"href":"https:\/\/www.hediyepazar.com\/index.php?rest_route=\/wp\/v2\/product\/126936","targetHints":{"allow":["GET"]}}],"collection":[{"href":"https:\/\/www.hediyepazar.com\/index.php?rest_route=\/wp\/v2\/product"}],"about":[{"href":"https:\/\/www.hediyepazar.com\/index.php?rest_route=\/wp\/v2\/types\/product"}],"replies":[{"embeddable":true,"href":"https:\/\/www.hediyepazar.com\/index.php?rest_route=%2Fwp%2Fv2%2Fcomments&post=126936"}],"wp:featuredmedia":[{"embeddable":true,"href":"https:\/\/www.hediyepazar.com\/index.php?rest_route=\/wp\/v2\/media\/126935"}],"wp:attachment":[{"href":"https:\/\/www.hediyepazar.com\/index.php?rest_route=%2Fwp%2Fv2%2Fmedia&parent=126936"}],"wp:term":[{"taxonomy":"product_brand","embeddable":true,"href":"https:\/\/www.hediyepazar.com\/index.php?rest_route=%2Fwp%2Fv2%2Fproduct_brand&post=126936"},{"taxonomy":"product_cat","embeddable":true,"href":"https:\/\/www.hediyepazar.com\/index.php?rest_route=%2Fwp%2Fv2%2Fproduct_cat&post=126936"},{"taxonomy":"product_tag","embeddable":true,"href":"https:\/\/www.hediyepazar.com\/index.php?rest_route=%2Fwp%2Fv2%2Fproduct_tag&post=126936"}],"curies":[{"name":"wp","href":"https:\/\/api.w.org\/{rel}","templated":true}]}}