{"id":126942,"date":"2026-05-06T21:31:08","date_gmt":"2026-05-07T00:31:08","guid":{"rendered":"https:\/\/www.hediyepazar.com\/?product=mutfak-el-mikseri-250w-paslanmaz-celik-cift-cirpicili-mikser"},"modified":"2026-05-06T21:31:08","modified_gmt":"2026-05-07T00:31:08","slug":"mutfak-el-mikseri-250w-paslanmaz-celik-cift-cirpicili-mikser","status":"publish","type":"product","link":"https:\/\/www.hediyepazar.com\/?product=mutfak-el-mikseri-250w-paslanmaz-celik-cift-cirpicili-mikser","title":{"rendered":"Mutfak El Mikseri 250W Paslanmaz \u00c7elik \u00c7ift \u00c7\u0131rp\u0131c\u0131l\u0131 Mikser"},"content":{"rendered":"<p>Elektrikli el mikseri, mutfakta hamur ve tatl\u0131 haz\u0131rl\u0131klar\u0131n\u0131 daha pratik hale getiren kullan\u0131\u015fl\u0131 bir mutfak cihaz\u0131d\u0131r. G\u00fc\u00e7l\u00fc motor sistemi sayesinde malzemeleri h\u0131zl\u0131 ve etkili \u015fekilde kar\u0131\u015ft\u0131rabilir.250W motor g\u00fcc\u00fc sayesinde farkl\u0131 kar\u0131\u015ft\u0131rma i\u015flemleri rahat \u015fekilde yap\u0131labilir. Kek hamuru, krema, sos ve yumurta \u00e7\u0131rpma gibi i\u015flemler i\u00e7in olduk\u00e7a ideal bir kullan\u0131m sunar.5 kademe h\u0131z ayar\u0131 sayesinde tariflere uygun h\u0131z seviyesini se\u00e7ebilirsiniz. Bu \u00f6zellik farkl\u0131 yo\u011funluktaki kar\u0131\u015f\u0131mlar i\u00e7in daha kontroll\u00fc bir kullan\u0131m sa\u011flar.Paslanmaz \u00e7elik \u00e7\u0131rpma aparatlar\u0131 dayan\u0131kl\u0131 yap\u0131s\u0131 sayesinde uzun s\u00fcre kullan\u0131labilir. \u00c7ift \u00e7\u0131rp\u0131c\u0131 sistemi malzemelerin e\u015fit \u015fekilde kar\u0131\u015fmas\u0131n\u0131 sa\u011flar.Aksesuar \u00e7\u0131karma d\u00fc\u011fmesi sayesinde \u00e7\u0131rp\u0131c\u0131 aparatlar\u0131 kolay \u015fekilde \u00e7\u0131kar\u0131labilir ve temizlenebilir.Kompakt tasar\u0131m\u0131 sayesinde mutfakta fazla yer kaplamaz ve kolayca saklanabilir.<\/p>\n","protected":false},"excerpt":{"rendered":"<p>Elektrikli el mikseri, mutfakta hamur ve tatl\u0131 haz\u0131rl\u0131klar\u0131n\u0131 daha pratik hale getiren kullan\u0131\u015fl\u0131 bir mutfak cihaz\u0131d\u0131r. G\u00fc\u00e7l\u00fc motor sistemi sayesinde malzemeleri h\u0131zl\u0131 ve etkili \u015fekilde kar\u0131\u015ft\u0131rabilir.250W motor g\u00fcc\u00fc sayesinde farkl\u0131 kar\u0131\u015ft\u0131rma i\u015flemleri rahat \u015fekilde yap\u0131labilir. Kek hamuru, krema, sos ve yumurta \u00e7\u0131rpma gibi i\u015flemler i\u00e7in olduk\u00e7a ideal bir kullan\u0131m sunar.5 kademe h\u0131z ayar\u0131 sayesinde tariflere&#8230;<\/p>\n","protected":false},"featured_media":126941,"comment_status":"open","ping_status":"closed","template":"","meta":{"_kad_post_transparent":"","_kad_post_title":"","_kad_post_layout":"","_kad_post_sidebar_id":"","_kad_post_content_style":"","_kad_post_vertical_padding":"","_kad_post_feature":"","_kad_post_feature_position":"","_kad_post_header":false,"_kad_post_footer":false,"_kad_post_classname":""},"product_brand":[],"product_cat":[15080],"product_tag":[],"class_list":{"0":"post-126942","1":"product","2":"type-product","3":"status-publish","4":"has-post-thumbnail","6":"product_cat-mikser-mikser","8":"first","9":"instock","10":"purchasable","11":"product-type-simple","12":"entry","13":"content-bg","14":"loop-entry"},"_links":{"self":[{"href":"https:\/\/www.hediyepazar.com\/index.php?rest_route=\/wp\/v2\/product\/126942","targetHints":{"allow":["GET"]}}],"collection":[{"href":"https:\/\/www.hediyepazar.com\/index.php?rest_route=\/wp\/v2\/product"}],"about":[{"href":"https:\/\/www.hediyepazar.com\/index.php?rest_route=\/wp\/v2\/types\/product"}],"replies":[{"embeddable":true,"href":"https:\/\/www.hediyepazar.com\/index.php?rest_route=%2Fwp%2Fv2%2Fcomments&post=126942"}],"wp:featuredmedia":[{"embeddable":true,"href":"https:\/\/www.hediyepazar.com\/index.php?rest_route=\/wp\/v2\/media\/126941"}],"wp:attachment":[{"href":"https:\/\/www.hediyepazar.com\/index.php?rest_route=%2Fwp%2Fv2%2Fmedia&parent=126942"}],"wp:term":[{"taxonomy":"product_brand","embeddable":true,"href":"https:\/\/www.hediyepazar.com\/index.php?rest_route=%2Fwp%2Fv2%2Fproduct_brand&post=126942"},{"taxonomy":"product_cat","embeddable":true,"href":"https:\/\/www.hediyepazar.com\/index.php?rest_route=%2Fwp%2Fv2%2Fproduct_cat&post=126942"},{"taxonomy":"product_tag","embeddable":true,"href":"https:\/\/www.hediyepazar.com\/index.php?rest_route=%2Fwp%2Fv2%2Fproduct_tag&post=126942"}],"curies":[{"name":"wp","href":"https:\/\/api.w.org\/{rel}","templated":true}]}}