{"id":126958,"date":"2026-05-06T21:33:28","date_gmt":"2026-05-07T00:33:28","guid":{"rendered":"https:\/\/www.hediyepazar.com\/?product=sarjli-mini-mutfak-dograyici-450-ml-sebze-sarimsak-sogan-dograyici"},"modified":"2026-05-06T21:33:28","modified_gmt":"2026-05-07T00:33:28","slug":"sarjli-mini-mutfak-dograyici-450-ml-sebze-sarimsak-sogan-dograyici","status":"publish","type":"product","link":"https:\/\/www.hediyepazar.com\/?product=sarjli-mini-mutfak-dograyici-450-ml-sebze-sarimsak-sogan-dograyici","title":{"rendered":"\u015earjl\u0131 Mini Mutfak Do\u011fray\u0131c\u0131 450 ML Sebze Sar\u0131msak So\u011fan Do\u011fray\u0131c\u0131"},"content":{"rendered":"<p>\u015earjl\u0131 mini do\u011fray\u0131c\u0131, mutfakta sebze ve g\u0131da haz\u0131rl\u0131klar\u0131n\u0131 daha pratik hale getiren modern bir mutfak cihaz\u0131d\u0131r. Kablosuz \u00e7al\u0131\u015fma \u00f6zelli\u011fi sayesinde elektrik kablosuna ihtiya\u00e7 duymadan kullan\u0131labilir ve mutfakta daha rahat bir kullan\u0131m sunar.450 ml kapasiteye sahip do\u011frama haznesi sayesinde sebzeleri k\u0131sa s\u00fcrede do\u011frayabilirsiniz. So\u011fan, sar\u0131msak, biber, domates ve benzeri bir\u00e7ok sebzeyi h\u0131zl\u0131 \u015fekilde do\u011frayarak yemek haz\u0131rlama s\u00fcrecini kolayla\u015ft\u0131r\u0131r.1200 mAh batarya kapasitesi sayesinde cihaz uzun s\u00fcre kullan\u0131labilir. \u015earj edilebilir batarya sistemi cihaz\u0131n tekrar tekrar kullan\u0131lmas\u0131na imkan tan\u0131r. Kablosuz kullan\u0131m \u00f6zelli\u011fi mutfakta daha \u00f6zg\u00fcr bir \u00e7al\u0131\u015fma alan\u0131 sa\u011flar.Paslanmaz \u00e7elik b\u0131\u00e7ak sistemi g\u00fc\u00e7l\u00fc do\u011frama performans\u0131 sunar. Keskin b\u0131\u00e7aklar sebzeleri k\u0131sa s\u00fcrede e\u015fit \u015fekilde do\u011frayarak homojen bir sonu\u00e7 elde edilmesini sa\u011flar. Bu \u00f6zellik yemek haz\u0131rl\u0131klar\u0131n\u0131 daha profesyonel hale getirir.Tek tu\u015f ile \u00e7al\u0131\u015fan mekanizmas\u0131 sayesinde kullan\u0131m olduk\u00e7a kolayd\u0131r. \u00dcst b\u00f6l\u00fcmde bulunan d\u00fc\u011fmeye basarak do\u011frama i\u015flemini ba\u015flatabilirsiniz.Mini do\u011fray\u0131c\u0131 yaln\u0131zca sebze do\u011framak i\u00e7in de\u011fil ayn\u0131 zamanda sos haz\u0131rlama, salata haz\u0131rlama ve \u00e7e\u015fitli mutfak haz\u0131rl\u0131klar\u0131 i\u00e7in de kullan\u0131labilir. Kompakt tasar\u0131m\u0131 sayesinde mutfakta fazla yer kaplamaz ve saklamas\u0131 olduk\u00e7a kolayd\u0131r.<\/p>\n","protected":false},"excerpt":{"rendered":"<p>\u015earjl\u0131 mini do\u011fray\u0131c\u0131, mutfakta sebze ve g\u0131da haz\u0131rl\u0131klar\u0131n\u0131 daha pratik hale getiren modern bir mutfak cihaz\u0131d\u0131r. Kablosuz \u00e7al\u0131\u015fma \u00f6zelli\u011fi sayesinde elektrik kablosuna ihtiya\u00e7 duymadan kullan\u0131labilir ve mutfakta daha rahat bir kullan\u0131m sunar.450 ml kapasiteye sahip do\u011frama haznesi sayesinde sebzeleri k\u0131sa s\u00fcrede do\u011frayabilirsiniz. So\u011fan, sar\u0131msak, biber, domates ve benzeri bir\u00e7ok sebzeyi h\u0131zl\u0131 \u015fekilde do\u011frayarak yemek haz\u0131rlama&#8230;<\/p>\n","protected":false},"featured_media":126957,"comment_status":"open","ping_status":"closed","template":"","meta":{"_kad_post_transparent":"","_kad_post_title":"","_kad_post_layout":"","_kad_post_sidebar_id":"","_kad_post_content_style":"","_kad_post_vertical_padding":"","_kad_post_feature":"","_kad_post_feature_position":"","_kad_post_header":false,"_kad_post_footer":false,"_kad_post_classname":""},"product_brand":[],"product_cat":[15068],"product_tag":[],"class_list":{"0":"post-126958","1":"product","2":"type-product","3":"status-publish","4":"has-post-thumbnail","6":"product_cat-pratik-mutfak-gerecleri-pratik-mutfak-gerecleri-2","8":"first","9":"instock","10":"purchasable","11":"product-type-simple","12":"entry","13":"content-bg","14":"loop-entry"},"_links":{"self":[{"href":"https:\/\/www.hediyepazar.com\/index.php?rest_route=\/wp\/v2\/product\/126958","targetHints":{"allow":["GET"]}}],"collection":[{"href":"https:\/\/www.hediyepazar.com\/index.php?rest_route=\/wp\/v2\/product"}],"about":[{"href":"https:\/\/www.hediyepazar.com\/index.php?rest_route=\/wp\/v2\/types\/product"}],"replies":[{"embeddable":true,"href":"https:\/\/www.hediyepazar.com\/index.php?rest_route=%2Fwp%2Fv2%2Fcomments&post=126958"}],"wp:featuredmedia":[{"embeddable":true,"href":"https:\/\/www.hediyepazar.com\/index.php?rest_route=\/wp\/v2\/media\/126957"}],"wp:attachment":[{"href":"https:\/\/www.hediyepazar.com\/index.php?rest_route=%2Fwp%2Fv2%2Fmedia&parent=126958"}],"wp:term":[{"taxonomy":"product_brand","embeddable":true,"href":"https:\/\/www.hediyepazar.com\/index.php?rest_route=%2Fwp%2Fv2%2Fproduct_brand&post=126958"},{"taxonomy":"product_cat","embeddable":true,"href":"https:\/\/www.hediyepazar.com\/index.php?rest_route=%2Fwp%2Fv2%2Fproduct_cat&post=126958"},{"taxonomy":"product_tag","embeddable":true,"href":"https:\/\/www.hediyepazar.com\/index.php?rest_route=%2Fwp%2Fv2%2Fproduct_tag&post=126958"}],"curies":[{"name":"wp","href":"https:\/\/api.w.org\/{rel}","templated":true}]}}