{"id":126962,"date":"2026-05-06T21:33:40","date_gmt":"2026-05-07T00:33:40","guid":{"rendered":"https:\/\/www.hediyepazar.com\/?product=sarjli-mutfak-dograyici-450-ml-sebze-ve-sarimsak-dograyici"},"modified":"2026-05-06T21:33:40","modified_gmt":"2026-05-07T00:33:40","slug":"sarjli-mutfak-dograyici-450-ml-sebze-ve-sarimsak-dograyici","status":"publish","type":"product","link":"https:\/\/www.hediyepazar.com\/?product=sarjli-mutfak-dograyici-450-ml-sebze-ve-sarimsak-dograyici","title":{"rendered":"\u015earjl\u0131 Mutfak Do\u011fray\u0131c\u0131 450 ML Sebze ve Sar\u0131msak Do\u011fray\u0131c\u0131"},"content":{"rendered":"<p>\u015earjl\u0131 mini do\u011fray\u0131c\u0131, mutfakta h\u0131zl\u0131 ve pratik haz\u0131rl\u0131k yapmak isteyen kullan\u0131c\u0131lar i\u00e7in tasarlanm\u0131\u015f kompakt bir mutfak cihaz\u0131d\u0131r. Kablosuz \u00e7al\u0131\u015fma \u00f6zelli\u011fi sayesinde elektrik kablosuna ihtiya\u00e7 duymadan rahat bir kullan\u0131m sunar. K\u00fc\u00e7\u00fck boyutuna ra\u011fmen g\u00fc\u00e7l\u00fc do\u011frama performans\u0131 sayesinde g\u00fcnl\u00fck yemek haz\u0131rl\u0131klar\u0131nda olduk\u00e7a kullan\u0131\u015fl\u0131d\u0131r.450 ml kapasiteye sahip do\u011frama haznesi sayesinde sebzeleri k\u0131sa s\u00fcrede do\u011frayabilirsiniz. So\u011fan, sar\u0131msak, biber, domates ve \u00e7e\u015fitli sebzeleri kolay \u015fekilde par\u00e7alayarak yemek haz\u0131rlama s\u00fcrecini h\u0131zland\u0131r\u0131r. \u00d6zellikle yemek yaparken zaman kazand\u0131ran pratik bir yard\u0131mc\u0131d\u0131r.1200 mAh batarya kapasitesi cihaz\u0131n uzun s\u00fcre kullan\u0131labilmesini sa\u011flar. \u015earj edilebilir batarya sistemi sayesinde cihaz\u0131 tekrar tekrar kullanabilirsiniz. Kablosuz yap\u0131s\u0131 mutfakta daha rahat hareket etme imkan\u0131 sunar ve kullan\u0131m s\u0131ras\u0131nda pratiklik sa\u011flar.Paslanmaz \u00e7elik b\u0131\u00e7ak sistemi g\u00fc\u00e7l\u00fc ve dayan\u0131kl\u0131 bir kesme performans\u0131 sunar. \u00c7ift katmanl\u0131 keskin b\u0131\u00e7aklar sebzeleri k\u0131sa s\u00fcrede e\u015fit \u015fekilde do\u011frayarak homojen bir sonu\u00e7 elde edilmesine yard\u0131mc\u0131 olur. Bu sayede yemek haz\u0131rl\u0131klar\u0131nda daha profesyonel bir sonu\u00e7 elde edilebilir.Tek tu\u015f ile \u00e7al\u0131\u015fan mekanizmas\u0131 kullan\u0131m kolayl\u0131\u011f\u0131 sa\u011flar. \u00dcst b\u00f6l\u00fcmde bulunan d\u00fc\u011fmeye basarak do\u011frama i\u015flemini ba\u015flatabilirsiniz. Basit kullan\u0131m sistemi sayesinde herkes rahatl\u0131kla kullanabilir.Mini do\u011fray\u0131c\u0131; sebze do\u011frama, sos haz\u0131rlama, salata haz\u0131rlama ve yemek \u00f6n haz\u0131rl\u0131klar\u0131 gibi bir\u00e7ok mutfak i\u015fleminde kullan\u0131labilir. Kompakt tasar\u0131m\u0131 sayesinde mutfakta fazla yer kaplamaz ve saklanmas\u0131 olduk\u00e7a kolayd\u0131r.<\/p>\n","protected":false},"excerpt":{"rendered":"<p>\u015earjl\u0131 mini do\u011fray\u0131c\u0131, mutfakta h\u0131zl\u0131 ve pratik haz\u0131rl\u0131k yapmak isteyen kullan\u0131c\u0131lar i\u00e7in tasarlanm\u0131\u015f kompakt bir mutfak cihaz\u0131d\u0131r. Kablosuz \u00e7al\u0131\u015fma \u00f6zelli\u011fi sayesinde elektrik kablosuna ihtiya\u00e7 duymadan rahat bir kullan\u0131m sunar. K\u00fc\u00e7\u00fck boyutuna ra\u011fmen g\u00fc\u00e7l\u00fc do\u011frama performans\u0131 sayesinde g\u00fcnl\u00fck yemek haz\u0131rl\u0131klar\u0131nda olduk\u00e7a kullan\u0131\u015fl\u0131d\u0131r.450 ml kapasiteye sahip do\u011frama haznesi sayesinde sebzeleri k\u0131sa s\u00fcrede do\u011frayabilirsiniz. So\u011fan, sar\u0131msak, biber, domates&#8230;<\/p>\n","protected":false},"featured_media":126961,"comment_status":"open","ping_status":"closed","template":"","meta":{"_kad_post_transparent":"","_kad_post_title":"","_kad_post_layout":"","_kad_post_sidebar_id":"","_kad_post_content_style":"","_kad_post_vertical_padding":"","_kad_post_feature":"","_kad_post_feature_position":"","_kad_post_header":false,"_kad_post_footer":false,"_kad_post_classname":""},"product_brand":[],"product_cat":[15068],"product_tag":[],"class_list":{"0":"post-126962","1":"product","2":"type-product","3":"status-publish","4":"has-post-thumbnail","6":"product_cat-pratik-mutfak-gerecleri-pratik-mutfak-gerecleri-2","8":"first","9":"instock","10":"purchasable","11":"product-type-simple","12":"entry","13":"content-bg","14":"loop-entry"},"_links":{"self":[{"href":"https:\/\/www.hediyepazar.com\/index.php?rest_route=\/wp\/v2\/product\/126962","targetHints":{"allow":["GET"]}}],"collection":[{"href":"https:\/\/www.hediyepazar.com\/index.php?rest_route=\/wp\/v2\/product"}],"about":[{"href":"https:\/\/www.hediyepazar.com\/index.php?rest_route=\/wp\/v2\/types\/product"}],"replies":[{"embeddable":true,"href":"https:\/\/www.hediyepazar.com\/index.php?rest_route=%2Fwp%2Fv2%2Fcomments&post=126962"}],"wp:featuredmedia":[{"embeddable":true,"href":"https:\/\/www.hediyepazar.com\/index.php?rest_route=\/wp\/v2\/media\/126961"}],"wp:attachment":[{"href":"https:\/\/www.hediyepazar.com\/index.php?rest_route=%2Fwp%2Fv2%2Fmedia&parent=126962"}],"wp:term":[{"taxonomy":"product_brand","embeddable":true,"href":"https:\/\/www.hediyepazar.com\/index.php?rest_route=%2Fwp%2Fv2%2Fproduct_brand&post=126962"},{"taxonomy":"product_cat","embeddable":true,"href":"https:\/\/www.hediyepazar.com\/index.php?rest_route=%2Fwp%2Fv2%2Fproduct_cat&post=126962"},{"taxonomy":"product_tag","embeddable":true,"href":"https:\/\/www.hediyepazar.com\/index.php?rest_route=%2Fwp%2Fv2%2Fproduct_tag&post=126962"}],"curies":[{"name":"wp","href":"https:\/\/api.w.org\/{rel}","templated":true}]}}