{"id":126966,"date":"2026-05-06T21:33:51","date_gmt":"2026-05-07T00:33:51","guid":{"rendered":"https:\/\/www.hediyepazar.com\/?product=sarjli-mini-dograyici-450-ml-kablosuz-sebze-dograyici"},"modified":"2026-05-06T21:33:51","modified_gmt":"2026-05-07T00:33:51","slug":"sarjli-mini-dograyici-450-ml-kablosuz-sebze-dograyici","status":"publish","type":"product","link":"https:\/\/www.hediyepazar.com\/?product=sarjli-mini-dograyici-450-ml-kablosuz-sebze-dograyici","title":{"rendered":"\u015earjl\u0131 Mini Do\u011fray\u0131c\u0131 450 ML Kablosuz Sebze Do\u011fray\u0131c\u0131"},"content":{"rendered":"<p>\u015earjl\u0131 mini do\u011fray\u0131c\u0131, mutfakta pratik ve h\u0131zl\u0131 haz\u0131rl\u0131k yapmak isteyen kullan\u0131c\u0131lar i\u00e7in tasarlanm\u0131\u015f kullan\u0131\u015fl\u0131 bir mutfak yard\u0131mc\u0131s\u0131d\u0131r. Kablosuz \u00e7al\u0131\u015fma \u00f6zelli\u011fi sayesinde kullan\u0131m s\u0131ras\u0131nda elektrik kablosu ile u\u011fra\u015fmadan rahat bir \u015fekilde \u00e7al\u0131\u015ft\u0131r\u0131labilir. Kompakt tasar\u0131m\u0131 sayesinde mutfakta fazla yer kaplamaz ve kolayca saklanabilir.450 ml kapasiteye sahip do\u011fray\u0131c\u0131 haznesi sayesinde so\u011fan, sar\u0131msak, biber, domates ve benzeri sebzeleri k\u0131sa s\u00fcrede do\u011frayabilirsiniz. G\u00fcnl\u00fck yemek haz\u0131rl\u0131klar\u0131nda b\u00fcy\u00fck kolayl\u0131k sa\u011flayan bu \u00fcr\u00fcn \u00f6zellikle zaman tasarrufu sa\u011flamak isteyen kullan\u0131c\u0131lar i\u00e7in olduk\u00e7a ideal bir \u00e7\u00f6z\u00fcmd\u00fcr.1200 mAh batarya kapasitesi sayesinde cihaz uzun s\u00fcreli kullan\u0131m sunar. \u015earj edilebilir yap\u0131s\u0131 sayesinde tekrar tekrar kullan\u0131labilir ve kablosuz kullan\u0131m avantaj\u0131 sa\u011flar. Bu \u00f6zellik mutfakta daha \u00f6zg\u00fcr bir kullan\u0131m deneyimi sunar.Paslanmaz \u00e7elik b\u0131\u00e7ak sistemi sebzeleri h\u0131zl\u0131 ve etkili \u015fekilde do\u011framaya yard\u0131mc\u0131 olur. G\u00fc\u00e7l\u00fc b\u0131\u00e7ak yap\u0131s\u0131 sayesinde k\u0131sa s\u00fcrede homojen do\u011frama i\u015flemi ger\u00e7ekle\u015ftirilir. Bu sayede yemek haz\u0131rlama s\u00fcreci daha h\u0131zl\u0131 ve pratik hale gelir.Tek tu\u015f ile \u00e7al\u0131\u015fma \u00f6zelli\u011fi kullan\u0131m kolayl\u0131\u011f\u0131 sa\u011flar. \u00dcst b\u00f6l\u00fcmde bulunan kontrol d\u00fc\u011fmesine basarak do\u011frama i\u015flemini ba\u015flatabilirsiniz. Basit kullan\u0131m sistemi sayesinde herkes rahatl\u0131kla kullanabilir.Mini do\u011fray\u0131c\u0131 yaln\u0131zca sebze do\u011framak i\u00e7in de\u011fil; sos haz\u0131rlama, salata haz\u0131rlama veya yemek \u00f6n haz\u0131rl\u0131klar\u0131 i\u00e7in de kullan\u0131labilir. Kompakt ve ergonomik tasar\u0131m\u0131 sayesinde hem ev mutfaklar\u0131nda hem de k\u00fc\u00e7\u00fck mutfak alanlar\u0131nda rahatl\u0131kla kullan\u0131labilir.<\/p>\n","protected":false},"excerpt":{"rendered":"<p>\u015earjl\u0131 mini do\u011fray\u0131c\u0131, mutfakta pratik ve h\u0131zl\u0131 haz\u0131rl\u0131k yapmak isteyen kullan\u0131c\u0131lar i\u00e7in tasarlanm\u0131\u015f kullan\u0131\u015fl\u0131 bir mutfak yard\u0131mc\u0131s\u0131d\u0131r. Kablosuz \u00e7al\u0131\u015fma \u00f6zelli\u011fi sayesinde kullan\u0131m s\u0131ras\u0131nda elektrik kablosu ile u\u011fra\u015fmadan rahat bir \u015fekilde \u00e7al\u0131\u015ft\u0131r\u0131labilir. Kompakt tasar\u0131m\u0131 sayesinde mutfakta fazla yer kaplamaz ve kolayca saklanabilir.450 ml kapasiteye sahip do\u011fray\u0131c\u0131 haznesi sayesinde so\u011fan, sar\u0131msak, biber, domates ve benzeri sebzeleri k\u0131sa&#8230;<\/p>\n","protected":false},"featured_media":126965,"comment_status":"open","ping_status":"closed","template":"","meta":{"_kad_post_transparent":"","_kad_post_title":"","_kad_post_layout":"","_kad_post_sidebar_id":"","_kad_post_content_style":"","_kad_post_vertical_padding":"","_kad_post_feature":"","_kad_post_feature_position":"","_kad_post_header":false,"_kad_post_footer":false,"_kad_post_classname":""},"product_brand":[],"product_cat":[15068],"product_tag":[],"class_list":{"0":"post-126966","1":"product","2":"type-product","3":"status-publish","4":"has-post-thumbnail","6":"product_cat-pratik-mutfak-gerecleri-pratik-mutfak-gerecleri-2","8":"first","9":"instock","10":"purchasable","11":"product-type-simple","12":"entry","13":"content-bg","14":"loop-entry"},"_links":{"self":[{"href":"https:\/\/www.hediyepazar.com\/index.php?rest_route=\/wp\/v2\/product\/126966","targetHints":{"allow":["GET"]}}],"collection":[{"href":"https:\/\/www.hediyepazar.com\/index.php?rest_route=\/wp\/v2\/product"}],"about":[{"href":"https:\/\/www.hediyepazar.com\/index.php?rest_route=\/wp\/v2\/types\/product"}],"replies":[{"embeddable":true,"href":"https:\/\/www.hediyepazar.com\/index.php?rest_route=%2Fwp%2Fv2%2Fcomments&post=126966"}],"wp:featuredmedia":[{"embeddable":true,"href":"https:\/\/www.hediyepazar.com\/index.php?rest_route=\/wp\/v2\/media\/126965"}],"wp:attachment":[{"href":"https:\/\/www.hediyepazar.com\/index.php?rest_route=%2Fwp%2Fv2%2Fmedia&parent=126966"}],"wp:term":[{"taxonomy":"product_brand","embeddable":true,"href":"https:\/\/www.hediyepazar.com\/index.php?rest_route=%2Fwp%2Fv2%2Fproduct_brand&post=126966"},{"taxonomy":"product_cat","embeddable":true,"href":"https:\/\/www.hediyepazar.com\/index.php?rest_route=%2Fwp%2Fv2%2Fproduct_cat&post=126966"},{"taxonomy":"product_tag","embeddable":true,"href":"https:\/\/www.hediyepazar.com\/index.php?rest_route=%2Fwp%2Fv2%2Fproduct_tag&post=126966"}],"curies":[{"name":"wp","href":"https:\/\/api.w.org\/{rel}","templated":true}]}}