{"id":126978,"date":"2026-05-06T21:35:01","date_gmt":"2026-05-07T00:35:01","guid":{"rendered":"https:\/\/www.hediyepazar.com\/?product=led-isikli-oyuncak-drone-fighter-jet-tasarimli-uzaktan-kumandali-ucak"},"modified":"2026-05-06T21:35:01","modified_gmt":"2026-05-07T00:35:01","slug":"led-isikli-oyuncak-drone-fighter-jet-tasarimli-uzaktan-kumandali-ucak","status":"publish","type":"product","link":"https:\/\/www.hediyepazar.com\/?product=led-isikli-oyuncak-drone-fighter-jet-tasarimli-uzaktan-kumandali-ucak","title":{"rendered":"LED I\u015f\u0131kl\u0131 Oyuncak Drone Fighter Jet Tasar\u0131ml\u0131 Uzaktan Kumandal\u0131 U\u00e7ak"},"content":{"rendered":"<p>LED \u0131\u015f\u0131kl\u0131 uzaktan kumandal\u0131 drone u\u00e7ak, e\u011flenceli ve teknolojik bir oyuncak deneyimi sunan modern tasar\u0131ml\u0131 bir modeldir. Fighter jet \u015feklinde tasarlanm\u0131\u015f olan bu drone, aerodinamik yap\u0131s\u0131 sayesinde havada dengeli bir u\u00e7u\u015f performans\u0131 sunar.Drone \u00fczerinde bulunan g\u00fc\u00e7l\u00fc pervaneler stabil u\u00e7u\u015f sa\u011flarken, hafif g\u00f6vde yap\u0131s\u0131 drone\u2019un kolay \u015fekilde hareket etmesine yard\u0131mc\u0131 olur. Bu sayede kullan\u0131c\u0131lar drone\u2019u rahatl\u0131kla kontrol edebilir ve e\u011flenceli u\u00e7u\u015f deneyimleri ya\u015fayabilir.\u00dcr\u00fcnde bulunan LED \u0131\u015f\u0131k sistemi drone u\u00e7u\u015funu g\u00f6rsel olarak daha e\u011flenceli hale getirir. Renkli LED \u0131\u015f\u0131klar drone\u2019un havada daha dikkat \u00e7ekici g\u00f6r\u00fcnmesini sa\u011flar. \u00d6zellikle ak\u015fam saatlerinde yap\u0131lan u\u00e7u\u015flarda drone\u2019un \u0131\u015f\u0131klar\u0131 olduk\u00e7a etkileyici bir g\u00f6r\u00fcnt\u00fc olu\u015fturur.Uzaktan kumanda sistemi sayesinde drone kontrol\u00fc olduk\u00e7a kolayd\u0131r. Kumanda \u00fczerinden ileri, geri, sa\u011fa ve sola hareket ettirme i\u015flemleri yap\u0131labilir. Ayr\u0131ca drone\u2019un sahip oldu\u011fu akrobatik u\u00e7u\u015f \u00f6zelli\u011fi sayesinde havada 360 derece d\u00f6n\u00fc\u015f hareketleri ger\u00e7ekle\u015ftirilebilir.Dayan\u0131kl\u0131 g\u00f6vde yap\u0131s\u0131 sayesinde drone k\u00fc\u00e7\u00fck darbelere kar\u015f\u0131 daha dayan\u0131kl\u0131 bir kullan\u0131m sunar. Bu \u00f6zellik \u00f6zellikle \u00e7ocuk kullan\u0131c\u0131lar i\u00e7in g\u00fcvenli kullan\u0131m avantaj\u0131 sa\u011flar.Drone oyuncak, e\u011flenceli vakit ge\u00e7irmek isteyen kullan\u0131c\u0131lar i\u00e7in olduk\u00e7a ideal bir se\u00e7enektir. Park, bah\u00e7e veya a\u00e7\u0131k alanlarda rahatl\u0131kla kullan\u0131labilir ve kullan\u0131c\u0131ya keyifli bir u\u00e7u\u015f deneyimi sunar.<\/p>\n","protected":false},"excerpt":{"rendered":"<p>LED \u0131\u015f\u0131kl\u0131 uzaktan kumandal\u0131 drone u\u00e7ak, e\u011flenceli ve teknolojik bir oyuncak deneyimi sunan modern tasar\u0131ml\u0131 bir modeldir. Fighter jet \u015feklinde tasarlanm\u0131\u015f olan bu drone, aerodinamik yap\u0131s\u0131 sayesinde havada dengeli bir u\u00e7u\u015f performans\u0131 sunar.Drone \u00fczerinde bulunan g\u00fc\u00e7l\u00fc pervaneler stabil u\u00e7u\u015f sa\u011flarken, hafif g\u00f6vde yap\u0131s\u0131 drone\u2019un kolay \u015fekilde hareket etmesine yard\u0131mc\u0131 olur. Bu sayede kullan\u0131c\u0131lar drone\u2019u rahatl\u0131kla&#8230;<\/p>\n","protected":false},"featured_media":126977,"comment_status":"open","ping_status":"closed","template":"","meta":{"_kad_post_transparent":"","_kad_post_title":"","_kad_post_layout":"","_kad_post_sidebar_id":"","_kad_post_content_style":"","_kad_post_vertical_padding":"","_kad_post_feature":"","_kad_post_feature_position":"","_kad_post_header":false,"_kad_post_footer":false,"_kad_post_classname":""},"product_brand":[],"product_cat":[15086],"product_tag":[],"class_list":{"0":"post-126978","1":"product","2":"type-product","3":"status-publish","4":"has-post-thumbnail","6":"product_cat-drone-drone","8":"first","9":"instock","10":"purchasable","11":"product-type-simple","12":"entry","13":"content-bg","14":"loop-entry"},"_links":{"self":[{"href":"https:\/\/www.hediyepazar.com\/index.php?rest_route=\/wp\/v2\/product\/126978","targetHints":{"allow":["GET"]}}],"collection":[{"href":"https:\/\/www.hediyepazar.com\/index.php?rest_route=\/wp\/v2\/product"}],"about":[{"href":"https:\/\/www.hediyepazar.com\/index.php?rest_route=\/wp\/v2\/types\/product"}],"replies":[{"embeddable":true,"href":"https:\/\/www.hediyepazar.com\/index.php?rest_route=%2Fwp%2Fv2%2Fcomments&post=126978"}],"wp:featuredmedia":[{"embeddable":true,"href":"https:\/\/www.hediyepazar.com\/index.php?rest_route=\/wp\/v2\/media\/126977"}],"wp:attachment":[{"href":"https:\/\/www.hediyepazar.com\/index.php?rest_route=%2Fwp%2Fv2%2Fmedia&parent=126978"}],"wp:term":[{"taxonomy":"product_brand","embeddable":true,"href":"https:\/\/www.hediyepazar.com\/index.php?rest_route=%2Fwp%2Fv2%2Fproduct_brand&post=126978"},{"taxonomy":"product_cat","embeddable":true,"href":"https:\/\/www.hediyepazar.com\/index.php?rest_route=%2Fwp%2Fv2%2Fproduct_cat&post=126978"},{"taxonomy":"product_tag","embeddable":true,"href":"https:\/\/www.hediyepazar.com\/index.php?rest_route=%2Fwp%2Fv2%2Fproduct_tag&post=126978"}],"curies":[{"name":"wp","href":"https:\/\/api.w.org\/{rel}","templated":true}]}}