{"id":127060,"date":"2026-05-06T21:49:23","date_gmt":"2026-05-07T00:49:23","guid":{"rendered":"https:\/\/www.hediyepazar.com\/?product=yuksek-guclu-yesil-lazer-pointer-5000mw-sarjli"},"modified":"2026-05-06T21:49:23","modified_gmt":"2026-05-07T00:49:23","slug":"yuksek-guclu-yesil-lazer-pointer-5000mw-sarjli","status":"publish","type":"product","link":"https:\/\/www.hediyepazar.com\/?product=yuksek-guclu-yesil-lazer-pointer-5000mw-sarjli","title":{"rendered":"Y\u00fcksek G\u00fc\u00e7l\u00fc Ye\u015fil Lazer Pointer 5000mW \u015earjl\u0131"},"content":{"rendered":"<p>Profesyonel kullan\u0131m i\u00e7in \u00fcretilmi\u015f bu 5000mW ye\u015fil lazer y\u00fcksek yak\u0131c\u0131 ve tahrip g\u00fcc\u00fcne sahip g\u00fc\u00e7l\u00fc bir lazer cihaz\u0131d\u0131r. Ye\u015fil lazer teknolojisi sayesinde nokta \u0131\u015f\u0131k, \u00e7ok uzun mesafelerden net bir \u015fekilde g\u00f6r\u00fclebilir.Avc\u0131l\u0131k faaliyetlerinde hedef i\u015faretleme, bal\u0131k\u00e7\u0131l\u0131kta su i\u00e7erisinde hareketli \u0131\u015f\u0131kla baz\u0131 bal\u0131k t\u00fcrlerini y\u00f6nlendirme ve acil durumlarda konum bildirme amac\u0131yla kullan\u0131labilir. Arama kurtarma \u00e7al\u0131\u015fmalar\u0131nda, kaybolma durumlar\u0131nda dikkat \u00e7ekici bir sinyal arac\u0131 olarak tercih edilir.\u015earj edilebilir 680mAh dahili pili sayesinde s\u00fcrekli pil de\u011fi\u015fimine gerek kalmadan pratik kullan\u0131m sunar. Sa\u011flam g\u00f6vde yap\u0131s\u0131 ile d\u0131\u015f ortam \u015fartlar\u0131na kar\u015f\u0131 dayan\u0131kl\u0131d\u0131r. \u00d6nemli:Bu \u00fcr\u00fcn kesinlikle oyuncak de\u011fildir. Lazer \u0131\u015f\u0131n\u0131 canl\u0131lar\u0131n g\u00f6z\u00fcne veya v\u00fccuduna tutulmamal\u0131d\u0131r. Bilin\u00e7siz kullan\u0131m ciddi sa\u011fl\u0131k riskleri olu\u015fturur.<\/p>\n","protected":false},"excerpt":{"rendered":"<p>Profesyonel kullan\u0131m i\u00e7in \u00fcretilmi\u015f bu 5000mW ye\u015fil lazer y\u00fcksek yak\u0131c\u0131 ve tahrip g\u00fcc\u00fcne sahip g\u00fc\u00e7l\u00fc bir lazer cihaz\u0131d\u0131r. Ye\u015fil lazer teknolojisi sayesinde nokta \u0131\u015f\u0131k, \u00e7ok uzun mesafelerden net bir \u015fekilde g\u00f6r\u00fclebilir.Avc\u0131l\u0131k faaliyetlerinde hedef i\u015faretleme, bal\u0131k\u00e7\u0131l\u0131kta su i\u00e7erisinde hareketli \u0131\u015f\u0131kla baz\u0131 bal\u0131k t\u00fcrlerini y\u00f6nlendirme ve acil durumlarda konum bildirme amac\u0131yla kullan\u0131labilir. Arama kurtarma \u00e7al\u0131\u015fmalar\u0131nda, kaybolma durumlar\u0131nda&#8230;<\/p>\n","protected":false},"featured_media":127059,"comment_status":"open","ping_status":"closed","template":"","meta":{"_kad_post_transparent":"","_kad_post_title":"","_kad_post_layout":"","_kad_post_sidebar_id":"","_kad_post_content_style":"","_kad_post_vertical_padding":"","_kad_post_feature":"","_kad_post_feature_position":"","_kad_post_header":false,"_kad_post_footer":false,"_kad_post_classname":""},"product_brand":[],"product_cat":[14933],"product_tag":[],"class_list":{"0":"post-127060","1":"product","2":"type-product","3":"status-publish","4":"has-post-thumbnail","6":"product_cat-led-isik-led-isik","8":"first","9":"instock","10":"purchasable","11":"product-type-simple","12":"entry","13":"content-bg","14":"loop-entry"},"_links":{"self":[{"href":"https:\/\/www.hediyepazar.com\/index.php?rest_route=\/wp\/v2\/product\/127060","targetHints":{"allow":["GET"]}}],"collection":[{"href":"https:\/\/www.hediyepazar.com\/index.php?rest_route=\/wp\/v2\/product"}],"about":[{"href":"https:\/\/www.hediyepazar.com\/index.php?rest_route=\/wp\/v2\/types\/product"}],"replies":[{"embeddable":true,"href":"https:\/\/www.hediyepazar.com\/index.php?rest_route=%2Fwp%2Fv2%2Fcomments&post=127060"}],"wp:featuredmedia":[{"embeddable":true,"href":"https:\/\/www.hediyepazar.com\/index.php?rest_route=\/wp\/v2\/media\/127059"}],"wp:attachment":[{"href":"https:\/\/www.hediyepazar.com\/index.php?rest_route=%2Fwp%2Fv2%2Fmedia&parent=127060"}],"wp:term":[{"taxonomy":"product_brand","embeddable":true,"href":"https:\/\/www.hediyepazar.com\/index.php?rest_route=%2Fwp%2Fv2%2Fproduct_brand&post=127060"},{"taxonomy":"product_cat","embeddable":true,"href":"https:\/\/www.hediyepazar.com\/index.php?rest_route=%2Fwp%2Fv2%2Fproduct_cat&post=127060"},{"taxonomy":"product_tag","embeddable":true,"href":"https:\/\/www.hediyepazar.com\/index.php?rest_route=%2Fwp%2Fv2%2Fproduct_tag&post=127060"}],"curies":[{"name":"wp","href":"https:\/\/api.w.org\/{rel}","templated":true}]}}