{"id":127066,"date":"2026-05-06T21:50:17","date_gmt":"2026-05-07T00:50:17","guid":{"rendered":"https:\/\/www.hediyepazar.com\/?product=motosiklet-ve-bisiklet-icin-6mm-pinli-alarmli-disk-kilidi-2"},"modified":"2026-05-06T21:50:17","modified_gmt":"2026-05-07T00:50:17","slug":"motosiklet-ve-bisiklet-icin-6mm-pinli-alarmli-disk-kilidi-2","status":"publish","type":"product","link":"https:\/\/www.hediyepazar.com\/?product=motosiklet-ve-bisiklet-icin-6mm-pinli-alarmli-disk-kilidi-2","title":{"rendered":"Motosiklet ve Bisiklet \u0130\u00e7in 6mm Pinli Alarml\u0131 Disk Kilidi"},"content":{"rendered":"<p>Motosiklet, bisiklet ve elektrikli scooter sahipleri i\u00e7in tasarlanan \u00c7ift Modlu Alarml\u0131 Disk Kilidi, y\u00fcksek g\u00fcvenlik sa\u011flamak amac\u0131yla geli\u015ftirilmi\u015ftir. Cihaz, alarml\u0131 ve alarms\u0131z olmak \u00fczere iki farkl\u0131 kullan\u0131m moduna sahiptir. Kilit k\u0131sm\u0131n\u0131 hafif\u00e7e a\u015fa\u011f\u0131 bast\u0131r\u0131p ON-OFF y\u00f6n\u00fcne \u00e7evirerek kolayca mod de\u011fi\u015ftirebilirsiniz. Bu sayede hem sessiz g\u00fcvenlik hem de y\u00fcksek sesli cayd\u0131r\u0131c\u0131l\u0131k ihtiyac\u0131n\u0131za g\u00f6re kullan\u0131m sa\u011flar.110dB y\u00fcksek sesli alarm, h\u0131rs\u0131zl\u0131k giri\u015fimlerini an\u0131nda fark ettirir ve g\u00fc\u00e7l\u00fc ses seviyesiyle \u00e7evredeki insanlar\u0131n dikkatini \u00e7eker. 6 mm pin kal\u0131nl\u0131\u011f\u0131 sayesinde bir\u00e7ok motosiklet, bisiklet ve scooter modeline uyumlu olan kilit, dayan\u0131kl\u0131 \u00e7elik g\u00f6vde ile \u00fcretilmi\u015ftir. Suya dayan\u0131kl\u0131 tasar\u0131m\u0131 sayesinde ya\u011fmurlu ve zorlu hava ko\u015fullar\u0131nda dahi performans\u0131n\u0131 korur.Kompakt yap\u0131s\u0131 ve pratik kullan\u0131m\u0131yla, kilitleme ve a\u00e7ma i\u015flemlerini saniyeler i\u00e7inde ger\u00e7ekle\u015ftirebilirsiniz. Yan\u0131nda gelen spiral hat\u0131rlatma kablosu sayesinde s\u00fcr\u00fc\u015f \u00f6ncesi kilidi unutmaman\u0131z sa\u011flan\u0131r.Paket \u0130\u00e7eri\u011fi: \t1 adet alarml\u0131 disk kilidi \t2 adet anahtar \tSpiral hat\u0131rlatma kablosuG\u00fcvenlik seviyenizi art\u0131rmak, h\u0131rs\u0131zl\u0131k riskini minimuma indirmek ve arac\u0131n\u0131z\u0131 korumak i\u00e7in bu alarml\u0131 disk kilidi, hem \u015fehir i\u00e7inde hem de uzun park durumlar\u0131nda ideal \u00e7\u00f6z\u00fcmd\u00fcr.<\/p>\n","protected":false},"excerpt":{"rendered":"<p>Motosiklet, bisiklet ve elektrikli scooter sahipleri i\u00e7in tasarlanan \u00c7ift Modlu Alarml\u0131 Disk Kilidi, y\u00fcksek g\u00fcvenlik sa\u011flamak amac\u0131yla geli\u015ftirilmi\u015ftir. Cihaz, alarml\u0131 ve alarms\u0131z olmak \u00fczere iki farkl\u0131 kullan\u0131m moduna sahiptir. Kilit k\u0131sm\u0131n\u0131 hafif\u00e7e a\u015fa\u011f\u0131 bast\u0131r\u0131p ON-OFF y\u00f6n\u00fcne \u00e7evirerek kolayca mod de\u011fi\u015ftirebilirsiniz. Bu sayede hem sessiz g\u00fcvenlik hem de y\u00fcksek sesli cayd\u0131r\u0131c\u0131l\u0131k ihtiyac\u0131n\u0131za g\u00f6re kullan\u0131m sa\u011flar.110dB y\u00fcksek&#8230;<\/p>\n","protected":false},"featured_media":127065,"comment_status":"open","ping_status":"closed","template":"","meta":{"_kad_post_transparent":"","_kad_post_title":"","_kad_post_layout":"","_kad_post_sidebar_id":"","_kad_post_content_style":"","_kad_post_vertical_padding":"","_kad_post_feature":"","_kad_post_feature_position":"","_kad_post_header":false,"_kad_post_footer":false,"_kad_post_classname":""},"product_brand":[],"product_cat":[14985],"product_tag":[],"class_list":{"0":"post-127066","1":"product","2":"type-product","3":"status-publish","4":"has-post-thumbnail","6":"product_cat-akilli-guvenlik-urunu-akilli-guvenlik-urunu","8":"first","9":"instock","10":"purchasable","11":"product-type-simple","12":"entry","13":"content-bg","14":"loop-entry"},"_links":{"self":[{"href":"https:\/\/www.hediyepazar.com\/index.php?rest_route=\/wp\/v2\/product\/127066","targetHints":{"allow":["GET"]}}],"collection":[{"href":"https:\/\/www.hediyepazar.com\/index.php?rest_route=\/wp\/v2\/product"}],"about":[{"href":"https:\/\/www.hediyepazar.com\/index.php?rest_route=\/wp\/v2\/types\/product"}],"replies":[{"embeddable":true,"href":"https:\/\/www.hediyepazar.com\/index.php?rest_route=%2Fwp%2Fv2%2Fcomments&post=127066"}],"wp:featuredmedia":[{"embeddable":true,"href":"https:\/\/www.hediyepazar.com\/index.php?rest_route=\/wp\/v2\/media\/127065"}],"wp:attachment":[{"href":"https:\/\/www.hediyepazar.com\/index.php?rest_route=%2Fwp%2Fv2%2Fmedia&parent=127066"}],"wp:term":[{"taxonomy":"product_brand","embeddable":true,"href":"https:\/\/www.hediyepazar.com\/index.php?rest_route=%2Fwp%2Fv2%2Fproduct_brand&post=127066"},{"taxonomy":"product_cat","embeddable":true,"href":"https:\/\/www.hediyepazar.com\/index.php?rest_route=%2Fwp%2Fv2%2Fproduct_cat&post=127066"},{"taxonomy":"product_tag","embeddable":true,"href":"https:\/\/www.hediyepazar.com\/index.php?rest_route=%2Fwp%2Fv2%2Fproduct_tag&post=127066"}],"curies":[{"name":"wp","href":"https:\/\/api.w.org\/{rel}","templated":true}]}}