{"id":127072,"date":"2026-05-06T21:50:59","date_gmt":"2026-05-07T00:50:59","guid":{"rendered":"https:\/\/www.hediyepazar.com\/?product=4-baslikli-masaj-tabancasi"},"modified":"2026-05-06T21:50:59","modified_gmt":"2026-05-07T00:50:59","slug":"4-baslikli-masaj-tabancasi","status":"publish","type":"product","link":"https:\/\/www.hediyepazar.com\/?product=4-baslikli-masaj-tabancasi","title":{"rendered":"4 Ba\u015fl\u0131kl\u0131 Masaj Tabancas\u0131"},"content":{"rendered":"<p>4 Ba\u015fl\u0131kl\u0131 Masaj Tabancas\u0131Y\u00fcksek y\u00fcz de\u011feri idol, kal\u0131n renk, i\u00e7e d\u00f6n\u00fck ve fantezi de\u011fil, anlay\u0131\u015f\u0131n\u0131z\u0131 de\u011fi\u015ftirmek i\u00e7in g\u00f6rsel atalet k\u0131rmak, g\u00fc\u00e7l\u00fc masaj, samimi bak\u0131m vermek, yorgunlu\u011fu serbest b\u0131rakmak, fitness efektinizin daha \u00f6nemli olmas\u0131na izin verin.Profesyonel masaj, standart kullan\u0131m, y\u00fcksek frekansl\u0131 titre\u015fim, tam v\u00fccut masaj\u0131, derin kas masaj\u0131, \u00e7ok pozisyonlu vites ayar\u0131, kas sertli\u011fini azaltmak, a\u011fr\u0131y\u0131 gidermek, anti-Ter ve kaymaz, 4 masaj ba\u015fl\u0131\u011f\u0131, \u00e7ok frekansl\u0131 titre\u015fim tasar\u0131m\u0131, v\u00fccudun \u00e7e\u015fitli kas gev\u015feme ihtiya\u00e7lar\u0131n\u0131 kar\u015f\u0131lamak i\u00e7in h\u0131zla gen\u00e7le\u015fmesine izin verin.K\u0131sa devre g\u00fcvenlik korumas\u0131, elektromanyetik d\u00fc\u015f\u00fck voltaj korumas\u0131, bas\u0131n\u00e7 alg\u0131lama geri besleme korumas\u0131, a\u015f\u0131r\u0131 y\u00fck kapatma korumas\u0131, vb.D\u00fc\u015f\u00fck g\u00fcr\u00fclt\u00fc sessiz: F\u0131r\u00e7as\u0131z sessiz motor, g\u00fc\u00e7l\u00fc ve d\u00fc\u015f\u00fck g\u00fcr\u00fclt\u00fc, y\u00fcksek kaliteli motor kullanarak, masaj i\u00e7in s\u00fcrekli g\u00fc\u00e7 sa\u011flamak i\u00e7in on binlerce kez, d\u00fc\u015f\u00fck g\u00fcr\u00fclt\u00fc tasar\u0131m\u0131, g\u00fcr\u00fclt\u00fc azaltma i\u015flemi, 45db fasya tabancas\u0131, 65db normal konu\u015fma, 90ad alarm \u00e7al\u0131yor, insanlar\u0131 rahats\u0131z etmeyi reddediyor.Ayr\u0131labilir masaj kafa, \u00e7abuk takas masaj kafa yap\u0131s\u0131, yayg\u0131n olarak kullan\u0131lan presleme y\u00f6ntemi yerine kolay, derin kas fasya fizyoterapi enstr\u00fcman, yeni titre\u015fim siyah teknolojisi, kas sertli\u011fi ve a\u011fr\u0131y\u0131 azaltmak, al ak\u0131ll\u0131 kontrol \u00e7ipi, insanla\u015fm\u0131\u015f ak\u0131ll\u0131 interaktif deneyim, dahili bas\u0131n\u00e7 geri bildirim sistemi, motor \u00e7\u0131k\u0131\u015f g\u00fcc\u00fcn\u00fc ayarlamak i\u00e7in presleme kuvvetine g\u00f6re, farkl\u0131 masaj ihtiya\u00e7lar\u0131n\u0131 kar\u015f\u0131lamak i\u00e7in daha insanc\u0131l, daha ak\u0131ll\u0131.Farkl\u0131 ihtiya\u00e7lar\u0131 kar\u015f\u0131lamak i\u00e7in 4 farkl\u0131 masaj ba\u015fl\u0131\u011f\u0131 ve 6 vitesli ayar i\u00e7erir. Kas sertli\u011fini ve a\u011fr\u0131s\u0131n\u0131 etkili bir \u015fekilde azalt\u0131n ve kan dola\u015f\u0131m\u0131n\u0131 art\u0131r\u0131n. A\u015f\u0131r\u0131 \u0131s\u0131nma korumas\u0131 ve a\u015f\u0131r\u0131 \u0131s\u0131nma korumas\u0131 gibi g\u00fcvenlik cihazlar\u0131 kullanmak g\u00fcvenlidir. Egzersiz sonras\u0131 yorgunluktan kurtarma, spor yaralanmalar\u0131ndan iyile\u015fme, iyile\u015fme s\u0131ras\u0131nda inflamatuar yan\u0131t\u0131n azalmas\u0131 i\u00e7in uygun<\/p>\n","protected":false},"excerpt":{"rendered":"<p>4 Ba\u015fl\u0131kl\u0131 Masaj Tabancas\u0131Y\u00fcksek y\u00fcz de\u011feri idol, kal\u0131n renk, i\u00e7e d\u00f6n\u00fck ve fantezi de\u011fil, anlay\u0131\u015f\u0131n\u0131z\u0131 de\u011fi\u015ftirmek i\u00e7in g\u00f6rsel atalet k\u0131rmak, g\u00fc\u00e7l\u00fc masaj, samimi bak\u0131m vermek, yorgunlu\u011fu serbest b\u0131rakmak, fitness efektinizin daha \u00f6nemli olmas\u0131na izin verin.Profesyonel masaj, standart kullan\u0131m, y\u00fcksek frekansl\u0131 titre\u015fim, tam v\u00fccut masaj\u0131, derin kas masaj\u0131, \u00e7ok pozisyonlu vites ayar\u0131, kas sertli\u011fini azaltmak, a\u011fr\u0131y\u0131&#8230;<\/p>\n","protected":false},"featured_media":127071,"comment_status":"open","ping_status":"closed","template":"","meta":{"_kad_post_transparent":"","_kad_post_title":"","_kad_post_layout":"","_kad_post_sidebar_id":"","_kad_post_content_style":"","_kad_post_vertical_padding":"","_kad_post_feature":"","_kad_post_feature_position":"","_kad_post_header":false,"_kad_post_footer":false,"_kad_post_classname":""},"product_brand":[],"product_cat":[14939],"product_tag":[],"class_list":{"0":"post-127072","1":"product","2":"type-product","3":"status-publish","4":"has-post-thumbnail","6":"product_cat-masaj-cihazi-masaj-cihazi","8":"first","9":"instock","10":"purchasable","11":"product-type-simple","12":"entry","13":"content-bg","14":"loop-entry"},"_links":{"self":[{"href":"https:\/\/www.hediyepazar.com\/index.php?rest_route=\/wp\/v2\/product\/127072","targetHints":{"allow":["GET"]}}],"collection":[{"href":"https:\/\/www.hediyepazar.com\/index.php?rest_route=\/wp\/v2\/product"}],"about":[{"href":"https:\/\/www.hediyepazar.com\/index.php?rest_route=\/wp\/v2\/types\/product"}],"replies":[{"embeddable":true,"href":"https:\/\/www.hediyepazar.com\/index.php?rest_route=%2Fwp%2Fv2%2Fcomments&post=127072"}],"wp:featuredmedia":[{"embeddable":true,"href":"https:\/\/www.hediyepazar.com\/index.php?rest_route=\/wp\/v2\/media\/127071"}],"wp:attachment":[{"href":"https:\/\/www.hediyepazar.com\/index.php?rest_route=%2Fwp%2Fv2%2Fmedia&parent=127072"}],"wp:term":[{"taxonomy":"product_brand","embeddable":true,"href":"https:\/\/www.hediyepazar.com\/index.php?rest_route=%2Fwp%2Fv2%2Fproduct_brand&post=127072"},{"taxonomy":"product_cat","embeddable":true,"href":"https:\/\/www.hediyepazar.com\/index.php?rest_route=%2Fwp%2Fv2%2Fproduct_cat&post=127072"},{"taxonomy":"product_tag","embeddable":true,"href":"https:\/\/www.hediyepazar.com\/index.php?rest_route=%2Fwp%2Fv2%2Fproduct_tag&post=127072"}],"curies":[{"name":"wp","href":"https:\/\/api.w.org\/{rel}","templated":true}]}}