{"id":127078,"date":"2026-05-06T21:51:14","date_gmt":"2026-05-07T00:51:14","guid":{"rendered":"https:\/\/www.hediyepazar.com\/?product=erkeklere-ozel-hediyelik-esya-metalik-benzinli-cakmak-doldurulabilir-2"},"modified":"2026-05-06T21:51:14","modified_gmt":"2026-05-07T00:51:14","slug":"erkeklere-ozel-hediyelik-esya-metalik-benzinli-cakmak-doldurulabilir-2","status":"publish","type":"product","link":"https:\/\/www.hediyepazar.com\/?product=erkeklere-ozel-hediyelik-esya-metalik-benzinli-cakmak-doldurulabilir-2","title":{"rendered":"Erkeklere \u00d6zel Hediyelik E\u015fya Metalik Benzinli \u00c7akmak Doldurulabilir"},"content":{"rendered":"<p>Modern tasar\u0131m\u0131yla \u00f6ne \u00e7\u0131kan bu metal \u00e7akmak, g\u00fc\u00e7l\u00fc yap\u0131s\u0131 ve sade \u015f\u0131kl\u0131\u011f\u0131yla her ortamda dikkat \u00e7eken bir aksesuard\u0131r. Parlak ve p\u00fcr\u00fczs\u00fcz y\u00fczeyi, yal\u0131n \u00e7izgileriyle birle\u015ferek hem klasik hem de \u00e7a\u011fda\u015f tarzlara uyum sa\u011flayan zarif bir duru\u015f sunar. Elinize ald\u0131\u011f\u0131n\u0131zda a\u011f\u0131rl\u0131\u011f\u0131 ve dengesiyle kalite hissini an\u0131nda fark ettirir.G\u00fcnl\u00fck kullan\u0131mda dayan\u0131kl\u0131l\u0131\u011f\u0131yla \u00f6ne \u00e7\u0131kan bu \u00e7akmak, ayn\u0131 zamanda hediye edilebilecek \u00f6zel bir par\u00e7ad\u0131r. Kompakt yap\u0131s\u0131 sayesinde cebinizde, \u00e7antan\u0131zda veya masa ba\u015f\u0131nda rahatl\u0131kla ta\u015f\u0131yabilir, ihtiya\u00e7 duydu\u011funuz her an pratik bir \u015fekilde kullanabilirsiniz. Ate\u015fleme mekanizmas\u0131 kullan\u0131c\u0131 dostudur ve g\u00fcvenli kullan\u0131m sa\u011flar.\u00dcr\u00fcn, g\u00fcvenlik gerek\u00e7esiyle benzinsiz olarak g\u00f6nderilmektedir. Bu da ilk dolumu sizin yapman\u0131z anlam\u0131na gelir; \u00e7akma\u011f\u0131n\u0131za ki\u015fisel bir ba\u015flang\u0131\u00e7 yapma f\u0131rsat\u0131 verir. Bu detay, \u00e7akma\u011f\u0131n\u0131z\u0131 sadece i\u015flevsel de\u011fil, ayn\u0131 zamanda size \u00f6zel bir par\u00e7a haline getirir.Sadelikten g\u00fc\u00e7 alan bu \u00e7akmak, her an\u0131n\u0131zda tarz\u0131n\u0131z\u0131 yans\u0131tan ve karakterinizi tamamlayan \u00f6zel bir e\u015fya olarak yan\u0131n\u0131zda yer alacak.&nbsp;&nbsp;&nbsp;&nbsp;<\/p>\n","protected":false},"excerpt":{"rendered":"<p>Modern tasar\u0131m\u0131yla \u00f6ne \u00e7\u0131kan bu metal \u00e7akmak, g\u00fc\u00e7l\u00fc yap\u0131s\u0131 ve sade \u015f\u0131kl\u0131\u011f\u0131yla her ortamda dikkat \u00e7eken bir aksesuard\u0131r. Parlak ve p\u00fcr\u00fczs\u00fcz y\u00fczeyi, yal\u0131n \u00e7izgileriyle birle\u015ferek hem klasik hem de \u00e7a\u011fda\u015f tarzlara uyum sa\u011flayan zarif bir duru\u015f sunar. Elinize ald\u0131\u011f\u0131n\u0131zda a\u011f\u0131rl\u0131\u011f\u0131 ve dengesiyle kalite hissini an\u0131nda fark ettirir.G\u00fcnl\u00fck kullan\u0131mda dayan\u0131kl\u0131l\u0131\u011f\u0131yla \u00f6ne \u00e7\u0131kan bu \u00e7akmak, ayn\u0131 zamanda&#8230;<\/p>\n","protected":false},"featured_media":127077,"comment_status":"open","ping_status":"closed","template":"","meta":{"_kad_post_transparent":"","_kad_post_title":"","_kad_post_layout":"","_kad_post_sidebar_id":"","_kad_post_content_style":"","_kad_post_vertical_padding":"","_kad_post_feature":"","_kad_post_feature_position":"","_kad_post_header":false,"_kad_post_footer":false,"_kad_post_classname":""},"product_brand":[],"product_cat":[15042],"product_tag":[],"class_list":{"0":"post-127078","1":"product","2":"type-product","3":"status-publish","4":"has-post-thumbnail","6":"product_cat-benzinli-cakmak-benzinli-cakmak","8":"first","9":"instock","10":"purchasable","11":"product-type-simple","12":"entry","13":"content-bg","14":"loop-entry"},"_links":{"self":[{"href":"https:\/\/www.hediyepazar.com\/index.php?rest_route=\/wp\/v2\/product\/127078","targetHints":{"allow":["GET"]}}],"collection":[{"href":"https:\/\/www.hediyepazar.com\/index.php?rest_route=\/wp\/v2\/product"}],"about":[{"href":"https:\/\/www.hediyepazar.com\/index.php?rest_route=\/wp\/v2\/types\/product"}],"replies":[{"embeddable":true,"href":"https:\/\/www.hediyepazar.com\/index.php?rest_route=%2Fwp%2Fv2%2Fcomments&post=127078"}],"wp:featuredmedia":[{"embeddable":true,"href":"https:\/\/www.hediyepazar.com\/index.php?rest_route=\/wp\/v2\/media\/127077"}],"wp:attachment":[{"href":"https:\/\/www.hediyepazar.com\/index.php?rest_route=%2Fwp%2Fv2%2Fmedia&parent=127078"}],"wp:term":[{"taxonomy":"product_brand","embeddable":true,"href":"https:\/\/www.hediyepazar.com\/index.php?rest_route=%2Fwp%2Fv2%2Fproduct_brand&post=127078"},{"taxonomy":"product_cat","embeddable":true,"href":"https:\/\/www.hediyepazar.com\/index.php?rest_route=%2Fwp%2Fv2%2Fproduct_cat&post=127078"},{"taxonomy":"product_tag","embeddable":true,"href":"https:\/\/www.hediyepazar.com\/index.php?rest_route=%2Fwp%2Fv2%2Fproduct_tag&post=127078"}],"curies":[{"name":"wp","href":"https:\/\/api.w.org\/{rel}","templated":true}]}}