{"id":127082,"date":"2026-05-06T21:51:59","date_gmt":"2026-05-07T00:51:59","guid":{"rendered":"https:\/\/www.hediyepazar.com\/?product=cocuklara-ozel-yildizli-gece-lambasi-2"},"modified":"2026-05-06T21:51:59","modified_gmt":"2026-05-07T00:51:59","slug":"cocuklara-ozel-yildizli-gece-lambasi-2","status":"publish","type":"product","link":"https:\/\/www.hediyepazar.com\/?product=cocuklara-ozel-yildizli-gece-lambasi-2","title":{"rendered":"\u00c7ocuklara \u00d6zel Y\u0131ld\u0131zl\u0131 Gece Lambas\u0131"},"content":{"rendered":"<p>Y\u0131ld\u0131zl\u0131 G\u00f6ky\u00fcz\u00fc Projeksiyon Gece Lambas\u0131, her ya\u015ftan insan i\u00e7in muazzam bir g\u00f6rsel deneyim sunar. Mavi ve mor \u0131\u015f\u0131klarla d\u00f6nen yap\u0131s\u0131, tavan\u0131n\u0131zda inan\u0131lmaz bir y\u0131ld\u0131zlar ge\u00e7idi yarat\u0131r ve odan\u0131za hareketli gezegenler, ay ve samanyolu gibi muazzam manzaralar yans\u0131tarak adeta g\u00f6ky\u00fcz\u00fcn\u00fcn b\u00fcy\u00fcs\u00fcn\u00fc evinize ta\u015f\u0131r. \u00d6zellikle \u00e7ocuklar i\u00e7in m\u00fckemmel bir gece lambas\u0131 karanl\u0131ktan korkan \u00e7ocuklar\u0131n odas\u0131nda rahatl\u0131kla kullan\u0131labilir ve onlar\u0131n uykuya ge\u00e7i\u015fini daha huzurlu hale getirir. \u015eeffaf \u00fcst kapak sayesinde \u0131\u015f\u0131k do\u011frudan tavana yans\u0131t\u0131labilir veya farkl\u0131 bir a\u00e7\u0131yla y\u00f6nlendirilerek farkl\u0131 bir atmosfer olu\u015fturulabilir. I\u015f\u0131k seviyesini ve rengini ayarlayarak odan\u0131z\u0131n ambiyans\u0131n\u0131 istedi\u011finiz \u015fekilde \u015fekillendirebilirsiniz. Ayr\u0131ca, g\u00f6zleri rahats\u0131z etmeyen tasar\u0131m\u0131 sayesinde uzun s\u00fcreli kullan\u0131mlarda bile herhangi bir rahats\u0131zl\u0131k yaratmaz. 4 adet AAA pil ile \u00e7al\u0131\u015fan bu projeksiyon gece lambas\u0131, kolay ta\u015f\u0131nabilirlik sunar ve enerji verimlili\u011fi sa\u011flar. Y\u0131ld\u0131zlar, gezegenler ve ay\u0131n b\u00fcy\u00fcleyici \u0131\u015f\u0131klar\u0131yla odan\u0131z\u0131 ayd\u0131nlat\u0131rken, hem g\u00f6rsel bir \u015fov hem de rahatlat\u0131c\u0131 bir atmosfer yarat\u0131r.<\/p>\n","protected":false},"excerpt":{"rendered":"<p>Y\u0131ld\u0131zl\u0131 G\u00f6ky\u00fcz\u00fc Projeksiyon Gece Lambas\u0131, her ya\u015ftan insan i\u00e7in muazzam bir g\u00f6rsel deneyim sunar. Mavi ve mor \u0131\u015f\u0131klarla d\u00f6nen yap\u0131s\u0131, tavan\u0131n\u0131zda inan\u0131lmaz bir y\u0131ld\u0131zlar ge\u00e7idi yarat\u0131r ve odan\u0131za hareketli gezegenler, ay ve samanyolu gibi muazzam manzaralar yans\u0131tarak adeta g\u00f6ky\u00fcz\u00fcn\u00fcn b\u00fcy\u00fcs\u00fcn\u00fc evinize ta\u015f\u0131r. \u00d6zellikle \u00e7ocuklar i\u00e7in m\u00fckemmel bir gece lambas\u0131 karanl\u0131ktan korkan \u00e7ocuklar\u0131n odas\u0131nda rahatl\u0131kla kullan\u0131labilir&#8230;<\/p>\n","protected":false},"featured_media":127081,"comment_status":"open","ping_status":"closed","template":"","meta":{"_kad_post_transparent":"","_kad_post_title":"","_kad_post_layout":"","_kad_post_sidebar_id":"","_kad_post_content_style":"","_kad_post_vertical_padding":"","_kad_post_feature":"","_kad_post_feature_position":"","_kad_post_header":false,"_kad_post_footer":false,"_kad_post_classname":""},"product_brand":[],"product_cat":[14967],"product_tag":[],"class_list":{"0":"post-127082","1":"product","2":"type-product","3":"status-publish","4":"has-post-thumbnail","6":"product_cat-gece-lambasi-gece-lambasi","8":"first","9":"instock","10":"purchasable","11":"product-type-simple","12":"entry","13":"content-bg","14":"loop-entry"},"_links":{"self":[{"href":"https:\/\/www.hediyepazar.com\/index.php?rest_route=\/wp\/v2\/product\/127082","targetHints":{"allow":["GET"]}}],"collection":[{"href":"https:\/\/www.hediyepazar.com\/index.php?rest_route=\/wp\/v2\/product"}],"about":[{"href":"https:\/\/www.hediyepazar.com\/index.php?rest_route=\/wp\/v2\/types\/product"}],"replies":[{"embeddable":true,"href":"https:\/\/www.hediyepazar.com\/index.php?rest_route=%2Fwp%2Fv2%2Fcomments&post=127082"}],"wp:featuredmedia":[{"embeddable":true,"href":"https:\/\/www.hediyepazar.com\/index.php?rest_route=\/wp\/v2\/media\/127081"}],"wp:attachment":[{"href":"https:\/\/www.hediyepazar.com\/index.php?rest_route=%2Fwp%2Fv2%2Fmedia&parent=127082"}],"wp:term":[{"taxonomy":"product_brand","embeddable":true,"href":"https:\/\/www.hediyepazar.com\/index.php?rest_route=%2Fwp%2Fv2%2Fproduct_brand&post=127082"},{"taxonomy":"product_cat","embeddable":true,"href":"https:\/\/www.hediyepazar.com\/index.php?rest_route=%2Fwp%2Fv2%2Fproduct_cat&post=127082"},{"taxonomy":"product_tag","embeddable":true,"href":"https:\/\/www.hediyepazar.com\/index.php?rest_route=%2Fwp%2Fv2%2Fproduct_tag&post=127082"}],"curies":[{"name":"wp","href":"https:\/\/api.w.org\/{rel}","templated":true}]}}