{"id":127084,"date":"2026-05-06T21:52:04","date_gmt":"2026-05-07T00:52:04","guid":{"rendered":"https:\/\/www.hediyepazar.com\/?product=watch-8-ultra-7-kordonlu-akilli-saat-2"},"modified":"2026-05-06T21:52:04","modified_gmt":"2026-05-07T00:52:04","slug":"watch-8-ultra-7-kordonlu-akilli-saat-2","status":"publish","type":"product","link":"https:\/\/www.hediyepazar.com\/?product=watch-8-ultra-7-kordonlu-akilli-saat-2","title":{"rendered":"Watch 8 Ultra 7 Kordonlu Ak\u0131ll\u0131 Saat"},"content":{"rendered":"<p>Sesli \u00e7a\u011fr\u0131 yan\u0131tlama\/konu\u015fma Bildirimleri anl\u0131k takip etme Kilit ekran\u0131 \u00c7ift hoparl\u00f6r 2,05 Inch IPS \u00e7er\u00e7evesiz tasar\u0131m ekran Y\u00fcksek \u00e7\u00f6z\u00fcn\u00fcrl\u00fckl\u00fc duvar ka\u011f\u0131tlar\u0131 4 Farkl\u0131 UI Men\u00fcs\u00fc  \u00c7ift hoparl\u00f6r ve y\u00fcksek kalite mikrofon Sesli \u00e7a\u011fr\u0131 \u00f6zelli\u011fi Spor modlar\u0131 ve kolay eri\u015fim tu\u015fu Ayarlanabilir ekran parlakl\u0131\u011f\u0131 Kronometre Ses ve titre\u015fim y\u00fcksekli\u011fini ayarlayabilme S\u00fcrekli g\u00fcncel hava durumu Rahats\u0131z etmeyin modu Sa\u011fl\u0131k Hat\u0131rlat\u0131c\u0131lar\u0131 (Su i\u00e7me hat\u0131rlat\u0131c\u0131s\u0131, hareketsizlik hat\u0131rlat\u0131c\u0131s\u0131, ad\u0131msayar, egzersiz hat\u0131rlat\u0131c\u0131s\u0131, kitap okuma hat\u0131rlat\u0131c\u0131s\u0131, gezi hat\u0131rlat\u0131c\u0131s\u0131) Enerji tasarruf modu Art\u0131r\u0131lm\u0131\u015f g\u00fcvenlik (Parola belirleyebilme) App in app (K\u0131sa video uzaktan kumanda, v\u00fccut \u0131s\u0131s\u0131 \u00f6l\u00e7me, nefes h\u0131z\u0131 \u00f6l\u00e7me) Barometre Ad\u0131msayar (Yak\u0131lan kcal, S\u00fcre, Mesafe) Hesap Makinesi Kalp ritmi \u00f6l\u00e7me Oksijen sat\u00fcrasyonu \u00f6l\u00e7me<\/p>\n","protected":false},"excerpt":{"rendered":"<p>Sesli \u00e7a\u011fr\u0131 yan\u0131tlama\/konu\u015fma Bildirimleri anl\u0131k takip etme Kilit ekran\u0131 \u00c7ift hoparl\u00f6r 2,05 Inch IPS \u00e7er\u00e7evesiz tasar\u0131m ekran Y\u00fcksek \u00e7\u00f6z\u00fcn\u00fcrl\u00fckl\u00fc duvar ka\u011f\u0131tlar\u0131 4 Farkl\u0131 UI Men\u00fcs\u00fc \u00c7ift hoparl\u00f6r ve y\u00fcksek kalite mikrofon Sesli \u00e7a\u011fr\u0131 \u00f6zelli\u011fi Spor modlar\u0131 ve kolay eri\u015fim tu\u015fu Ayarlanabilir ekran parlakl\u0131\u011f\u0131 Kronometre Ses ve titre\u015fim y\u00fcksekli\u011fini ayarlayabilme S\u00fcrekli g\u00fcncel hava durumu Rahats\u0131z etmeyin&#8230;<\/p>\n","protected":false},"featured_media":127083,"comment_status":"open","ping_status":"closed","template":"","meta":{"_kad_post_transparent":"","_kad_post_title":"","_kad_post_layout":"","_kad_post_sidebar_id":"","_kad_post_content_style":"","_kad_post_vertical_padding":"","_kad_post_feature":"","_kad_post_feature_position":"","_kad_post_header":false,"_kad_post_footer":false,"_kad_post_classname":""},"product_brand":[],"product_cat":[14935],"product_tag":[],"class_list":{"0":"post-127084","1":"product","2":"type-product","3":"status-publish","4":"has-post-thumbnail","6":"product_cat-akilli-saatler-akilli-saatler","8":"first","9":"instock","10":"purchasable","11":"product-type-simple","12":"entry","13":"content-bg","14":"loop-entry"},"_links":{"self":[{"href":"https:\/\/www.hediyepazar.com\/index.php?rest_route=\/wp\/v2\/product\/127084","targetHints":{"allow":["GET"]}}],"collection":[{"href":"https:\/\/www.hediyepazar.com\/index.php?rest_route=\/wp\/v2\/product"}],"about":[{"href":"https:\/\/www.hediyepazar.com\/index.php?rest_route=\/wp\/v2\/types\/product"}],"replies":[{"embeddable":true,"href":"https:\/\/www.hediyepazar.com\/index.php?rest_route=%2Fwp%2Fv2%2Fcomments&post=127084"}],"wp:featuredmedia":[{"embeddable":true,"href":"https:\/\/www.hediyepazar.com\/index.php?rest_route=\/wp\/v2\/media\/127083"}],"wp:attachment":[{"href":"https:\/\/www.hediyepazar.com\/index.php?rest_route=%2Fwp%2Fv2%2Fmedia&parent=127084"}],"wp:term":[{"taxonomy":"product_brand","embeddable":true,"href":"https:\/\/www.hediyepazar.com\/index.php?rest_route=%2Fwp%2Fv2%2Fproduct_brand&post=127084"},{"taxonomy":"product_cat","embeddable":true,"href":"https:\/\/www.hediyepazar.com\/index.php?rest_route=%2Fwp%2Fv2%2Fproduct_cat&post=127084"},{"taxonomy":"product_tag","embeddable":true,"href":"https:\/\/www.hediyepazar.com\/index.php?rest_route=%2Fwp%2Fv2%2Fproduct_tag&post=127084"}],"curies":[{"name":"wp","href":"https:\/\/api.w.org\/{rel}","templated":true}]}}