{"id":127090,"date":"2026-05-06T21:52:17","date_gmt":"2026-05-07T00:52:17","guid":{"rendered":"https:\/\/www.hediyepazar.com\/?product=bildirim-ve-spor-takipli-akilli-saat-2"},"modified":"2026-05-06T21:52:17","modified_gmt":"2026-05-07T00:52:17","slug":"bildirim-ve-spor-takipli-akilli-saat-2","status":"publish","type":"product","link":"https:\/\/www.hediyepazar.com\/?product=bildirim-ve-spor-takipli-akilli-saat-2","title":{"rendered":"Bildirim ve Spor Takipli Ak\u0131ll\u0131 Saat"},"content":{"rendered":"<p>Kablosuz \u015farj destekli bu ak\u0131ll\u0131 saat, modern kullan\u0131m al\u0131\u015fkanl\u0131klar\u0131na uyum sa\u011flar. \u015earj pedi ile pratik bir \u015fekilde \u015farj edilebilir. 10 g\u00fcne kadar uzayan pil \u00f6mr\u00fc, yo\u011fun kullan\u0131mda bile avantaj sa\u011flar.3 adet de\u011fi\u015ftirilebilir kordon ile stilinizi kolayca yenileyebilirsiniz. G\u00fcnl\u00fck kullan\u0131m, spor aktiviteleri ve \u00f6zel g\u00fcnler i\u00e7in tek bir saat yeterli olur. AMOLED ekran\u0131 sayesinde premium bir g\u00f6r\u00fcnt\u00fc deneyimi sunar.Fonksiyonel, \u015f\u0131k ve kullan\u0131\u015fl\u0131 bir ak\u0131ll\u0131 saat arayanlar i\u00e7in idealdir.<\/p>\n","protected":false},"excerpt":{"rendered":"<p>Kablosuz \u015farj destekli bu ak\u0131ll\u0131 saat, modern kullan\u0131m al\u0131\u015fkanl\u0131klar\u0131na uyum sa\u011flar. \u015earj pedi ile pratik bir \u015fekilde \u015farj edilebilir. 10 g\u00fcne kadar uzayan pil \u00f6mr\u00fc, yo\u011fun kullan\u0131mda bile avantaj sa\u011flar.3 adet de\u011fi\u015ftirilebilir kordon ile stilinizi kolayca yenileyebilirsiniz. G\u00fcnl\u00fck kullan\u0131m, spor aktiviteleri ve \u00f6zel g\u00fcnler i\u00e7in tek bir saat yeterli olur. AMOLED ekran\u0131 sayesinde premium bir&#8230;<\/p>\n","protected":false},"featured_media":127089,"comment_status":"open","ping_status":"closed","template":"","meta":{"_kad_post_transparent":"","_kad_post_title":"","_kad_post_layout":"","_kad_post_sidebar_id":"","_kad_post_content_style":"","_kad_post_vertical_padding":"","_kad_post_feature":"","_kad_post_feature_position":"","_kad_post_header":false,"_kad_post_footer":false,"_kad_post_classname":""},"product_brand":[],"product_cat":[14935],"product_tag":[],"class_list":{"0":"post-127090","1":"product","2":"type-product","3":"status-publish","4":"has-post-thumbnail","6":"product_cat-akilli-saatler-akilli-saatler","8":"first","9":"instock","10":"purchasable","11":"product-type-simple","12":"entry","13":"content-bg","14":"loop-entry"},"_links":{"self":[{"href":"https:\/\/www.hediyepazar.com\/index.php?rest_route=\/wp\/v2\/product\/127090","targetHints":{"allow":["GET"]}}],"collection":[{"href":"https:\/\/www.hediyepazar.com\/index.php?rest_route=\/wp\/v2\/product"}],"about":[{"href":"https:\/\/www.hediyepazar.com\/index.php?rest_route=\/wp\/v2\/types\/product"}],"replies":[{"embeddable":true,"href":"https:\/\/www.hediyepazar.com\/index.php?rest_route=%2Fwp%2Fv2%2Fcomments&post=127090"}],"wp:featuredmedia":[{"embeddable":true,"href":"https:\/\/www.hediyepazar.com\/index.php?rest_route=\/wp\/v2\/media\/127089"}],"wp:attachment":[{"href":"https:\/\/www.hediyepazar.com\/index.php?rest_route=%2Fwp%2Fv2%2Fmedia&parent=127090"}],"wp:term":[{"taxonomy":"product_brand","embeddable":true,"href":"https:\/\/www.hediyepazar.com\/index.php?rest_route=%2Fwp%2Fv2%2Fproduct_brand&post=127090"},{"taxonomy":"product_cat","embeddable":true,"href":"https:\/\/www.hediyepazar.com\/index.php?rest_route=%2Fwp%2Fv2%2Fproduct_cat&post=127090"},{"taxonomy":"product_tag","embeddable":true,"href":"https:\/\/www.hediyepazar.com\/index.php?rest_route=%2Fwp%2Fv2%2Fproduct_tag&post=127090"}],"curies":[{"name":"wp","href":"https:\/\/api.w.org\/{rel}","templated":true}]}}