{"id":127112,"date":"2026-05-06T21:55:26","date_gmt":"2026-05-07T00:55:26","guid":{"rendered":"https:\/\/www.hediyepazar.com\/?product=modern-tasarimli-3d-siyah-deniz-feneri-ev-dekor-objesi"},"modified":"2026-05-06T21:55:26","modified_gmt":"2026-05-07T00:55:26","slug":"modern-tasarimli-3d-siyah-deniz-feneri-ev-dekor-objesi","status":"publish","type":"product","link":"https:\/\/www.hediyepazar.com\/?product=modern-tasarimli-3d-siyah-deniz-feneri-ev-dekor-objesi","title":{"rendered":"Modern Tasar\u0131ml\u0131 3D Siyah Deniz Feneri Ev Dekor Objesi"},"content":{"rendered":"<p>Modern tasar\u0131m anlay\u0131\u015f\u0131 ile \u00fcretilen 3D siyah deniz feneri dekor objesi, bulundu\u011fu ortama estetik ve g\u00fc\u00e7l\u00fc bir hava katar. \u00dc\u00e7 boyutlu detaylar\u0131 sayesinde ger\u00e7ek\u00e7i bir g\u00f6r\u00fcn\u00fcm sunar ve dekorasyonun odak noktas\u0131 haline gelir.Minimalist, end\u00fcstriyel ve \u00e7a\u011fda\u015f dekorasyon stilleriyle uyumlu olan bu \u00fcr\u00fcn, \u00f6zellikle siyah ve gri tonlu alanlarda b\u00fct\u00fcnl\u00fck sa\u011flar. TV \u00fcnitesi, salon sehpas\u0131, antre veya ofis masas\u0131 \u00fczerinde rahatl\u0131kla kullan\u0131labilir.Hafif ve dayan\u0131kl\u0131 yap\u0131s\u0131 sayesinde pratik kullan\u0131m sunar. \u0130ste\u011fe ba\u011fl\u0131 olarak i\u00e7 k\u0131sm\u0131 \u0131\u015f\u0131kland\u0131r\u0131larak gece ambiyans\u0131 olu\u015fturulabilir. Ev aksesuar\u0131, masa \u00fcst\u00fc dekor \u00fcr\u00fcn\u00fc ve hediye alternatifi olarak tercih edilebilecek \u015f\u0131k bir tasar\u0131md\u0131r.<\/p>\n","protected":false},"excerpt":{"rendered":"<p>Modern tasar\u0131m anlay\u0131\u015f\u0131 ile \u00fcretilen 3D siyah deniz feneri dekor objesi, bulundu\u011fu ortama estetik ve g\u00fc\u00e7l\u00fc bir hava katar. \u00dc\u00e7 boyutlu detaylar\u0131 sayesinde ger\u00e7ek\u00e7i bir g\u00f6r\u00fcn\u00fcm sunar ve dekorasyonun odak noktas\u0131 haline gelir.Minimalist, end\u00fcstriyel ve \u00e7a\u011fda\u015f dekorasyon stilleriyle uyumlu olan bu \u00fcr\u00fcn, \u00f6zellikle siyah ve gri tonlu alanlarda b\u00fct\u00fcnl\u00fck sa\u011flar. TV \u00fcnitesi, salon sehpas\u0131, antre&#8230;<\/p>\n","protected":false},"featured_media":127111,"comment_status":"open","ping_status":"closed","template":"","meta":{"_kad_post_transparent":"","_kad_post_title":"","_kad_post_layout":"","_kad_post_sidebar_id":"","_kad_post_content_style":"","_kad_post_vertical_padding":"","_kad_post_feature":"","_kad_post_feature_position":"","_kad_post_header":false,"_kad_post_footer":false,"_kad_post_classname":""},"product_brand":[],"product_cat":[14940],"product_tag":[],"class_list":{"0":"post-127112","1":"product","2":"type-product","3":"status-publish","4":"has-post-thumbnail","6":"product_cat-dekoratif-obje-biblo-dekoratif-obje-biblo","8":"first","9":"instock","10":"purchasable","11":"product-type-simple","12":"entry","13":"content-bg","14":"loop-entry"},"_links":{"self":[{"href":"https:\/\/www.hediyepazar.com\/index.php?rest_route=\/wp\/v2\/product\/127112","targetHints":{"allow":["GET"]}}],"collection":[{"href":"https:\/\/www.hediyepazar.com\/index.php?rest_route=\/wp\/v2\/product"}],"about":[{"href":"https:\/\/www.hediyepazar.com\/index.php?rest_route=\/wp\/v2\/types\/product"}],"replies":[{"embeddable":true,"href":"https:\/\/www.hediyepazar.com\/index.php?rest_route=%2Fwp%2Fv2%2Fcomments&post=127112"}],"wp:featuredmedia":[{"embeddable":true,"href":"https:\/\/www.hediyepazar.com\/index.php?rest_route=\/wp\/v2\/media\/127111"}],"wp:attachment":[{"href":"https:\/\/www.hediyepazar.com\/index.php?rest_route=%2Fwp%2Fv2%2Fmedia&parent=127112"}],"wp:term":[{"taxonomy":"product_brand","embeddable":true,"href":"https:\/\/www.hediyepazar.com\/index.php?rest_route=%2Fwp%2Fv2%2Fproduct_brand&post=127112"},{"taxonomy":"product_cat","embeddable":true,"href":"https:\/\/www.hediyepazar.com\/index.php?rest_route=%2Fwp%2Fv2%2Fproduct_cat&post=127112"},{"taxonomy":"product_tag","embeddable":true,"href":"https:\/\/www.hediyepazar.com\/index.php?rest_route=%2Fwp%2Fv2%2Fproduct_tag&post=127112"}],"curies":[{"name":"wp","href":"https:\/\/api.w.org\/{rel}","templated":true}]}}