{"id":127122,"date":"2026-05-06T21:56:59","date_gmt":"2026-05-07T00:56:59","guid":{"rendered":"https:\/\/www.hediyepazar.com\/?product=modern-tasarimli-3d-deniz-feneri-ev-dekorasyon-urunu"},"modified":"2026-05-06T21:56:59","modified_gmt":"2026-05-07T00:56:59","slug":"modern-tasarimli-3d-deniz-feneri-ev-dekorasyon-urunu","status":"publish","type":"product","link":"https:\/\/www.hediyepazar.com\/?product=modern-tasarimli-3d-deniz-feneri-ev-dekorasyon-urunu","title":{"rendered":"Modern Tasar\u0131ml\u0131 3D Deniz Feneri Ev Dekorasyon \u00dcr\u00fcn\u00fc"},"content":{"rendered":"<p>Modern tasar\u0131m anlay\u0131\u015f\u0131yla \u00fcretilen 3D deniz feneri dekorasyon \u00fcr\u00fcn\u00fc, sade ve \u015f\u0131k yap\u0131s\u0131yla ya\u015fam alanlar\u0131na estetik bir de\u011fer katar. \u00dc\u00e7 boyutlu detaylar\u0131 ger\u00e7ek\u00e7i bir g\u00f6r\u00fcn\u00fcm sunar ve bulundu\u011fu ortamda dikkat \u00e7ekici bir obje haline gelir.Salon, yatak odas\u0131, antre ya da ofis dekorasyonunda rahatl\u0131kla kullan\u0131labilir. Beyaz renk tasar\u0131m\u0131 sayesinde farkl\u0131 mobilya ve dekorasyon stilleriyle kolayca uyum sa\u011flar.Dayan\u0131kl\u0131 ve hafif malzeme yap\u0131s\u0131 sayesinde pratik kullan\u0131m sunar. \u0130ste\u011fe ba\u011fl\u0131 olarak i\u00e7 k\u0131sm\u0131 \u0131\u015f\u0131kland\u0131r\u0131larak ambiyans \u00fcr\u00fcn\u00fc haline getirilebilir. Hem dekoratif hem de \u015f\u0131k bir aksesuar arayanlar i\u00e7in ideal bir se\u00e7imdir.<\/p>\n","protected":false},"excerpt":{"rendered":"<p>Modern tasar\u0131m anlay\u0131\u015f\u0131yla \u00fcretilen 3D deniz feneri dekorasyon \u00fcr\u00fcn\u00fc, sade ve \u015f\u0131k yap\u0131s\u0131yla ya\u015fam alanlar\u0131na estetik bir de\u011fer katar. \u00dc\u00e7 boyutlu detaylar\u0131 ger\u00e7ek\u00e7i bir g\u00f6r\u00fcn\u00fcm sunar ve bulundu\u011fu ortamda dikkat \u00e7ekici bir obje haline gelir.Salon, yatak odas\u0131, antre ya da ofis dekorasyonunda rahatl\u0131kla kullan\u0131labilir. Beyaz renk tasar\u0131m\u0131 sayesinde farkl\u0131 mobilya ve dekorasyon stilleriyle kolayca uyum&#8230;<\/p>\n","protected":false},"featured_media":127121,"comment_status":"open","ping_status":"closed","template":"","meta":{"_kad_post_transparent":"","_kad_post_title":"","_kad_post_layout":"","_kad_post_sidebar_id":"","_kad_post_content_style":"","_kad_post_vertical_padding":"","_kad_post_feature":"","_kad_post_feature_position":"","_kad_post_header":false,"_kad_post_footer":false,"_kad_post_classname":""},"product_brand":[],"product_cat":[14940],"product_tag":[],"class_list":{"0":"post-127122","1":"product","2":"type-product","3":"status-publish","4":"has-post-thumbnail","6":"product_cat-dekoratif-obje-biblo-dekoratif-obje-biblo","8":"first","9":"instock","10":"purchasable","11":"product-type-simple","12":"entry","13":"content-bg","14":"loop-entry"},"_links":{"self":[{"href":"https:\/\/www.hediyepazar.com\/index.php?rest_route=\/wp\/v2\/product\/127122","targetHints":{"allow":["GET"]}}],"collection":[{"href":"https:\/\/www.hediyepazar.com\/index.php?rest_route=\/wp\/v2\/product"}],"about":[{"href":"https:\/\/www.hediyepazar.com\/index.php?rest_route=\/wp\/v2\/types\/product"}],"replies":[{"embeddable":true,"href":"https:\/\/www.hediyepazar.com\/index.php?rest_route=%2Fwp%2Fv2%2Fcomments&post=127122"}],"wp:featuredmedia":[{"embeddable":true,"href":"https:\/\/www.hediyepazar.com\/index.php?rest_route=\/wp\/v2\/media\/127121"}],"wp:attachment":[{"href":"https:\/\/www.hediyepazar.com\/index.php?rest_route=%2Fwp%2Fv2%2Fmedia&parent=127122"}],"wp:term":[{"taxonomy":"product_brand","embeddable":true,"href":"https:\/\/www.hediyepazar.com\/index.php?rest_route=%2Fwp%2Fv2%2Fproduct_brand&post=127122"},{"taxonomy":"product_cat","embeddable":true,"href":"https:\/\/www.hediyepazar.com\/index.php?rest_route=%2Fwp%2Fv2%2Fproduct_cat&post=127122"},{"taxonomy":"product_tag","embeddable":true,"href":"https:\/\/www.hediyepazar.com\/index.php?rest_route=%2Fwp%2Fv2%2Fproduct_tag&post=127122"}],"curies":[{"name":"wp","href":"https:\/\/api.w.org\/{rel}","templated":true}]}}