{"id":127156,"date":"2026-05-06T22:02:45","date_gmt":"2026-05-07T01:02:45","guid":{"rendered":"https:\/\/www.hediyepazar.com\/?product=yildizli-gokyuzu-projeksiyon-gece-lambasi-hareketli-isik-sovu-3"},"modified":"2026-05-06T22:02:45","modified_gmt":"2026-05-07T01:02:45","slug":"yildizli-gokyuzu-projeksiyon-gece-lambasi-hareketli-isik-sovu-3","status":"publish","type":"product","link":"https:\/\/www.hediyepazar.com\/?product=yildizli-gokyuzu-projeksiyon-gece-lambasi-hareketli-isik-sovu-3","title":{"rendered":"Y\u0131ld\u0131zl\u0131 G\u00f6ky\u00fcz\u00fc Projeksiyon Gece Lambas\u0131 Hareketli I\u015f\u0131k \u015eovu"},"content":{"rendered":"<p>Y\u0131ld\u0131zl\u0131 G\u00f6ky\u00fcz\u00fc Projeksiyon Gece Lambas\u0131, evinizde adeta bir g\u00f6ky\u00fcz\u00fc yarat\u0131r. Mavi ve mor \u0131\u015f\u0131k d\u00f6ner yap\u0131s\u0131 sayesinde, odan\u0131z\u0131n tavan\u0131na y\u0131ld\u0131zlar, gezegenler ve ay\u0131n b\u00fcy\u00fcleyici g\u00f6r\u00fcnt\u00fclerini yans\u0131tarak ger\u00e7ek bir y\u0131ld\u0131zlar ge\u00e7idi atmosferi sunar. Bu projeksiyon lambas\u0131, \u00f6zellikle \u00e7ocuklar i\u00e7in b\u00fcy\u00fck bir rahatl\u0131k sa\u011flar, \u00e7\u00fcnk\u00fc karanl\u0131ktan korkan \u00e7ocuklar\u0131n uyumas\u0131n\u0131 kolayla\u015ft\u0131r\u0131r ve gece boyunca huzur verir. G\u00f6zleri rahats\u0131z etmeyen ve yumu\u015fak \u0131\u015f\u0131k seviyeleriyle tasarlanan Star Master, ayn\u0131 zamanda odan\u0131za zarif bir ambiyans katarken, direkt \u0131\u015f\u0131k vermez. I\u015f\u0131\u011f\u0131n rengini ve seviyesini kolayca ayarlayarak, ihtiyac\u0131n\u0131za g\u00f6re atmosferi kontrol edebilirsiniz. D\u00f6ner yap\u0131s\u0131 sayesinde, \u0131\u015f\u0131k hareketli y\u0131ld\u0131zlar ve gezegenler gibi bir atmosfer yarat\u0131r, b\u00f6ylece tavan\u0131n\u0131zda s\u00fcrekli de\u011fi\u015fen bir manzara ortaya \u00e7\u0131kar. \u00dczerindeki \u015feffaf \u00fcst kapak, isterseniz \u0131\u015f\u0131\u011f\u0131 tavana yans\u0131tman\u0131za veya farkl\u0131 bir y\u00f6ne y\u00f6nlendirmenize olanak tan\u0131r. Ayr\u0131ca, 4 adet AAA pil ile \u00e7al\u0131\u015fmas\u0131 sayesinde kablo derdini ortadan kald\u0131r\u0131r ve istedi\u011finiz her yerde kullanma kolayl\u0131\u011f\u0131 sunar. hem estetik hem de i\u015flevsel \u00f6zellikleriyle odan\u0131zda e\u015fsiz bir atmosfer yaratmak i\u00e7in ideal bir tercihtir.<\/p>\n","protected":false},"excerpt":{"rendered":"<p>Y\u0131ld\u0131zl\u0131 G\u00f6ky\u00fcz\u00fc Projeksiyon Gece Lambas\u0131, evinizde adeta bir g\u00f6ky\u00fcz\u00fc yarat\u0131r. Mavi ve mor \u0131\u015f\u0131k d\u00f6ner yap\u0131s\u0131 sayesinde, odan\u0131z\u0131n tavan\u0131na y\u0131ld\u0131zlar, gezegenler ve ay\u0131n b\u00fcy\u00fcleyici g\u00f6r\u00fcnt\u00fclerini yans\u0131tarak ger\u00e7ek bir y\u0131ld\u0131zlar ge\u00e7idi atmosferi sunar. Bu projeksiyon lambas\u0131, \u00f6zellikle \u00e7ocuklar i\u00e7in b\u00fcy\u00fck bir rahatl\u0131k sa\u011flar, \u00e7\u00fcnk\u00fc karanl\u0131ktan korkan \u00e7ocuklar\u0131n uyumas\u0131n\u0131 kolayla\u015ft\u0131r\u0131r ve gece boyunca huzur verir. G\u00f6zleri rahats\u0131z&#8230;<\/p>\n","protected":false},"featured_media":127155,"comment_status":"open","ping_status":"closed","template":"","meta":{"_kad_post_transparent":"","_kad_post_title":"","_kad_post_layout":"","_kad_post_sidebar_id":"","_kad_post_content_style":"","_kad_post_vertical_padding":"","_kad_post_feature":"","_kad_post_feature_position":"","_kad_post_header":false,"_kad_post_footer":false,"_kad_post_classname":""},"product_brand":[],"product_cat":[14967],"product_tag":[],"class_list":{"0":"post-127156","1":"product","2":"type-product","3":"status-publish","4":"has-post-thumbnail","6":"product_cat-gece-lambasi-gece-lambasi","8":"first","9":"instock","10":"purchasable","11":"product-type-simple","12":"entry","13":"content-bg","14":"loop-entry"},"_links":{"self":[{"href":"https:\/\/www.hediyepazar.com\/index.php?rest_route=\/wp\/v2\/product\/127156","targetHints":{"allow":["GET"]}}],"collection":[{"href":"https:\/\/www.hediyepazar.com\/index.php?rest_route=\/wp\/v2\/product"}],"about":[{"href":"https:\/\/www.hediyepazar.com\/index.php?rest_route=\/wp\/v2\/types\/product"}],"replies":[{"embeddable":true,"href":"https:\/\/www.hediyepazar.com\/index.php?rest_route=%2Fwp%2Fv2%2Fcomments&post=127156"}],"wp:featuredmedia":[{"embeddable":true,"href":"https:\/\/www.hediyepazar.com\/index.php?rest_route=\/wp\/v2\/media\/127155"}],"wp:attachment":[{"href":"https:\/\/www.hediyepazar.com\/index.php?rest_route=%2Fwp%2Fv2%2Fmedia&parent=127156"}],"wp:term":[{"taxonomy":"product_brand","embeddable":true,"href":"https:\/\/www.hediyepazar.com\/index.php?rest_route=%2Fwp%2Fv2%2Fproduct_brand&post=127156"},{"taxonomy":"product_cat","embeddable":true,"href":"https:\/\/www.hediyepazar.com\/index.php?rest_route=%2Fwp%2Fv2%2Fproduct_cat&post=127156"},{"taxonomy":"product_tag","embeddable":true,"href":"https:\/\/www.hediyepazar.com\/index.php?rest_route=%2Fwp%2Fv2%2Fproduct_tag&post=127156"}],"curies":[{"name":"wp","href":"https:\/\/api.w.org\/{rel}","templated":true}]}}