{"id":127176,"date":"2026-05-06T22:04:03","date_gmt":"2026-05-07T01:04:03","guid":{"rendered":"https:\/\/www.hediyepazar.com\/?product=dt70-mate3-akilli-saat-2"},"modified":"2026-05-06T22:04:03","modified_gmt":"2026-05-07T01:04:03","slug":"dt70-mate3-akilli-saat-2","status":"publish","type":"product","link":"https:\/\/www.hediyepazar.com\/?product=dt70-mate3-akilli-saat-2","title":{"rendered":"DT70-MATE3 AKILLI SAAT"},"content":{"rendered":"<p>Tam Dokunmatik Bt \u00c7a\u011fr\u0131 \u00d6zellikli Ak\u0131ll\u0131 Saat Brown 1.5 In\u00e7 Tam Dokunmatik Bt \u00c7a\u011fr\u0131 \u00d6zellikli Ak\u0131ll\u0131 Saat Brown Ekran, parlak ve net bir g\u00f6r\u00fcnt\u00fc sunar. Saat, 100-200mAh bataryaya sahiptir. Bu batarya, saati bir g\u00fcne kadar kullan\u0131mda tutabilir. Saat, nab\u0131z, ad\u0131m sayar ve uyku takibi gibi temel sa\u011fl\u0131k \u00f6zelliklerine sahiptir. Nab\u0131z sens\u00f6r\u00fc, kalp at\u0131\u015f h\u0131z\u0131n\u0131z\u0131 takip etmenizi sa\u011flar. Ad\u0131m sayar, g\u00fcnl\u00fck ad\u0131m say\u0131n\u0131z\u0131 takip etmenizi sa\u011flar. Uyku takibi, uyku kalitenizi takip etmenizi sa\u011flar \u00dcr\u00fcn \u00d6zellikleri: \u00b7 Bluetooth ba\u011flant\u0131s\u0131: H\u0131zl\u0131 ve kararl\u0131 ba\u011flant\u0131 sa\u011flar . \u00b7 \u00c7oklu spor modlar\u0131. \u00b7 Mesaj bildirimleri. \u00b7 M\u00fczik ve arama gibi di\u011fer i\u015flemleri kontol edebilirsiniz \u00b7 Ergonomik tasar\u0131m: Rahat bir kullan\u0131m sa\u011flar.<\/p>\n","protected":false},"excerpt":{"rendered":"<p>Tam Dokunmatik Bt \u00c7a\u011fr\u0131 \u00d6zellikli Ak\u0131ll\u0131 Saat Brown 1.5 In\u00e7 Tam Dokunmatik Bt \u00c7a\u011fr\u0131 \u00d6zellikli Ak\u0131ll\u0131 Saat Brown Ekran, parlak ve net bir g\u00f6r\u00fcnt\u00fc sunar. Saat, 100-200mAh bataryaya sahiptir. Bu batarya, saati bir g\u00fcne kadar kullan\u0131mda tutabilir. Saat, nab\u0131z, ad\u0131m sayar ve uyku takibi gibi temel sa\u011fl\u0131k \u00f6zelliklerine sahiptir. Nab\u0131z sens\u00f6r\u00fc, kalp at\u0131\u015f h\u0131z\u0131n\u0131z\u0131 takip&#8230;<\/p>\n","protected":false},"featured_media":127175,"comment_status":"open","ping_status":"closed","template":"","meta":{"_kad_post_transparent":"","_kad_post_title":"","_kad_post_layout":"","_kad_post_sidebar_id":"","_kad_post_content_style":"","_kad_post_vertical_padding":"","_kad_post_feature":"","_kad_post_feature_position":"","_kad_post_header":false,"_kad_post_footer":false,"_kad_post_classname":""},"product_brand":[],"product_cat":[14935],"product_tag":[],"class_list":{"0":"post-127176","1":"product","2":"type-product","3":"status-publish","4":"has-post-thumbnail","6":"product_cat-akilli-saatler-akilli-saatler","8":"first","9":"instock","10":"purchasable","11":"product-type-simple","12":"entry","13":"content-bg","14":"loop-entry"},"_links":{"self":[{"href":"https:\/\/www.hediyepazar.com\/index.php?rest_route=\/wp\/v2\/product\/127176","targetHints":{"allow":["GET"]}}],"collection":[{"href":"https:\/\/www.hediyepazar.com\/index.php?rest_route=\/wp\/v2\/product"}],"about":[{"href":"https:\/\/www.hediyepazar.com\/index.php?rest_route=\/wp\/v2\/types\/product"}],"replies":[{"embeddable":true,"href":"https:\/\/www.hediyepazar.com\/index.php?rest_route=%2Fwp%2Fv2%2Fcomments&post=127176"}],"wp:featuredmedia":[{"embeddable":true,"href":"https:\/\/www.hediyepazar.com\/index.php?rest_route=\/wp\/v2\/media\/127175"}],"wp:attachment":[{"href":"https:\/\/www.hediyepazar.com\/index.php?rest_route=%2Fwp%2Fv2%2Fmedia&parent=127176"}],"wp:term":[{"taxonomy":"product_brand","embeddable":true,"href":"https:\/\/www.hediyepazar.com\/index.php?rest_route=%2Fwp%2Fv2%2Fproduct_brand&post=127176"},{"taxonomy":"product_cat","embeddable":true,"href":"https:\/\/www.hediyepazar.com\/index.php?rest_route=%2Fwp%2Fv2%2Fproduct_cat&post=127176"},{"taxonomy":"product_tag","embeddable":true,"href":"https:\/\/www.hediyepazar.com\/index.php?rest_route=%2Fwp%2Fv2%2Fproduct_tag&post=127176"}],"curies":[{"name":"wp","href":"https:\/\/api.w.org\/{rel}","templated":true}]}}