{"id":127184,"date":"2026-05-06T22:05:05","date_gmt":"2026-05-07T01:05:05","guid":{"rendered":"https:\/\/www.hediyepazar.com\/?product=metal-kulluk-cakmakli-masa-ustu-sik-tasarim"},"modified":"2026-05-06T22:05:05","modified_gmt":"2026-05-07T01:05:05","slug":"metal-kulluk-cakmakli-masa-ustu-sik-tasarim","status":"publish","type":"product","link":"https:\/\/www.hediyepazar.com\/?product=metal-kulluk-cakmakli-masa-ustu-sik-tasarim","title":{"rendered":"Metal K\u00fcll\u00fck \u00c7akmakl\u0131 Masa \u00dcst\u00fc \u015e\u0131k Tasar\u0131m"},"content":{"rendered":"<p>Metal \u00e7akmakl\u0131 k\u00fcll\u00fck, g\u00fcnl\u00fck kullan\u0131mda konfor sa\u011flayan pratik bir masa \u00fcst\u00fc aksesuar\u0131d\u0131r. \u00c7akmak ve k\u00fcll\u00fc\u011f\u00fcn tek g\u00f6vdede birle\u015fmesi, kullan\u0131c\u0131ya kullan\u0131m kolayl\u0131\u011f\u0131 sunar. Ayr\u0131 ayr\u0131 \u00fcr\u00fcn ta\u015f\u0131ma ihtiyac\u0131n\u0131 ortadan kald\u0131rarak d\u00fczenli bir kullan\u0131m alan\u0131 olu\u015fturur.Paslanmaz metal yap\u0131s\u0131, \u00fcr\u00fcn\u00fc uzun s\u00fcreli kullan\u0131ma uygun hale getirir. Is\u0131ya ve d\u0131\u015f etkenlere kar\u015f\u0131 dayan\u0131kl\u0131 olan metal y\u00fczey, formunu korur. Temizli\u011fi son derece kolayd\u0131r ve hijyenik kullan\u0131m sa\u011flar.\u00c7akmak benzini ile \u00e7al\u0131\u015fan \u00e7akmak mekanizmas\u0131, g\u00fcvenilir ve kontroll\u00fc bir ate\u015fleme sunar. Yak\u0131t \u00fcr\u00fcne dahil de\u011fildir. Kolay kullan\u0131m\u0131 sayesinde g\u00fcnl\u00fck kullan\u0131mda pratik bir deneyim sa\u011flar.Yuvarlak ve sade tasar\u0131m\u0131, modern bir g\u00f6r\u00fcn\u00fcm sunar. Masa \u00fcst\u00fc, balkon veya ofis ortamlar\u0131nda hem i\u015flevsel hem de estetik bir \u00fcr\u00fcn olarak tercih edilebilir. Minimal tasar\u0131m\u0131 sayesinde ortam\u0131n genel g\u00f6r\u00fcn\u00fcm\u00fcn\u00fc bozmaz.Bu \u00e7akmakl\u0131 k\u00fcll\u00fck, dayan\u0131kl\u0131 yap\u0131s\u0131 ve pratik kullan\u0131m\u0131 ile sigara kullananlar i\u00e7in ideal bir masa \u00fcst\u00fc \u00e7\u00f6z\u00fcm\u00fcd\u00fcr.<\/p>\n","protected":false},"excerpt":{"rendered":"<p>Metal \u00e7akmakl\u0131 k\u00fcll\u00fck, g\u00fcnl\u00fck kullan\u0131mda konfor sa\u011flayan pratik bir masa \u00fcst\u00fc aksesuar\u0131d\u0131r. \u00c7akmak ve k\u00fcll\u00fc\u011f\u00fcn tek g\u00f6vdede birle\u015fmesi, kullan\u0131c\u0131ya kullan\u0131m kolayl\u0131\u011f\u0131 sunar. Ayr\u0131 ayr\u0131 \u00fcr\u00fcn ta\u015f\u0131ma ihtiyac\u0131n\u0131 ortadan kald\u0131rarak d\u00fczenli bir kullan\u0131m alan\u0131 olu\u015fturur.Paslanmaz metal yap\u0131s\u0131, \u00fcr\u00fcn\u00fc uzun s\u00fcreli kullan\u0131ma uygun hale getirir. Is\u0131ya ve d\u0131\u015f etkenlere kar\u015f\u0131 dayan\u0131kl\u0131 olan metal y\u00fczey, formunu korur. Temizli\u011fi&#8230;<\/p>\n","protected":false},"featured_media":127183,"comment_status":"open","ping_status":"closed","template":"","meta":{"_kad_post_transparent":"","_kad_post_title":"","_kad_post_layout":"","_kad_post_sidebar_id":"","_kad_post_content_style":"","_kad_post_vertical_padding":"","_kad_post_feature":"","_kad_post_feature_position":"","_kad_post_header":false,"_kad_post_footer":false,"_kad_post_classname":""},"product_brand":[],"product_cat":[14995],"product_tag":[],"class_list":{"0":"post-127184","1":"product","2":"type-product","3":"status-publish","4":"has-post-thumbnail","6":"product_cat-kulluk-kulluk-2","8":"first","9":"instock","10":"purchasable","11":"product-type-simple","12":"entry","13":"content-bg","14":"loop-entry"},"_links":{"self":[{"href":"https:\/\/www.hediyepazar.com\/index.php?rest_route=\/wp\/v2\/product\/127184","targetHints":{"allow":["GET"]}}],"collection":[{"href":"https:\/\/www.hediyepazar.com\/index.php?rest_route=\/wp\/v2\/product"}],"about":[{"href":"https:\/\/www.hediyepazar.com\/index.php?rest_route=\/wp\/v2\/types\/product"}],"replies":[{"embeddable":true,"href":"https:\/\/www.hediyepazar.com\/index.php?rest_route=%2Fwp%2Fv2%2Fcomments&post=127184"}],"wp:featuredmedia":[{"embeddable":true,"href":"https:\/\/www.hediyepazar.com\/index.php?rest_route=\/wp\/v2\/media\/127183"}],"wp:attachment":[{"href":"https:\/\/www.hediyepazar.com\/index.php?rest_route=%2Fwp%2Fv2%2Fmedia&parent=127184"}],"wp:term":[{"taxonomy":"product_brand","embeddable":true,"href":"https:\/\/www.hediyepazar.com\/index.php?rest_route=%2Fwp%2Fv2%2Fproduct_brand&post=127184"},{"taxonomy":"product_cat","embeddable":true,"href":"https:\/\/www.hediyepazar.com\/index.php?rest_route=%2Fwp%2Fv2%2Fproduct_cat&post=127184"},{"taxonomy":"product_tag","embeddable":true,"href":"https:\/\/www.hediyepazar.com\/index.php?rest_route=%2Fwp%2Fv2%2Fproduct_tag&post=127184"}],"curies":[{"name":"wp","href":"https:\/\/api.w.org\/{rel}","templated":true}]}}