{"id":127208,"date":"2026-05-06T22:09:06","date_gmt":"2026-05-07T01:09:06","guid":{"rendered":"https:\/\/www.hediyepazar.com\/?product=3-kordonlu-akilli-saat-uzun-pil-sureli-2"},"modified":"2026-05-06T22:09:06","modified_gmt":"2026-05-07T01:09:06","slug":"3-kordonlu-akilli-saat-uzun-pil-sureli-2","status":"publish","type":"product","link":"https:\/\/www.hediyepazar.com\/?product=3-kordonlu-akilli-saat-uzun-pil-sureli-2","title":{"rendered":"3 Kordonlu Ak\u0131ll\u0131 Saat Uzun Pil S\u00fcreli"},"content":{"rendered":"<p>G\u00fcnl\u00fck hayat\u0131 daha d\u00fczenli ve kontroll\u00fc hale getiren bu ak\u0131ll\u0131 saat, bildirim takibi sayesinde telefonunuza gelen \u00e7a\u011fr\u0131 ve mesajlar\u0131 bile\u011finizden g\u00f6rmenizi sa\u011flar. M\u00fczik kontrol\u00fc, zamanlay\u0131c\u0131 ve spor modlar\u0131 gibi \u00f6zellikler g\u00fcnl\u00fck kullan\u0131mda b\u00fcy\u00fck kolayl\u0131k sunar.AMOLED ekran, y\u00fcksek kontrast ve parlakl\u0131k sunarak modern bir g\u00f6r\u00fcnt\u00fc deneyimi sa\u011flar. Kablosuz \u015farj \u00f6zelli\u011fi, kablo karma\u015fas\u0131n\u0131 ortadan kald\u0131r\u0131r. Uzun pil \u00f6mr\u00fc sayesinde seyahatlerde ve yo\u011fun g\u00fcnlerde g\u00fcvenle kullan\u0131labilir.Hem i\u015f hem sosyal ya\u015fam i\u00e7in \u00e7ok y\u00f6nl\u00fc bir \u00e7\u00f6z\u00fcmd\u00fcr.<\/p>\n","protected":false},"excerpt":{"rendered":"<p>G\u00fcnl\u00fck hayat\u0131 daha d\u00fczenli ve kontroll\u00fc hale getiren bu ak\u0131ll\u0131 saat, bildirim takibi sayesinde telefonunuza gelen \u00e7a\u011fr\u0131 ve mesajlar\u0131 bile\u011finizden g\u00f6rmenizi sa\u011flar. M\u00fczik kontrol\u00fc, zamanlay\u0131c\u0131 ve spor modlar\u0131 gibi \u00f6zellikler g\u00fcnl\u00fck kullan\u0131mda b\u00fcy\u00fck kolayl\u0131k sunar.AMOLED ekran, y\u00fcksek kontrast ve parlakl\u0131k sunarak modern bir g\u00f6r\u00fcnt\u00fc deneyimi sa\u011flar. Kablosuz \u015farj \u00f6zelli\u011fi, kablo karma\u015fas\u0131n\u0131 ortadan kald\u0131r\u0131r. Uzun pil&#8230;<\/p>\n","protected":false},"featured_media":127207,"comment_status":"open","ping_status":"closed","template":"","meta":{"_kad_post_transparent":"","_kad_post_title":"","_kad_post_layout":"","_kad_post_sidebar_id":"","_kad_post_content_style":"","_kad_post_vertical_padding":"","_kad_post_feature":"","_kad_post_feature_position":"","_kad_post_header":false,"_kad_post_footer":false,"_kad_post_classname":""},"product_brand":[],"product_cat":[14935],"product_tag":[],"class_list":{"0":"post-127208","1":"product","2":"type-product","3":"status-publish","4":"has-post-thumbnail","6":"product_cat-akilli-saatler-akilli-saatler","8":"first","9":"instock","10":"purchasable","11":"product-type-simple","12":"entry","13":"content-bg","14":"loop-entry"},"_links":{"self":[{"href":"https:\/\/www.hediyepazar.com\/index.php?rest_route=\/wp\/v2\/product\/127208","targetHints":{"allow":["GET"]}}],"collection":[{"href":"https:\/\/www.hediyepazar.com\/index.php?rest_route=\/wp\/v2\/product"}],"about":[{"href":"https:\/\/www.hediyepazar.com\/index.php?rest_route=\/wp\/v2\/types\/product"}],"replies":[{"embeddable":true,"href":"https:\/\/www.hediyepazar.com\/index.php?rest_route=%2Fwp%2Fv2%2Fcomments&post=127208"}],"wp:featuredmedia":[{"embeddable":true,"href":"https:\/\/www.hediyepazar.com\/index.php?rest_route=\/wp\/v2\/media\/127207"}],"wp:attachment":[{"href":"https:\/\/www.hediyepazar.com\/index.php?rest_route=%2Fwp%2Fv2%2Fmedia&parent=127208"}],"wp:term":[{"taxonomy":"product_brand","embeddable":true,"href":"https:\/\/www.hediyepazar.com\/index.php?rest_route=%2Fwp%2Fv2%2Fproduct_brand&post=127208"},{"taxonomy":"product_cat","embeddable":true,"href":"https:\/\/www.hediyepazar.com\/index.php?rest_route=%2Fwp%2Fv2%2Fproduct_cat&post=127208"},{"taxonomy":"product_tag","embeddable":true,"href":"https:\/\/www.hediyepazar.com\/index.php?rest_route=%2Fwp%2Fv2%2Fproduct_tag&post=127208"}],"curies":[{"name":"wp","href":"https:\/\/api.w.org\/{rel}","templated":true}]}}