{"id":127210,"date":"2026-05-06T22:09:12","date_gmt":"2026-05-07T01:09:12","guid":{"rendered":"https:\/\/www.hediyepazar.com\/?product=aromaterapi-hava-nemlendirici-masa-ve-gece-lambasi"},"modified":"2026-05-06T22:09:12","modified_gmt":"2026-05-07T01:09:12","slug":"aromaterapi-hava-nemlendirici-masa-ve-gece-lambasi","status":"publish","type":"product","link":"https:\/\/www.hediyepazar.com\/?product=aromaterapi-hava-nemlendirici-masa-ve-gece-lambasi","title":{"rendered":"Aromaterapi Hava Nemlendirici Masa ve Gece Lambas\u0131"},"content":{"rendered":"<p>USB Projeksiyon Gece Lambas\u0131 ve Hava Nemlendirici, kuru havan\u0131n zararl\u0131 etkilerini ortadan kald\u0131rmak ve ya\u015fam alan\u0131n\u0131zda sa\u011fl\u0131kl\u0131 bir atmosfer yaratmak i\u00e7in tasarlanm\u0131\u015ft\u0131r. Bu cihaz, havay\u0131 nemlendirerek cilt kurulu\u011fu, bo\u011faz tahri\u015fi gibi problemleri \u00f6nler, nefes almay\u0131 kolayla\u015ft\u0131r\u0131r ve cildinize ihtiyac\u0131 olan nemi sa\u011flar. \u015e\u0131k ve zarif tasar\u0131m\u0131, odan\u0131z\u0131n dekorasyonunu tamamlayan modern bir dokunu\u015f sunar.Projeksiyon \u00f6zelli\u011fi, cihaz\u0131n sadece bir hava nemlendirici de\u011fil, ayn\u0131 zamanda etkileyici bir gece lambas\u0131 olarak da kullan\u0131lmas\u0131n\u0131 sa\u011flar. Odan\u0131za huzurlu bir ambiyans sa\u011flayan bu projeksiyon, rahatlaman\u0131za ve stresinizi atman\u0131za yard\u0131mc\u0131 olur. Su haznesine ekleyebilece\u011finiz esans veya parf\u00fcmlerle, ya\u015fam alan\u0131n\u0131z\u0131 ho\u015f kokularla doldurabilir ve aromaterapi etkisinden faydalanabilirsiniz. USB ba\u011flant\u0131 \u00f6zelli\u011fi, cihaz\u0131n kolayl\u0131kla ta\u015f\u0131nabilmesini ve farkl\u0131 g\u00fc\u00e7 kaynaklar\u0131ndan enerji almas\u0131n\u0131 sa\u011flar.Bu nemlendirici cihaz, hem sa\u011fl\u0131\u011f\u0131n\u0131z\u0131 destekler hem de estetik ihtiya\u00e7lar\u0131n\u0131z\u0131 kar\u015f\u0131lar. Kompakt boyutlar\u0131, kolay kullan\u0131m\u0131 ve fonksiyonel \u00f6zellikleriyle g\u00fcn boyu kaliteli hava soluman\u0131z\u0131 sa\u011flar. Gece daha iyi bir uyku i\u00e7in kuru havan\u0131n zararl\u0131 etkilerini ortadan kald\u0131r\u0131r, cildinizi korur ve ya\u015fam alan\u0131n\u0131z\u0131 g\u00fczelle\u015ftirir.<\/p>\n","protected":false},"excerpt":{"rendered":"<p>USB Projeksiyon Gece Lambas\u0131 ve Hava Nemlendirici, kuru havan\u0131n zararl\u0131 etkilerini ortadan kald\u0131rmak ve ya\u015fam alan\u0131n\u0131zda sa\u011fl\u0131kl\u0131 bir atmosfer yaratmak i\u00e7in tasarlanm\u0131\u015ft\u0131r. Bu cihaz, havay\u0131 nemlendirerek cilt kurulu\u011fu, bo\u011faz tahri\u015fi gibi problemleri \u00f6nler, nefes almay\u0131 kolayla\u015ft\u0131r\u0131r ve cildinize ihtiyac\u0131 olan nemi sa\u011flar. \u015e\u0131k ve zarif tasar\u0131m\u0131, odan\u0131z\u0131n dekorasyonunu tamamlayan modern bir dokunu\u015f sunar.Projeksiyon \u00f6zelli\u011fi, cihaz\u0131n&#8230;<\/p>\n","protected":false},"featured_media":127209,"comment_status":"open","ping_status":"closed","template":"","meta":{"_kad_post_transparent":"","_kad_post_title":"","_kad_post_layout":"","_kad_post_sidebar_id":"","_kad_post_content_style":"","_kad_post_vertical_padding":"","_kad_post_feature":"","_kad_post_feature_position":"","_kad_post_header":false,"_kad_post_footer":false,"_kad_post_classname":""},"product_brand":[],"product_cat":[14965],"product_tag":[],"class_list":{"0":"post-127210","1":"product","2":"type-product","3":"status-publish","4":"has-post-thumbnail","6":"product_cat-hava-nemlendirici-hava-nemlendirici","8":"first","9":"instock","10":"purchasable","11":"product-type-simple","12":"entry","13":"content-bg","14":"loop-entry"},"_links":{"self":[{"href":"https:\/\/www.hediyepazar.com\/index.php?rest_route=\/wp\/v2\/product\/127210","targetHints":{"allow":["GET"]}}],"collection":[{"href":"https:\/\/www.hediyepazar.com\/index.php?rest_route=\/wp\/v2\/product"}],"about":[{"href":"https:\/\/www.hediyepazar.com\/index.php?rest_route=\/wp\/v2\/types\/product"}],"replies":[{"embeddable":true,"href":"https:\/\/www.hediyepazar.com\/index.php?rest_route=%2Fwp%2Fv2%2Fcomments&post=127210"}],"wp:featuredmedia":[{"embeddable":true,"href":"https:\/\/www.hediyepazar.com\/index.php?rest_route=\/wp\/v2\/media\/127209"}],"wp:attachment":[{"href":"https:\/\/www.hediyepazar.com\/index.php?rest_route=%2Fwp%2Fv2%2Fmedia&parent=127210"}],"wp:term":[{"taxonomy":"product_brand","embeddable":true,"href":"https:\/\/www.hediyepazar.com\/index.php?rest_route=%2Fwp%2Fv2%2Fproduct_brand&post=127210"},{"taxonomy":"product_cat","embeddable":true,"href":"https:\/\/www.hediyepazar.com\/index.php?rest_route=%2Fwp%2Fv2%2Fproduct_cat&post=127210"},{"taxonomy":"product_tag","embeddable":true,"href":"https:\/\/www.hediyepazar.com\/index.php?rest_route=%2Fwp%2Fv2%2Fproduct_tag&post=127210"}],"curies":[{"name":"wp","href":"https:\/\/api.w.org\/{rel}","templated":true}]}}