{"id":127220,"date":"2026-05-06T22:10:19","date_gmt":"2026-05-07T01:10:19","guid":{"rendered":"https:\/\/www.hediyepazar.com\/?product=12-000-mah-aku-takviye-powerbank-dahili-hava-dijital-ekranli"},"modified":"2026-05-06T22:10:19","modified_gmt":"2026-05-07T01:10:19","slug":"12-000-mah-aku-takviye-powerbank-dahili-hava-dijital-ekranli","status":"publish","type":"product","link":"https:\/\/www.hediyepazar.com\/?product=12-000-mah-aku-takviye-powerbank-dahili-hava-dijital-ekranli","title":{"rendered":"12.000 mAh Ak\u00fc Takviye Powerbank Dahili Hava Dijital Ekranl\u0131"},"content":{"rendered":"<p>Ara\u00e7 kullan\u0131c\u0131lar\u0131 i\u00e7in geli\u015ftirilen bu cihaz, yolculuk s\u0131ras\u0131nda kar\u015f\u0131la\u015f\u0131labilecek acil durumlar i\u00e7in ideal bir yard\u0131mc\u0131d\u0131r. Entegre lastik \u015fi\u015firme pompas\u0131 sayesinde manuellere ihtiya\u00e7 duymazs\u0131n\u0131z. Ak\u00fc takviye \u00f6zelli\u011fi, zay\u0131flam\u0131\u015f ak\u00fcleri \u00e7al\u0131\u015ft\u0131rmaya yard\u0131mc\u0131 olur. 12.000 mAh batarya kapasitesi ile telefon ve di\u011fer elektronik cihazlar powerbank olarak \u015farj edilebilir. Dijital g\u00f6sterge, kullan\u0131m s\u0131ras\u0131nda hassas kontrol sa\u011flar.<\/p>\n","protected":false},"excerpt":{"rendered":"<p>Ara\u00e7 kullan\u0131c\u0131lar\u0131 i\u00e7in geli\u015ftirilen bu cihaz, yolculuk s\u0131ras\u0131nda kar\u015f\u0131la\u015f\u0131labilecek acil durumlar i\u00e7in ideal bir yard\u0131mc\u0131d\u0131r. Entegre lastik \u015fi\u015firme pompas\u0131 sayesinde manuellere ihtiya\u00e7 duymazs\u0131n\u0131z. Ak\u00fc takviye \u00f6zelli\u011fi, zay\u0131flam\u0131\u015f ak\u00fcleri \u00e7al\u0131\u015ft\u0131rmaya yard\u0131mc\u0131 olur. 12.000 mAh batarya kapasitesi ile telefon ve di\u011fer elektronik cihazlar powerbank olarak \u015farj edilebilir. Dijital g\u00f6sterge, kullan\u0131m s\u0131ras\u0131nda hassas kontrol sa\u011flar.<\/p>\n","protected":false},"featured_media":127219,"comment_status":"open","ping_status":"closed","template":"","meta":{"_kad_post_transparent":"","_kad_post_title":"","_kad_post_layout":"","_kad_post_sidebar_id":"","_kad_post_content_style":"","_kad_post_vertical_padding":"","_kad_post_feature":"","_kad_post_feature_position":"","_kad_post_header":false,"_kad_post_footer":false,"_kad_post_classname":""},"product_brand":[],"product_cat":[15053],"product_tag":[],"class_list":{"0":"post-127220","1":"product","2":"type-product","3":"status-publish","4":"has-post-thumbnail","6":"product_cat-oto-bakim-seti-oto-bakim-seti-2","8":"first","9":"instock","10":"purchasable","11":"product-type-simple","12":"entry","13":"content-bg","14":"loop-entry"},"_links":{"self":[{"href":"https:\/\/www.hediyepazar.com\/index.php?rest_route=\/wp\/v2\/product\/127220","targetHints":{"allow":["GET"]}}],"collection":[{"href":"https:\/\/www.hediyepazar.com\/index.php?rest_route=\/wp\/v2\/product"}],"about":[{"href":"https:\/\/www.hediyepazar.com\/index.php?rest_route=\/wp\/v2\/types\/product"}],"replies":[{"embeddable":true,"href":"https:\/\/www.hediyepazar.com\/index.php?rest_route=%2Fwp%2Fv2%2Fcomments&post=127220"}],"wp:featuredmedia":[{"embeddable":true,"href":"https:\/\/www.hediyepazar.com\/index.php?rest_route=\/wp\/v2\/media\/127219"}],"wp:attachment":[{"href":"https:\/\/www.hediyepazar.com\/index.php?rest_route=%2Fwp%2Fv2%2Fmedia&parent=127220"}],"wp:term":[{"taxonomy":"product_brand","embeddable":true,"href":"https:\/\/www.hediyepazar.com\/index.php?rest_route=%2Fwp%2Fv2%2Fproduct_brand&post=127220"},{"taxonomy":"product_cat","embeddable":true,"href":"https:\/\/www.hediyepazar.com\/index.php?rest_route=%2Fwp%2Fv2%2Fproduct_cat&post=127220"},{"taxonomy":"product_tag","embeddable":true,"href":"https:\/\/www.hediyepazar.com\/index.php?rest_route=%2Fwp%2Fv2%2Fproduct_tag&post=127220"}],"curies":[{"name":"wp","href":"https:\/\/api.w.org\/{rel}","templated":true}]}}