{"id":127252,"date":"2026-05-06T22:16:15","date_gmt":"2026-05-07T01:16:15","guid":{"rendered":"https:\/\/www.hediyepazar.com\/?product=t700-akilli-saat-3"},"modified":"2026-05-06T22:16:15","modified_gmt":"2026-05-07T01:16:15","slug":"t700-akilli-saat-3","status":"publish","type":"product","link":"https:\/\/www.hediyepazar.com\/?product=t700-akilli-saat-3","title":{"rendered":"T700 AKILLI SAAT"},"content":{"rendered":"<p>Ak\u0131ll\u0131 Saatt T\u00fcrk\u00e7e Arama Cevaplama Sporcu Saati Not SMS senkronizasyonu &#8216;bildirim&#8217;. \tMesajda de\u011fil! \u015eartname >> Ekran boyutu:.154 HD IPS, 240*240 dokunmatik ekran 2.5D tilki y\u00fczeyi >> Kapasitif tam uyumlu dokunmatik ekran >>CPU \u00e7ipi: MTK2502 >>RAM\/ROM:34M\/128M >> Telefon s\u00fcr\u00fcm\u00fc gerektirir: Android 5.0 ve \u00fcst\u00fc, IOS 9.0 ve \u00fcst\u00fc Fonksiyonlar >> Nab\u0131z monit\u00f6r\u00fc, uyku monit\u00f6r\u00fc, kan bas\u0131nc\u0131, bluetooth \u00e7a\u011fr\u0131 (arama yapmak, \u00e7a\u011fr\u0131 almak) ve mesaj hat\u0131rlatma, uzaktan m\u00fczik\/kamera. \t\u00c7alar saat, takvim, kronometre >>DIY duvar ka\u011f\u0131d\u0131 (\u00f6zel saat y\u00fcz\u00fc), saatin \u00fczerine kendi foto\u011fraf\u0131n\u0131 koy >> Dil: \u0130ngilizce, almanca, \u0130spanyolca, \u0130talyanca, frans\u0131zca, portekizce (brezilya), rus\u00e7a, endonezya, \u00e7ek, arap\u00e7a, tay dili, hollandaca, leh\u00e7e, t\u00fcrk\u00e7e, fars\u00e7a, malezya, vietnamca, yunan dili Ambalaj listesi 1 x ak\u0131ll\u0131 saat 1 x \u015farj kablosu 1 x kullan\u0131m k\u0131lavuzu<\/p>\n","protected":false},"excerpt":{"rendered":"<p>Ak\u0131ll\u0131 Saatt T\u00fcrk\u00e7e Arama Cevaplama Sporcu Saati Not SMS senkronizasyonu &#8216;bildirim&#8217;. Mesajda de\u011fil! \u015eartname >> Ekran boyutu:.154 HD IPS, 240*240 dokunmatik ekran 2.5D tilki y\u00fczeyi >> Kapasitif tam uyumlu dokunmatik ekran >>CPU \u00e7ipi: MTK2502 >>RAM\/ROM:34M\/128M >> Telefon s\u00fcr\u00fcm\u00fc gerektirir: Android 5.0 ve \u00fcst\u00fc, IOS 9.0 ve \u00fcst\u00fc Fonksiyonlar >> Nab\u0131z monit\u00f6r\u00fc, uyku monit\u00f6r\u00fc, kan bas\u0131nc\u0131,&#8230;<\/p>\n","protected":false},"featured_media":127251,"comment_status":"open","ping_status":"closed","template":"","meta":{"_kad_post_transparent":"","_kad_post_title":"","_kad_post_layout":"","_kad_post_sidebar_id":"","_kad_post_content_style":"","_kad_post_vertical_padding":"","_kad_post_feature":"","_kad_post_feature_position":"","_kad_post_header":false,"_kad_post_footer":false,"_kad_post_classname":""},"product_brand":[],"product_cat":[14935],"product_tag":[],"class_list":{"0":"post-127252","1":"product","2":"type-product","3":"status-publish","4":"has-post-thumbnail","6":"product_cat-akilli-saatler-akilli-saatler","8":"first","9":"instock","10":"purchasable","11":"product-type-simple","12":"entry","13":"content-bg","14":"loop-entry"},"_links":{"self":[{"href":"https:\/\/www.hediyepazar.com\/index.php?rest_route=\/wp\/v2\/product\/127252","targetHints":{"allow":["GET"]}}],"collection":[{"href":"https:\/\/www.hediyepazar.com\/index.php?rest_route=\/wp\/v2\/product"}],"about":[{"href":"https:\/\/www.hediyepazar.com\/index.php?rest_route=\/wp\/v2\/types\/product"}],"replies":[{"embeddable":true,"href":"https:\/\/www.hediyepazar.com\/index.php?rest_route=%2Fwp%2Fv2%2Fcomments&post=127252"}],"wp:featuredmedia":[{"embeddable":true,"href":"https:\/\/www.hediyepazar.com\/index.php?rest_route=\/wp\/v2\/media\/127251"}],"wp:attachment":[{"href":"https:\/\/www.hediyepazar.com\/index.php?rest_route=%2Fwp%2Fv2%2Fmedia&parent=127252"}],"wp:term":[{"taxonomy":"product_brand","embeddable":true,"href":"https:\/\/www.hediyepazar.com\/index.php?rest_route=%2Fwp%2Fv2%2Fproduct_brand&post=127252"},{"taxonomy":"product_cat","embeddable":true,"href":"https:\/\/www.hediyepazar.com\/index.php?rest_route=%2Fwp%2Fv2%2Fproduct_cat&post=127252"},{"taxonomy":"product_tag","embeddable":true,"href":"https:\/\/www.hediyepazar.com\/index.php?rest_route=%2Fwp%2Fv2%2Fproduct_tag&post=127252"}],"curies":[{"name":"wp","href":"https:\/\/api.w.org\/{rel}","templated":true}]}}