{"id":127258,"date":"2026-05-06T22:17:15","date_gmt":"2026-05-07T01:17:15","guid":{"rendered":"https:\/\/www.hediyepazar.com\/?product=akilli-saat-arama-cevaplayan-titresim-ozelligiyle-bildirim-gorebilen-2"},"modified":"2026-05-06T22:17:15","modified_gmt":"2026-05-07T01:17:15","slug":"akilli-saat-arama-cevaplayan-titresim-ozelligiyle-bildirim-gorebilen-2","status":"publish","type":"product","link":"https:\/\/www.hediyepazar.com\/?product=akilli-saat-arama-cevaplayan-titresim-ozelligiyle-bildirim-gorebilen-2","title":{"rendered":"Ak\u0131ll\u0131 Saat Arama Cevaplayan Titre\u015fim \u00d6zelli\u011fiyle Bildirim G\u00f6rebilen"},"content":{"rendered":"<p>GT3 Max Ak\u0131ll\u0131 Saat, g\u00fcnl\u00fck ya\u015fam\u0131n\u0131za sa\u011fl\u0131k ve teknoloji katmak i\u00e7in tasarland\u0131. Titre\u015fim \u00f6zelli\u011fi sayesinde gelen \u00e7a\u011fr\u0131lar ve bildirimler an\u0131nda fark edilir. Nab\u0131z sens\u00f6r\u00fc ile 7\/24 kalp at\u0131\u015f h\u0131z\u0131n\u0131z\u0131 takip ederek sa\u011fl\u0131k durumunuzu kontrol alt\u0131nda tutabilirsiniz. Sesli g\u00f6r\u00fc\u015fme \u00f6zelli\u011fi, telefonunuza dokunmadan \u00e7a\u011fr\u0131lara cevap vermenizi sa\u011flar. \u015e\u0131k siyah kasas\u0131, spor ve g\u00fcnl\u00fck kombinlerinizi tamamlayan zarif bir aksesuar sunar. Uyku takibi \u00f6zelli\u011fi sayesinde uyku d\u00fczeninizi analiz ederek ya\u015fam kalitenizi art\u0131rabilirsiniz. 300-400 mAh batarya kapasitesi, uzun s\u00fcreli kullan\u0131ma olanak tan\u0131r ve sizi g\u00fcn boyu destekler.<\/p>\n","protected":false},"excerpt":{"rendered":"<p>GT3 Max Ak\u0131ll\u0131 Saat, g\u00fcnl\u00fck ya\u015fam\u0131n\u0131za sa\u011fl\u0131k ve teknoloji katmak i\u00e7in tasarland\u0131. Titre\u015fim \u00f6zelli\u011fi sayesinde gelen \u00e7a\u011fr\u0131lar ve bildirimler an\u0131nda fark edilir. Nab\u0131z sens\u00f6r\u00fc ile 7\/24 kalp at\u0131\u015f h\u0131z\u0131n\u0131z\u0131 takip ederek sa\u011fl\u0131k durumunuzu kontrol alt\u0131nda tutabilirsiniz. Sesli g\u00f6r\u00fc\u015fme \u00f6zelli\u011fi, telefonunuza dokunmadan \u00e7a\u011fr\u0131lara cevap vermenizi sa\u011flar. \u015e\u0131k siyah kasas\u0131, spor ve g\u00fcnl\u00fck kombinlerinizi tamamlayan zarif bir&#8230;<\/p>\n","protected":false},"featured_media":127257,"comment_status":"open","ping_status":"closed","template":"","meta":{"_kad_post_transparent":"","_kad_post_title":"","_kad_post_layout":"","_kad_post_sidebar_id":"","_kad_post_content_style":"","_kad_post_vertical_padding":"","_kad_post_feature":"","_kad_post_feature_position":"","_kad_post_header":false,"_kad_post_footer":false,"_kad_post_classname":""},"product_brand":[],"product_cat":[14935],"product_tag":[],"class_list":{"0":"post-127258","1":"product","2":"type-product","3":"status-publish","4":"has-post-thumbnail","6":"product_cat-akilli-saatler-akilli-saatler","8":"first","9":"instock","10":"purchasable","11":"product-type-simple","12":"entry","13":"content-bg","14":"loop-entry"},"_links":{"self":[{"href":"https:\/\/www.hediyepazar.com\/index.php?rest_route=\/wp\/v2\/product\/127258","targetHints":{"allow":["GET"]}}],"collection":[{"href":"https:\/\/www.hediyepazar.com\/index.php?rest_route=\/wp\/v2\/product"}],"about":[{"href":"https:\/\/www.hediyepazar.com\/index.php?rest_route=\/wp\/v2\/types\/product"}],"replies":[{"embeddable":true,"href":"https:\/\/www.hediyepazar.com\/index.php?rest_route=%2Fwp%2Fv2%2Fcomments&post=127258"}],"wp:featuredmedia":[{"embeddable":true,"href":"https:\/\/www.hediyepazar.com\/index.php?rest_route=\/wp\/v2\/media\/127257"}],"wp:attachment":[{"href":"https:\/\/www.hediyepazar.com\/index.php?rest_route=%2Fwp%2Fv2%2Fmedia&parent=127258"}],"wp:term":[{"taxonomy":"product_brand","embeddable":true,"href":"https:\/\/www.hediyepazar.com\/index.php?rest_route=%2Fwp%2Fv2%2Fproduct_brand&post=127258"},{"taxonomy":"product_cat","embeddable":true,"href":"https:\/\/www.hediyepazar.com\/index.php?rest_route=%2Fwp%2Fv2%2Fproduct_cat&post=127258"},{"taxonomy":"product_tag","embeddable":true,"href":"https:\/\/www.hediyepazar.com\/index.php?rest_route=%2Fwp%2Fv2%2Fproduct_tag&post=127258"}],"curies":[{"name":"wp","href":"https:\/\/api.w.org\/{rel}","templated":true}]}}