{"id":127260,"date":"2026-05-06T22:17:22","date_gmt":"2026-05-07T01:17:22","guid":{"rendered":"https:\/\/www.hediyepazar.com\/?product=usb-alicili-kablosuz-klavye-mouse-genis-uyumluluk-sessiz-tuslar"},"modified":"2026-05-06T22:17:22","modified_gmt":"2026-05-07T01:17:22","slug":"usb-alicili-kablosuz-klavye-mouse-genis-uyumluluk-sessiz-tuslar","status":"publish","type":"product","link":"https:\/\/www.hediyepazar.com\/?product=usb-alicili-kablosuz-klavye-mouse-genis-uyumluluk-sessiz-tuslar","title":{"rendered":"USB Al\u0131c\u0131l\u0131 Kablosuz Klavye Mouse &#8211; Geni\u015f Uyumluluk Sessiz Tu\u015flar"},"content":{"rendered":"<p>Modern ofislerin ve ev kullan\u0131c\u0131lar\u0131n\u0131n ihtiya\u00e7lar\u0131na uygun olarak geli\u015ftirilen bu kablosuz klavye ve mouse seti, uzun s\u00fcreli kullan\u0131mda bile \u00fcst\u00fcn konfor ve performans sunar. Klavyede bulunan katlanabilir stant, do\u011fal bilek pozisyonu sa\u011flayarak yazarken olu\u015fabilecek rahats\u0131zl\u0131klar\u0131n \u00f6n\u00fcne ge\u00e7er. Fare ise ergonomik tasar\u0131m\u0131 sayesinde avu\u00e7 i\u00e7ine m\u00fckemmel oturur.Ba\u011flant\u0131 kalitesi, geli\u015fmi\u015f 2.4 GHz kablosuz teknolojiyle g\u00fcvence alt\u0131ndad\u0131r. 33 ft (yakla\u015f\u0131k 10 metre) mesafeye kadar gecikmesiz, kararl\u0131 ba\u011flant\u0131 sa\u011flar. Seti \u00e7al\u0131\u015ft\u0131rmak i\u00e7in yaln\u0131zca bir adet USB al\u0131c\u0131s\u0131 yeterlidir. B\u00f6ylece bilgisayar\u0131n\u0131zdaki s\u0131n\u0131rl\u0131 USB portlar\u0131n\u0131 daha verimli kullanabilirsiniz.Tam boy klavye, say\u0131sal tu\u015f tak\u0131m\u0131 ve medya k\u0131sayollar\u0131 i\u00e7erir. Bu da yaz\u0131 yazarken ve medya i\u00e7eriklerini kontrol ederken ekstra kolayl\u0131k sa\u011flar. Ancak Mac kullan\u0131c\u0131lar\u0131, multimedya k\u0131sayollar\u0131n\u0131n s\u0131n\u0131rl\u0131 \u00e7al\u0131\u015fabilece\u011fini g\u00f6z \u00f6n\u00fcnde bulundurmal\u0131d\u0131r.Sessiz tu\u015f yap\u0131s\u0131 sayesinde \u00e7al\u0131\u015fma ortam\u0131n\u0131zda i\u015flerinizi halledebilirsiniz. Enerji tasarrufu moduyla desteklenen klavye ve fare, 2 AAA ve 1 AA pil ile uzun s\u00fcre kullan\u0131labilir. Cihazlar, kullan\u0131lmad\u0131\u011f\u0131 zamanlarda otomatik olarak uyku moduna ge\u00e7er.Windows 2000\u2019den Windows 10\u2019a kadar pek \u00e7ok sistemle ve Linux ile uyumlu olan bu \u00fcr\u00fcn USB portuna sahip her masa\u00fcst\u00fc ve diz\u00fcst\u00fc bilgisayarla tam uyumludur.<\/p>\n","protected":false},"excerpt":{"rendered":"<p>Modern ofislerin ve ev kullan\u0131c\u0131lar\u0131n\u0131n ihtiya\u00e7lar\u0131na uygun olarak geli\u015ftirilen bu kablosuz klavye ve mouse seti, uzun s\u00fcreli kullan\u0131mda bile \u00fcst\u00fcn konfor ve performans sunar. Klavyede bulunan katlanabilir stant, do\u011fal bilek pozisyonu sa\u011flayarak yazarken olu\u015fabilecek rahats\u0131zl\u0131klar\u0131n \u00f6n\u00fcne ge\u00e7er. Fare ise ergonomik tasar\u0131m\u0131 sayesinde avu\u00e7 i\u00e7ine m\u00fckemmel oturur.Ba\u011flant\u0131 kalitesi, geli\u015fmi\u015f 2.4 GHz kablosuz teknolojiyle g\u00fcvence alt\u0131ndad\u0131r. 33&#8230;<\/p>\n","protected":false},"featured_media":127259,"comment_status":"open","ping_status":"closed","template":"","meta":{"_kad_post_transparent":"","_kad_post_title":"","_kad_post_layout":"","_kad_post_sidebar_id":"","_kad_post_content_style":"","_kad_post_vertical_padding":"","_kad_post_feature":"","_kad_post_feature_position":"","_kad_post_header":false,"_kad_post_footer":false,"_kad_post_classname":""},"product_brand":[],"product_cat":[14913],"product_tag":[],"class_list":{"0":"post-127260","1":"product","2":"type-product","3":"status-publish","4":"has-post-thumbnail","6":"product_cat-klavye-klavye-2","8":"first","9":"instock","10":"purchasable","11":"product-type-simple","12":"entry","13":"content-bg","14":"loop-entry"},"_links":{"self":[{"href":"https:\/\/www.hediyepazar.com\/index.php?rest_route=\/wp\/v2\/product\/127260","targetHints":{"allow":["GET"]}}],"collection":[{"href":"https:\/\/www.hediyepazar.com\/index.php?rest_route=\/wp\/v2\/product"}],"about":[{"href":"https:\/\/www.hediyepazar.com\/index.php?rest_route=\/wp\/v2\/types\/product"}],"replies":[{"embeddable":true,"href":"https:\/\/www.hediyepazar.com\/index.php?rest_route=%2Fwp%2Fv2%2Fcomments&post=127260"}],"wp:featuredmedia":[{"embeddable":true,"href":"https:\/\/www.hediyepazar.com\/index.php?rest_route=\/wp\/v2\/media\/127259"}],"wp:attachment":[{"href":"https:\/\/www.hediyepazar.com\/index.php?rest_route=%2Fwp%2Fv2%2Fmedia&parent=127260"}],"wp:term":[{"taxonomy":"product_brand","embeddable":true,"href":"https:\/\/www.hediyepazar.com\/index.php?rest_route=%2Fwp%2Fv2%2Fproduct_brand&post=127260"},{"taxonomy":"product_cat","embeddable":true,"href":"https:\/\/www.hediyepazar.com\/index.php?rest_route=%2Fwp%2Fv2%2Fproduct_cat&post=127260"},{"taxonomy":"product_tag","embeddable":true,"href":"https:\/\/www.hediyepazar.com\/index.php?rest_route=%2Fwp%2Fv2%2Fproduct_tag&post=127260"}],"curies":[{"name":"wp","href":"https:\/\/api.w.org\/{rel}","templated":true}]}}