{"id":127272,"date":"2026-05-06T22:20:10","date_gmt":"2026-05-07T01:20:10","guid":{"rendered":"https:\/\/www.hediyepazar.com\/?product=uzun-mesafe-gorunurluklu-yesil-lazer-pointer-sarjli"},"modified":"2026-05-06T22:20:10","modified_gmt":"2026-05-07T01:20:10","slug":"uzun-mesafe-gorunurluklu-yesil-lazer-pointer-sarjli","status":"publish","type":"product","link":"https:\/\/www.hediyepazar.com\/?product=uzun-mesafe-gorunurluklu-yesil-lazer-pointer-sarjli","title":{"rendered":"Uzun Mesafe G\u00f6r\u00fcn\u00fcrl\u00fckl\u00fc Ye\u015fil Lazer Pointer \u015earjl\u0131"},"content":{"rendered":"<p>Bu ye\u015fil, y\u00fcksek g\u00f6r\u00fcn\u00fcrl\u00fck ve g\u00fc\u00e7l\u00fc \u0131\u015f\u0131n yap\u0131s\u0131 ile profesyonel ihtiya\u00e7lara y\u00f6nelik geli\u015ftirilmi\u015ftir. Ye\u015fil lazer \u0131\u015f\u0131\u011f\u0131, k\u0131rm\u0131z\u0131 lazerlere k\u0131yasla \u00e7ok daha uzak mesafelerden fark edilir.M\u00fcteahhitler ve mimarlar i\u00e7in b\u00fcy\u00fck alanlarda nesne i\u015faretleme, do\u011fa sporlar\u0131nda y\u00f6n belirleme ve acil durumlarda sinyal verme gibi bir\u00e7ok kullan\u0131m alan\u0131 sunar. Bal\u0131k\u00e7\u0131l\u0131k faaliyetlerinde su i\u00e7indeki hareketli \u0131\u015f\u0131n etkisiyle baz\u0131 bal\u0131k t\u00fcrlerinin y\u00f6nlendirilmesine yard\u0131mc\u0131 olabilir.\u015earjl\u0131 yap\u0131s\u0131 ve dayan\u0131kl\u0131 g\u00f6vdesi ile uzun \u00f6m\u00fcrl\u00fc kullan\u0131m sa\u011flar. G\u00fcvenlik Talimat\u0131:18 ya\u015f alt\u0131 kullan\u0131c\u0131lar i\u00e7in uygun de\u011fildir. G\u00f6z ile temas ettirilmemelidir.<\/p>\n","protected":false},"excerpt":{"rendered":"<p>Bu ye\u015fil, y\u00fcksek g\u00f6r\u00fcn\u00fcrl\u00fck ve g\u00fc\u00e7l\u00fc \u0131\u015f\u0131n yap\u0131s\u0131 ile profesyonel ihtiya\u00e7lara y\u00f6nelik geli\u015ftirilmi\u015ftir. Ye\u015fil lazer \u0131\u015f\u0131\u011f\u0131, k\u0131rm\u0131z\u0131 lazerlere k\u0131yasla \u00e7ok daha uzak mesafelerden fark edilir.M\u00fcteahhitler ve mimarlar i\u00e7in b\u00fcy\u00fck alanlarda nesne i\u015faretleme, do\u011fa sporlar\u0131nda y\u00f6n belirleme ve acil durumlarda sinyal verme gibi bir\u00e7ok kullan\u0131m alan\u0131 sunar. Bal\u0131k\u00e7\u0131l\u0131k faaliyetlerinde su i\u00e7indeki hareketli \u0131\u015f\u0131n etkisiyle baz\u0131 bal\u0131k&#8230;<\/p>\n","protected":false},"featured_media":127271,"comment_status":"open","ping_status":"closed","template":"","meta":{"_kad_post_transparent":"","_kad_post_title":"","_kad_post_layout":"","_kad_post_sidebar_id":"","_kad_post_content_style":"","_kad_post_vertical_padding":"","_kad_post_feature":"","_kad_post_feature_position":"","_kad_post_header":false,"_kad_post_footer":false,"_kad_post_classname":""},"product_brand":[],"product_cat":[14933],"product_tag":[],"class_list":{"0":"post-127272","1":"product","2":"type-product","3":"status-publish","4":"has-post-thumbnail","6":"product_cat-led-isik-led-isik","8":"first","9":"instock","10":"purchasable","11":"product-type-simple","12":"entry","13":"content-bg","14":"loop-entry"},"_links":{"self":[{"href":"https:\/\/www.hediyepazar.com\/index.php?rest_route=\/wp\/v2\/product\/127272","targetHints":{"allow":["GET"]}}],"collection":[{"href":"https:\/\/www.hediyepazar.com\/index.php?rest_route=\/wp\/v2\/product"}],"about":[{"href":"https:\/\/www.hediyepazar.com\/index.php?rest_route=\/wp\/v2\/types\/product"}],"replies":[{"embeddable":true,"href":"https:\/\/www.hediyepazar.com\/index.php?rest_route=%2Fwp%2Fv2%2Fcomments&post=127272"}],"wp:featuredmedia":[{"embeddable":true,"href":"https:\/\/www.hediyepazar.com\/index.php?rest_route=\/wp\/v2\/media\/127271"}],"wp:attachment":[{"href":"https:\/\/www.hediyepazar.com\/index.php?rest_route=%2Fwp%2Fv2%2Fmedia&parent=127272"}],"wp:term":[{"taxonomy":"product_brand","embeddable":true,"href":"https:\/\/www.hediyepazar.com\/index.php?rest_route=%2Fwp%2Fv2%2Fproduct_brand&post=127272"},{"taxonomy":"product_cat","embeddable":true,"href":"https:\/\/www.hediyepazar.com\/index.php?rest_route=%2Fwp%2Fv2%2Fproduct_cat&post=127272"},{"taxonomy":"product_tag","embeddable":true,"href":"https:\/\/www.hediyepazar.com\/index.php?rest_route=%2Fwp%2Fv2%2Fproduct_tag&post=127272"}],"curies":[{"name":"wp","href":"https:\/\/api.w.org\/{rel}","templated":true}]}}