{"id":127280,"date":"2026-05-06T22:21:14","date_gmt":"2026-05-07T01:21:14","guid":{"rendered":"https:\/\/www.hediyepazar.com\/?product=tasinabilir-sarjli-guclu-hava-ufleme-aleti-cok-yonlu-kullanim-3"},"modified":"2026-05-06T22:21:14","modified_gmt":"2026-05-07T01:21:14","slug":"tasinabilir-sarjli-guclu-hava-ufleme-aleti-cok-yonlu-kullanim-3","status":"publish","type":"product","link":"https:\/\/www.hediyepazar.com\/?product=tasinabilir-sarjli-guclu-hava-ufleme-aleti-cok-yonlu-kullanim-3","title":{"rendered":"Ta\u015f\u0131nabilir \u015earjl\u0131 G\u00fc\u00e7l\u00fc Hava \u00dcfleme Aleti \u00c7ok Y\u00f6nl\u00fc Kullan\u0131m"},"content":{"rendered":"<p>Ta\u015f\u0131nabilir ve \u015farjl\u0131 yap\u0131s\u0131 sayesinde bu cihaz, g\u00fcnl\u00fck temizlik i\u015flerinde zamandan tasarruf ettirir. Klavye aras\u0131na ka\u00e7an k\u0131r\u0131nt\u0131lar, ara\u00e7 koltuk kenarlar\u0131ndaki tozlar ve dar alanlardaki kirleri etkili \u015fekilde temizler. 30 ila 120 dakika aras\u0131 kullan\u0131m sunan g\u00fc\u00e7l\u00fc bataryas\u0131 sayesinde uzun s\u00fcre kesintisiz \u00e7al\u0131\u015f\u0131r. \u00dc\u00e7 kademeli g\u00fc\u00e7 ayar\u0131 ile ihtiyac\u0131n\u0131za g\u00f6re ayarlayabilir, d\u00fc\u015f\u00fck modda sessiz temizlik yapabilir veya y\u00fcksek modda turbo g\u00fcc\u00fc kullanabilirsiniz. Sa\u011flam malzeme yap\u0131s\u0131 cihaz\u0131n uzun s\u00fcreli dayan\u0131kl\u0131l\u0131\u011f\u0131n\u0131 art\u0131r\u0131r. Hem ev hem de ara\u00e7 i\u00e7in vazge\u00e7ilmez bir temizlik yard\u0131mc\u0131s\u0131d\u0131r.<\/p>\n","protected":false},"excerpt":{"rendered":"<p>Ta\u015f\u0131nabilir ve \u015farjl\u0131 yap\u0131s\u0131 sayesinde bu cihaz, g\u00fcnl\u00fck temizlik i\u015flerinde zamandan tasarruf ettirir. Klavye aras\u0131na ka\u00e7an k\u0131r\u0131nt\u0131lar, ara\u00e7 koltuk kenarlar\u0131ndaki tozlar ve dar alanlardaki kirleri etkili \u015fekilde temizler. 30 ila 120 dakika aras\u0131 kullan\u0131m sunan g\u00fc\u00e7l\u00fc bataryas\u0131 sayesinde uzun s\u00fcre kesintisiz \u00e7al\u0131\u015f\u0131r. \u00dc\u00e7 kademeli g\u00fc\u00e7 ayar\u0131 ile ihtiyac\u0131n\u0131za g\u00f6re ayarlayabilir, d\u00fc\u015f\u00fck modda sessiz temizlik yapabilir&#8230;<\/p>\n","protected":false},"featured_media":127279,"comment_status":"open","ping_status":"closed","template":"","meta":{"_kad_post_transparent":"","_kad_post_title":"","_kad_post_layout":"","_kad_post_sidebar_id":"","_kad_post_content_style":"","_kad_post_vertical_padding":"","_kad_post_feature":"","_kad_post_feature_position":"","_kad_post_header":false,"_kad_post_footer":false,"_kad_post_classname":""},"product_brand":[],"product_cat":[15021],"product_tag":[],"class_list":{"0":"post-127280","1":"product","2":"type-product","3":"status-publish","4":"has-post-thumbnail","6":"product_cat-vantilator-vantilator","8":"first","9":"instock","10":"purchasable","11":"product-type-simple","12":"entry","13":"content-bg","14":"loop-entry"},"_links":{"self":[{"href":"https:\/\/www.hediyepazar.com\/index.php?rest_route=\/wp\/v2\/product\/127280","targetHints":{"allow":["GET"]}}],"collection":[{"href":"https:\/\/www.hediyepazar.com\/index.php?rest_route=\/wp\/v2\/product"}],"about":[{"href":"https:\/\/www.hediyepazar.com\/index.php?rest_route=\/wp\/v2\/types\/product"}],"replies":[{"embeddable":true,"href":"https:\/\/www.hediyepazar.com\/index.php?rest_route=%2Fwp%2Fv2%2Fcomments&post=127280"}],"wp:featuredmedia":[{"embeddable":true,"href":"https:\/\/www.hediyepazar.com\/index.php?rest_route=\/wp\/v2\/media\/127279"}],"wp:attachment":[{"href":"https:\/\/www.hediyepazar.com\/index.php?rest_route=%2Fwp%2Fv2%2Fmedia&parent=127280"}],"wp:term":[{"taxonomy":"product_brand","embeddable":true,"href":"https:\/\/www.hediyepazar.com\/index.php?rest_route=%2Fwp%2Fv2%2Fproduct_brand&post=127280"},{"taxonomy":"product_cat","embeddable":true,"href":"https:\/\/www.hediyepazar.com\/index.php?rest_route=%2Fwp%2Fv2%2Fproduct_cat&post=127280"},{"taxonomy":"product_tag","embeddable":true,"href":"https:\/\/www.hediyepazar.com\/index.php?rest_route=%2Fwp%2Fv2%2Fproduct_tag&post=127280"}],"curies":[{"name":"wp","href":"https:\/\/api.w.org\/{rel}","templated":true}]}}