{"id":127282,"date":"2026-05-06T22:21:19","date_gmt":"2026-05-07T01:21:19","guid":{"rendered":"https:\/\/www.hediyepazar.com\/?product=adimsayar-ve-nabiz-olcerli-sim-kartli-akilli-saat"},"modified":"2026-05-06T22:21:19","modified_gmt":"2026-05-07T01:21:19","slug":"adimsayar-ve-nabiz-olcerli-sim-kartli-akilli-saat","status":"publish","type":"product","link":"https:\/\/www.hediyepazar.com\/?product=adimsayar-ve-nabiz-olcerli-sim-kartli-akilli-saat","title":{"rendered":"Ad\u0131msayar ve Nab\u0131z \u00d6l\u00e7erli SIM Kartl\u0131 Ak\u0131ll\u0131 Saat"},"content":{"rendered":"<p>SIM kart uyumlu bu ak\u0131ll\u0131 saat, uygulama gerektirmeden do\u011frudan kullan\u0131m sunar. Sesli g\u00f6r\u00fc\u015fme, titre\u015fimli bildirim ve sa\u011fl\u0131k takibi \u00f6zellikleriyle \u00f6ne \u00e7\u0131kar.Nab\u0131z sens\u00f6r\u00fc ve uyku takibi, sa\u011fl\u0131\u011f\u0131n\u0131z\u0131 izlerken ad\u0131msayar hareket hedeflerinizi takip etmenizi sa\u011flar. Deri kordonlu \u015f\u0131k tasar\u0131m\u0131 her tarza uyum sa\u011flar.<\/p>\n","protected":false},"excerpt":{"rendered":"<p>SIM kart uyumlu bu ak\u0131ll\u0131 saat, uygulama gerektirmeden do\u011frudan kullan\u0131m sunar. Sesli g\u00f6r\u00fc\u015fme, titre\u015fimli bildirim ve sa\u011fl\u0131k takibi \u00f6zellikleriyle \u00f6ne \u00e7\u0131kar.Nab\u0131z sens\u00f6r\u00fc ve uyku takibi, sa\u011fl\u0131\u011f\u0131n\u0131z\u0131 izlerken ad\u0131msayar hareket hedeflerinizi takip etmenizi sa\u011flar. Deri kordonlu \u015f\u0131k tasar\u0131m\u0131 her tarza uyum sa\u011flar.<\/p>\n","protected":false},"featured_media":127281,"comment_status":"open","ping_status":"closed","template":"","meta":{"_kad_post_transparent":"","_kad_post_title":"","_kad_post_layout":"","_kad_post_sidebar_id":"","_kad_post_content_style":"","_kad_post_vertical_padding":"","_kad_post_feature":"","_kad_post_feature_position":"","_kad_post_header":false,"_kad_post_footer":false,"_kad_post_classname":""},"product_brand":[],"product_cat":[14935],"product_tag":[],"class_list":{"0":"post-127282","1":"product","2":"type-product","3":"status-publish","4":"has-post-thumbnail","6":"product_cat-akilli-saatler-akilli-saatler","8":"first","9":"instock","10":"purchasable","11":"product-type-simple","12":"entry","13":"content-bg","14":"loop-entry"},"_links":{"self":[{"href":"https:\/\/www.hediyepazar.com\/index.php?rest_route=\/wp\/v2\/product\/127282","targetHints":{"allow":["GET"]}}],"collection":[{"href":"https:\/\/www.hediyepazar.com\/index.php?rest_route=\/wp\/v2\/product"}],"about":[{"href":"https:\/\/www.hediyepazar.com\/index.php?rest_route=\/wp\/v2\/types\/product"}],"replies":[{"embeddable":true,"href":"https:\/\/www.hediyepazar.com\/index.php?rest_route=%2Fwp%2Fv2%2Fcomments&post=127282"}],"wp:featuredmedia":[{"embeddable":true,"href":"https:\/\/www.hediyepazar.com\/index.php?rest_route=\/wp\/v2\/media\/127281"}],"wp:attachment":[{"href":"https:\/\/www.hediyepazar.com\/index.php?rest_route=%2Fwp%2Fv2%2Fmedia&parent=127282"}],"wp:term":[{"taxonomy":"product_brand","embeddable":true,"href":"https:\/\/www.hediyepazar.com\/index.php?rest_route=%2Fwp%2Fv2%2Fproduct_brand&post=127282"},{"taxonomy":"product_cat","embeddable":true,"href":"https:\/\/www.hediyepazar.com\/index.php?rest_route=%2Fwp%2Fv2%2Fproduct_cat&post=127282"},{"taxonomy":"product_tag","embeddable":true,"href":"https:\/\/www.hediyepazar.com\/index.php?rest_route=%2Fwp%2Fv2%2Fproduct_tag&post=127282"}],"curies":[{"name":"wp","href":"https:\/\/api.w.org\/{rel}","templated":true}]}}