{"id":127286,"date":"2026-05-06T22:23:08","date_gmt":"2026-05-07T01:23:08","guid":{"rendered":"https:\/\/www.hediyepazar.com\/?product=gece-goruslu-arac-ici-kamera-full-hd-park-modlu"},"modified":"2026-05-06T22:23:08","modified_gmt":"2026-05-07T01:23:08","slug":"gece-goruslu-arac-ici-kamera-full-hd-park-modlu","status":"publish","type":"product","link":"https:\/\/www.hediyepazar.com\/?product=gece-goruslu-arac-ici-kamera-full-hd-park-modlu","title":{"rendered":"Gece G\u00f6r\u00fc\u015fl\u00fc Ara\u00e7 \u0130\u00e7i Kamera Full HD Park Modlu"},"content":{"rendered":"<p>Bu ara\u00e7 i\u00e7i kamera, g\u00fcnd\u00fcz ve gece fark etmeksizin y\u00fcksek performansl\u0131 kay\u0131t sa\u011flar. Full HD 1080P \u00e7\u00f6z\u00fcn\u00fcrl\u00fck ile net ve detayl\u0131 g\u00f6r\u00fcnt\u00fc elde edilir. \u00d6n ve arka kamera sistemi ile \u00e7ift y\u00f6nl\u00fc g\u00fcvenlik sa\u011flan\u0131r.170\u00b0 geni\u015f a\u00e7\u0131 lens daha geni\u015f yol g\u00f6r\u00fcnt\u00fcs\u00fc sunar. WDR teknolojisi \u0131\u015f\u0131k dengesi sa\u011flar. Gece g\u00f6r\u00fc\u015f \u00f6zelli\u011fi karanl\u0131k ortamlarda net kay\u0131t sunar.D\u00f6ng\u00fcsel kay\u0131t ve 32 GB microSD deste\u011fi sayesinde kesintisiz kullan\u0131m sa\u011flar. G-sens\u00f6r \u00e7arp\u0131\u015fma an\u0131nda kayd\u0131 kilitler.Park modu ve hareket alg\u0131lama ile 7\/24 ara\u00e7 g\u00fcvenli\u011fi sa\u011flan\u0131r. 4 in\u00e7 LCD ekran anl\u0131k g\u00f6r\u00fcnt\u00fc kontrol\u00fc sunar.Ara\u00e7 kameras\u0131, oto g\u00fcvenlik kameras\u0131 ve \u00e7ift lens ara\u00e7 DVR kategorisinde g\u00fc\u00e7l\u00fc bir \u00fcr\u00fcnd\u00fcr.<\/p>\n","protected":false},"excerpt":{"rendered":"<p>Bu ara\u00e7 i\u00e7i kamera, g\u00fcnd\u00fcz ve gece fark etmeksizin y\u00fcksek performansl\u0131 kay\u0131t sa\u011flar. Full HD 1080P \u00e7\u00f6z\u00fcn\u00fcrl\u00fck ile net ve detayl\u0131 g\u00f6r\u00fcnt\u00fc elde edilir. \u00d6n ve arka kamera sistemi ile \u00e7ift y\u00f6nl\u00fc g\u00fcvenlik sa\u011flan\u0131r.170\u00b0 geni\u015f a\u00e7\u0131 lens daha geni\u015f yol g\u00f6r\u00fcnt\u00fcs\u00fc sunar. WDR teknolojisi \u0131\u015f\u0131k dengesi sa\u011flar. Gece g\u00f6r\u00fc\u015f \u00f6zelli\u011fi karanl\u0131k ortamlarda net kay\u0131t sunar.D\u00f6ng\u00fcsel&#8230;<\/p>\n","protected":false},"featured_media":127285,"comment_status":"open","ping_status":"closed","template":"","meta":{"_kad_post_transparent":"","_kad_post_title":"","_kad_post_layout":"","_kad_post_sidebar_id":"","_kad_post_content_style":"","_kad_post_vertical_padding":"","_kad_post_feature":"","_kad_post_feature_position":"","_kad_post_header":false,"_kad_post_footer":false,"_kad_post_classname":""},"product_brand":[],"product_cat":[15062],"product_tag":[],"class_list":{"0":"post-127286","1":"product","2":"type-product","3":"status-publish","4":"has-post-thumbnail","6":"product_cat-arac-ici-kamera-arac-ici-kamera","8":"first","9":"instock","10":"purchasable","11":"product-type-simple","12":"entry","13":"content-bg","14":"loop-entry"},"_links":{"self":[{"href":"https:\/\/www.hediyepazar.com\/index.php?rest_route=\/wp\/v2\/product\/127286","targetHints":{"allow":["GET"]}}],"collection":[{"href":"https:\/\/www.hediyepazar.com\/index.php?rest_route=\/wp\/v2\/product"}],"about":[{"href":"https:\/\/www.hediyepazar.com\/index.php?rest_route=\/wp\/v2\/types\/product"}],"replies":[{"embeddable":true,"href":"https:\/\/www.hediyepazar.com\/index.php?rest_route=%2Fwp%2Fv2%2Fcomments&post=127286"}],"wp:featuredmedia":[{"embeddable":true,"href":"https:\/\/www.hediyepazar.com\/index.php?rest_route=\/wp\/v2\/media\/127285"}],"wp:attachment":[{"href":"https:\/\/www.hediyepazar.com\/index.php?rest_route=%2Fwp%2Fv2%2Fmedia&parent=127286"}],"wp:term":[{"taxonomy":"product_brand","embeddable":true,"href":"https:\/\/www.hediyepazar.com\/index.php?rest_route=%2Fwp%2Fv2%2Fproduct_brand&post=127286"},{"taxonomy":"product_cat","embeddable":true,"href":"https:\/\/www.hediyepazar.com\/index.php?rest_route=%2Fwp%2Fv2%2Fproduct_cat&post=127286"},{"taxonomy":"product_tag","embeddable":true,"href":"https:\/\/www.hediyepazar.com\/index.php?rest_route=%2Fwp%2Fv2%2Fproduct_tag&post=127286"}],"curies":[{"name":"wp","href":"https:\/\/api.w.org\/{rel}","templated":true}]}}