{"id":127304,"date":"2026-05-06T22:25:07","date_gmt":"2026-05-07T01:25:07","guid":{"rendered":"https:\/\/www.hediyepazar.com\/?product=tasinabilir-mini-dijital-kamera-1080p-hd-video-ve-fotograf-cekim"},"modified":"2026-05-06T22:25:07","modified_gmt":"2026-05-07T01:25:07","slug":"tasinabilir-mini-dijital-kamera-1080p-hd-video-ve-fotograf-cekim","status":"publish","type":"product","link":"https:\/\/www.hediyepazar.com\/?product=tasinabilir-mini-dijital-kamera-1080p-hd-video-ve-fotograf-cekim","title":{"rendered":"Ta\u015f\u0131nabilir Mini Dijital Kamera 1080P HD Video ve Foto\u011fraf \u00c7ekim"},"content":{"rendered":"<p>Ultra mini tasar\u0131m, y\u00fcksek \u00e7\u00f6z\u00fcn\u00fcrl\u00fck ve kolay kullan\u0131m bir arada. Bu mini dijital kamera hem amat\u00f6r hem de g\u00fcnl\u00fck kullan\u0131c\u0131lar i\u00e7in geli\u015ftirilmi\u015ftir. Cepte ta\u015f\u0131nabilir boyutu sayesinde her an yan\u0131n\u0131zda olabilir.1080P HD video ve foto\u011fraf \u00e7ekim deste\u011fi ile canl\u0131 g\u00f6r\u00fcnt\u00fcler sa\u011flar. IPS ekran sayesinde \u00e7ekimleri an\u0131nda kontrol edebilirsiniz. USB \u015farj \u00f6zelli\u011fi kullan\u0131m kolayl\u0131\u011f\u0131 sa\u011flar.Hafif, kompakt ve \u015f\u0131k tasar\u0131m\u0131 ile hediye olarak da tercih edilebilir. G\u00fcnl\u00fck kullan\u0131m i\u00e7in ideal bir mini kamerad\u0131r.<\/p>\n","protected":false},"excerpt":{"rendered":"<p>Ultra mini tasar\u0131m, y\u00fcksek \u00e7\u00f6z\u00fcn\u00fcrl\u00fck ve kolay kullan\u0131m bir arada. Bu mini dijital kamera hem amat\u00f6r hem de g\u00fcnl\u00fck kullan\u0131c\u0131lar i\u00e7in geli\u015ftirilmi\u015ftir. Cepte ta\u015f\u0131nabilir boyutu sayesinde her an yan\u0131n\u0131zda olabilir.1080P HD video ve foto\u011fraf \u00e7ekim deste\u011fi ile canl\u0131 g\u00f6r\u00fcnt\u00fcler sa\u011flar. IPS ekran sayesinde \u00e7ekimleri an\u0131nda kontrol edebilirsiniz. USB \u015farj \u00f6zelli\u011fi kullan\u0131m kolayl\u0131\u011f\u0131 sa\u011flar.Hafif, kompakt ve&#8230;<\/p>\n","protected":false},"featured_media":127303,"comment_status":"open","ping_status":"closed","template":"","meta":{"_kad_post_transparent":"","_kad_post_title":"","_kad_post_layout":"","_kad_post_sidebar_id":"","_kad_post_content_style":"","_kad_post_vertical_padding":"","_kad_post_feature":"","_kad_post_feature_position":"","_kad_post_header":false,"_kad_post_footer":false,"_kad_post_classname":""},"product_brand":[],"product_cat":[14987],"product_tag":[],"class_list":{"0":"post-127304","1":"product","2":"type-product","3":"status-publish","4":"has-post-thumbnail","6":"product_cat-cocuk-kamera-cocuk-kamera","8":"first","9":"instock","10":"purchasable","11":"product-type-simple","12":"entry","13":"content-bg","14":"loop-entry"},"_links":{"self":[{"href":"https:\/\/www.hediyepazar.com\/index.php?rest_route=\/wp\/v2\/product\/127304","targetHints":{"allow":["GET"]}}],"collection":[{"href":"https:\/\/www.hediyepazar.com\/index.php?rest_route=\/wp\/v2\/product"}],"about":[{"href":"https:\/\/www.hediyepazar.com\/index.php?rest_route=\/wp\/v2\/types\/product"}],"replies":[{"embeddable":true,"href":"https:\/\/www.hediyepazar.com\/index.php?rest_route=%2Fwp%2Fv2%2Fcomments&post=127304"}],"wp:featuredmedia":[{"embeddable":true,"href":"https:\/\/www.hediyepazar.com\/index.php?rest_route=\/wp\/v2\/media\/127303"}],"wp:attachment":[{"href":"https:\/\/www.hediyepazar.com\/index.php?rest_route=%2Fwp%2Fv2%2Fmedia&parent=127304"}],"wp:term":[{"taxonomy":"product_brand","embeddable":true,"href":"https:\/\/www.hediyepazar.com\/index.php?rest_route=%2Fwp%2Fv2%2Fproduct_brand&post=127304"},{"taxonomy":"product_cat","embeddable":true,"href":"https:\/\/www.hediyepazar.com\/index.php?rest_route=%2Fwp%2Fv2%2Fproduct_cat&post=127304"},{"taxonomy":"product_tag","embeddable":true,"href":"https:\/\/www.hediyepazar.com\/index.php?rest_route=%2Fwp%2Fv2%2Fproduct_tag&post=127304"}],"curies":[{"name":"wp","href":"https:\/\/api.w.org\/{rel}","templated":true}]}}