{"id":127318,"date":"2026-05-06T22:26:18","date_gmt":"2026-05-07T01:26:18","guid":{"rendered":"https:\/\/www.hediyepazar.com\/?product=3-kademe-isitmali-ve-titresimli-bel-destek-kemeri-ergonomik-tasarim"},"modified":"2026-05-06T22:26:18","modified_gmt":"2026-05-07T01:26:18","slug":"3-kademe-isitmali-ve-titresimli-bel-destek-kemeri-ergonomik-tasarim","status":"publish","type":"product","link":"https:\/\/www.hediyepazar.com\/?product=3-kademe-isitmali-ve-titresimli-bel-destek-kemeri-ergonomik-tasarim","title":{"rendered":"3 Kademe Is\u0131tmal\u0131 ve Titre\u015fimli Bel Destek Kemeri Ergonomik Tasar\u0131m"},"content":{"rendered":"<p>G\u00fcnl\u00fck hayat\u0131n temposunda bel b\u00f6lgesinde olu\u015fan gerginlik i\u00e7in geli\u015ftirilen \u0131s\u0131tmal\u0131 titre\u015fimli bel destek kemeri, s\u0131cakl\u0131k ve masaj\u0131 bir araya getirir. Ergonomik yap\u0131s\u0131 sayesinde bel formuna uyum sa\u011flar ve rahat bir kullan\u0131m sunar.48\u00b0C, 53\u00b0C ve 58\u00b0C s\u0131cakl\u0131k se\u00e7enekleri ile ihtiyac\u0131n\u0131za g\u00f6re ayarlanabilir. Is\u0131 kaslar\u0131n gev\u015femesine yard\u0131mc\u0131 olur ve rahatlama hissi olu\u015fturur.Standart, yumu\u015fak ve yo\u011fun masaj modlar\u0131 ile farkl\u0131 kullan\u0131m se\u00e7enekleri sunar. Kablosuz tasar\u0131m\u0131 sayesinde hareket \u00f6zg\u00fcrl\u00fc\u011f\u00fc sa\u011flar.2000mAh batarya kapasitesi uzun s\u00fcreli kullan\u0131m sunar. USB ile kolayca \u015farj edilir.15 dakikal\u0131k otomatik kapanma \u00f6zelli\u011fi g\u00fcvenli kullan\u0131m sa\u011flar. G\u00fcnl\u00fck konfor i\u00e7in ideal bir \u00e7\u00f6z\u00fcmd\u00fcr.<\/p>\n","protected":false},"excerpt":{"rendered":"<p>G\u00fcnl\u00fck hayat\u0131n temposunda bel b\u00f6lgesinde olu\u015fan gerginlik i\u00e7in geli\u015ftirilen \u0131s\u0131tmal\u0131 titre\u015fimli bel destek kemeri, s\u0131cakl\u0131k ve masaj\u0131 bir araya getirir. Ergonomik yap\u0131s\u0131 sayesinde bel formuna uyum sa\u011flar ve rahat bir kullan\u0131m sunar.48\u00b0C, 53\u00b0C ve 58\u00b0C s\u0131cakl\u0131k se\u00e7enekleri ile ihtiyac\u0131n\u0131za g\u00f6re ayarlanabilir. Is\u0131 kaslar\u0131n gev\u015femesine yard\u0131mc\u0131 olur ve rahatlama hissi olu\u015fturur.Standart, yumu\u015fak ve yo\u011fun masaj modlar\u0131&#8230;<\/p>\n","protected":false},"featured_media":127317,"comment_status":"open","ping_status":"closed","template":"","meta":{"_kad_post_transparent":"","_kad_post_title":"","_kad_post_layout":"","_kad_post_sidebar_id":"","_kad_post_content_style":"","_kad_post_vertical_padding":"","_kad_post_feature":"","_kad_post_feature_position":"","_kad_post_header":false,"_kad_post_footer":false,"_kad_post_classname":""},"product_brand":[],"product_cat":[14939],"product_tag":[],"class_list":{"0":"post-127318","1":"product","2":"type-product","3":"status-publish","4":"has-post-thumbnail","6":"product_cat-masaj-cihazi-masaj-cihazi","8":"first","9":"instock","10":"purchasable","11":"product-type-simple","12":"entry","13":"content-bg","14":"loop-entry"},"_links":{"self":[{"href":"https:\/\/www.hediyepazar.com\/index.php?rest_route=\/wp\/v2\/product\/127318","targetHints":{"allow":["GET"]}}],"collection":[{"href":"https:\/\/www.hediyepazar.com\/index.php?rest_route=\/wp\/v2\/product"}],"about":[{"href":"https:\/\/www.hediyepazar.com\/index.php?rest_route=\/wp\/v2\/types\/product"}],"replies":[{"embeddable":true,"href":"https:\/\/www.hediyepazar.com\/index.php?rest_route=%2Fwp%2Fv2%2Fcomments&post=127318"}],"wp:featuredmedia":[{"embeddable":true,"href":"https:\/\/www.hediyepazar.com\/index.php?rest_route=\/wp\/v2\/media\/127317"}],"wp:attachment":[{"href":"https:\/\/www.hediyepazar.com\/index.php?rest_route=%2Fwp%2Fv2%2Fmedia&parent=127318"}],"wp:term":[{"taxonomy":"product_brand","embeddable":true,"href":"https:\/\/www.hediyepazar.com\/index.php?rest_route=%2Fwp%2Fv2%2Fproduct_brand&post=127318"},{"taxonomy":"product_cat","embeddable":true,"href":"https:\/\/www.hediyepazar.com\/index.php?rest_route=%2Fwp%2Fv2%2Fproduct_cat&post=127318"},{"taxonomy":"product_tag","embeddable":true,"href":"https:\/\/www.hediyepazar.com\/index.php?rest_route=%2Fwp%2Fv2%2Fproduct_tag&post=127318"}],"curies":[{"name":"wp","href":"https:\/\/api.w.org\/{rel}","templated":true}]}}