{"id":127334,"date":"2026-05-06T22:28:17","date_gmt":"2026-05-07T01:28:17","guid":{"rendered":"https:\/\/www.hediyepazar.com\/?product=app-kontrollu-kamerali-mini-drone-headless-mod-ozellikli"},"modified":"2026-05-06T22:28:17","modified_gmt":"2026-05-07T01:28:17","slug":"app-kontrollu-kamerali-mini-drone-headless-mod-ozellikli","status":"publish","type":"product","link":"https:\/\/www.hediyepazar.com\/?product=app-kontrollu-kamerali-mini-drone-headless-mod-ozellikli","title":{"rendered":"APP Kontroll\u00fc Kameral\u0131 Mini Drone Headless Mod \u00d6zellikli"},"content":{"rendered":"<p>APP kontroll\u00fc kameral\u0131 mini drone modeli, ak\u0131ll\u0131 u\u00e7u\u015f sistemleri ile donat\u0131lm\u0131\u015ft\u0131r.Headless mode \u00f6zelli\u011fi kullan\u0131m kolayl\u0131\u011f\u0131 sa\u011flar. Optical hover sistemi sabit duru\u015f sunar.Gesture photo deste\u011fi ile el hareketi ile \u00e7ekim yap\u0131labilir.LED \u0131\u015f\u0131k sistemi gece kullan\u0131m\u0131na uygundur.Mobil uygulama ba\u011flant\u0131s\u0131 sayesinde geli\u015fmi\u015f kontrol imkan\u0131 sunar.<\/p>\n","protected":false},"excerpt":{"rendered":"<p>APP kontroll\u00fc kameral\u0131 mini drone modeli, ak\u0131ll\u0131 u\u00e7u\u015f sistemleri ile donat\u0131lm\u0131\u015ft\u0131r.Headless mode \u00f6zelli\u011fi kullan\u0131m kolayl\u0131\u011f\u0131 sa\u011flar. Optical hover sistemi sabit duru\u015f sunar.Gesture photo deste\u011fi ile el hareketi ile \u00e7ekim yap\u0131labilir.LED \u0131\u015f\u0131k sistemi gece kullan\u0131m\u0131na uygundur.Mobil uygulama ba\u011flant\u0131s\u0131 sayesinde geli\u015fmi\u015f kontrol imkan\u0131 sunar.<\/p>\n","protected":false},"featured_media":127333,"comment_status":"open","ping_status":"closed","template":"","meta":{"_kad_post_transparent":"","_kad_post_title":"","_kad_post_layout":"","_kad_post_sidebar_id":"","_kad_post_content_style":"","_kad_post_vertical_padding":"","_kad_post_feature":"","_kad_post_feature_position":"","_kad_post_header":false,"_kad_post_footer":false,"_kad_post_classname":""},"product_brand":[],"product_cat":[15086],"product_tag":[],"class_list":{"0":"post-127334","1":"product","2":"type-product","3":"status-publish","4":"has-post-thumbnail","6":"product_cat-drone-drone","8":"first","9":"instock","10":"purchasable","11":"product-type-simple","12":"entry","13":"content-bg","14":"loop-entry"},"_links":{"self":[{"href":"https:\/\/www.hediyepazar.com\/index.php?rest_route=\/wp\/v2\/product\/127334","targetHints":{"allow":["GET"]}}],"collection":[{"href":"https:\/\/www.hediyepazar.com\/index.php?rest_route=\/wp\/v2\/product"}],"about":[{"href":"https:\/\/www.hediyepazar.com\/index.php?rest_route=\/wp\/v2\/types\/product"}],"replies":[{"embeddable":true,"href":"https:\/\/www.hediyepazar.com\/index.php?rest_route=%2Fwp%2Fv2%2Fcomments&post=127334"}],"wp:featuredmedia":[{"embeddable":true,"href":"https:\/\/www.hediyepazar.com\/index.php?rest_route=\/wp\/v2\/media\/127333"}],"wp:attachment":[{"href":"https:\/\/www.hediyepazar.com\/index.php?rest_route=%2Fwp%2Fv2%2Fmedia&parent=127334"}],"wp:term":[{"taxonomy":"product_brand","embeddable":true,"href":"https:\/\/www.hediyepazar.com\/index.php?rest_route=%2Fwp%2Fv2%2Fproduct_brand&post=127334"},{"taxonomy":"product_cat","embeddable":true,"href":"https:\/\/www.hediyepazar.com\/index.php?rest_route=%2Fwp%2Fv2%2Fproduct_cat&post=127334"},{"taxonomy":"product_tag","embeddable":true,"href":"https:\/\/www.hediyepazar.com\/index.php?rest_route=%2Fwp%2Fv2%2Fproduct_tag&post=127334"}],"curies":[{"name":"wp","href":"https:\/\/api.w.org\/{rel}","templated":true}]}}