{"id":127336,"date":"2026-05-06T22:28:21","date_gmt":"2026-05-07T01:28:21","guid":{"rendered":"https:\/\/www.hediyepazar.com\/?product=mini-drone-fotograf-ve-video-cekimli-optical-hover-sistemli"},"modified":"2026-05-06T22:28:21","modified_gmt":"2026-05-07T01:28:21","slug":"mini-drone-fotograf-ve-video-cekimli-optical-hover-sistemli","status":"publish","type":"product","link":"https:\/\/www.hediyepazar.com\/?product=mini-drone-fotograf-ve-video-cekimli-optical-hover-sistemli","title":{"rendered":"Mini Drone Foto\u011fraf ve Video \u00c7ekimli Optical Hover Sistemli"},"content":{"rendered":"<p>Mini Drone Foto\u011fraf ve Video \u00c7ekimli Optical Hover Sistemli model, havadan \u00e7ekim yapmak isteyen kullan\u0131c\u0131lar i\u00e7in pratik ve e\u011flenceli bir se\u00e7enektir.Optical flow hover sistemi sayesinde stabil u\u00e7u\u015f sa\u011flar. Headless mode ile y\u00f6n kontrol\u00fc kolayd\u0131r.Gesture kontrol \u00f6zelli\u011fi ile foto\u011fraf \u00e7ekimi pratik hale gelir. LED \u0131\u015f\u0131k sistemi gece kullan\u0131m\u0131na uygundur.APP kontrol deste\u011fi ile mobil ba\u011flant\u0131 m\u00fcmk\u00fcnd\u00fcr.B\u00fcy\u00fck kapasiteli batarya sayesinde uzun u\u00e7u\u015f s\u00fcresi sunar.<\/p>\n","protected":false},"excerpt":{"rendered":"<p>Mini Drone Foto\u011fraf ve Video \u00c7ekimli Optical Hover Sistemli model, havadan \u00e7ekim yapmak isteyen kullan\u0131c\u0131lar i\u00e7in pratik ve e\u011flenceli bir se\u00e7enektir.Optical flow hover sistemi sayesinde stabil u\u00e7u\u015f sa\u011flar. Headless mode ile y\u00f6n kontrol\u00fc kolayd\u0131r.Gesture kontrol \u00f6zelli\u011fi ile foto\u011fraf \u00e7ekimi pratik hale gelir. LED \u0131\u015f\u0131k sistemi gece kullan\u0131m\u0131na uygundur.APP kontrol deste\u011fi ile mobil ba\u011flant\u0131 m\u00fcmk\u00fcnd\u00fcr.B\u00fcy\u00fck kapasiteli&#8230;<\/p>\n","protected":false},"featured_media":127335,"comment_status":"open","ping_status":"closed","template":"","meta":{"_kad_post_transparent":"","_kad_post_title":"","_kad_post_layout":"","_kad_post_sidebar_id":"","_kad_post_content_style":"","_kad_post_vertical_padding":"","_kad_post_feature":"","_kad_post_feature_position":"","_kad_post_header":false,"_kad_post_footer":false,"_kad_post_classname":""},"product_brand":[],"product_cat":[15086],"product_tag":[],"class_list":{"0":"post-127336","1":"product","2":"type-product","3":"status-publish","4":"has-post-thumbnail","6":"product_cat-drone-drone","8":"first","9":"instock","10":"purchasable","11":"product-type-simple","12":"entry","13":"content-bg","14":"loop-entry"},"_links":{"self":[{"href":"https:\/\/www.hediyepazar.com\/index.php?rest_route=\/wp\/v2\/product\/127336","targetHints":{"allow":["GET"]}}],"collection":[{"href":"https:\/\/www.hediyepazar.com\/index.php?rest_route=\/wp\/v2\/product"}],"about":[{"href":"https:\/\/www.hediyepazar.com\/index.php?rest_route=\/wp\/v2\/types\/product"}],"replies":[{"embeddable":true,"href":"https:\/\/www.hediyepazar.com\/index.php?rest_route=%2Fwp%2Fv2%2Fcomments&post=127336"}],"wp:featuredmedia":[{"embeddable":true,"href":"https:\/\/www.hediyepazar.com\/index.php?rest_route=\/wp\/v2\/media\/127335"}],"wp:attachment":[{"href":"https:\/\/www.hediyepazar.com\/index.php?rest_route=%2Fwp%2Fv2%2Fmedia&parent=127336"}],"wp:term":[{"taxonomy":"product_brand","embeddable":true,"href":"https:\/\/www.hediyepazar.com\/index.php?rest_route=%2Fwp%2Fv2%2Fproduct_brand&post=127336"},{"taxonomy":"product_cat","embeddable":true,"href":"https:\/\/www.hediyepazar.com\/index.php?rest_route=%2Fwp%2Fv2%2Fproduct_cat&post=127336"},{"taxonomy":"product_tag","embeddable":true,"href":"https:\/\/www.hediyepazar.com\/index.php?rest_route=%2Fwp%2Fv2%2Fproduct_tag&post=127336"}],"curies":[{"name":"wp","href":"https:\/\/api.w.org\/{rel}","templated":true}]}}