{"id":127338,"date":"2026-05-06T22:30:00","date_gmt":"2026-05-07T01:30:00","guid":{"rendered":"https:\/\/www.hediyepazar.com\/?product=led-isikli-mini-drone-kamerali-headless-ve-app-destekli"},"modified":"2026-05-06T22:30:00","modified_gmt":"2026-05-07T01:30:00","slug":"led-isikli-mini-drone-kamerali-headless-ve-app-destekli","status":"publish","type":"product","link":"https:\/\/www.hediyepazar.com\/?product=led-isikli-mini-drone-kamerali-headless-ve-app-destekli","title":{"rendered":"LED I\u015f\u0131kl\u0131 Mini Drone Kameral\u0131 Headless ve APP Destekli"},"content":{"rendered":"<p>LED I\u015f\u0131kl\u0131 Mini Drone Kameral\u0131 Headless ve APP Destekli modeli, kompakt boyutlar\u0131 ve geli\u015fmi\u015f \u00f6zellikleri ile dikkat \u00e7eker. Aerial kamera sistemi sayesinde havadan g\u00f6r\u00fcnt\u00fc kayd\u0131 yapabilir, y\u00fcksek a\u00e7\u0131dan \u00e7ekim deneyimi ya\u015fayabilirsiniz.Headless mode \u00f6zelli\u011fi y\u00f6n kontrol\u00fcn\u00fc kolayla\u015ft\u0131r\u0131r. Optical flow hover sistemi sabit u\u00e7u\u015f sa\u011flar. Gesture manipulation ile el hareketiyle kontrol m\u00fcmk\u00fcnd\u00fcr.LED \u0131\u015f\u0131k sistemi gece u\u00e7u\u015flar\u0131nda g\u00f6r\u00fcn\u00fcrl\u00fck sa\u011flar. B\u00fcy\u00fck batarya kapasitesi ile daha uzun s\u00fcreli kullan\u0131m imkan\u0131 sunar.Mobil APP kontrol \u00f6zelli\u011fi sayesinde ak\u0131ll\u0131 telefon \u00fczerinden u\u00e7u\u015f y\u00f6nlendirmesi yap\u0131labilir. Bu sayede daha geli\u015fmi\u015f kontrol imkan\u0131 sunar.Hafif ve ta\u015f\u0131nabilir tasar\u0131m\u0131 ile her ortamda kullan\u0131labilir.<\/p>\n","protected":false},"excerpt":{"rendered":"<p>LED I\u015f\u0131kl\u0131 Mini Drone Kameral\u0131 Headless ve APP Destekli modeli, kompakt boyutlar\u0131 ve geli\u015fmi\u015f \u00f6zellikleri ile dikkat \u00e7eker. Aerial kamera sistemi sayesinde havadan g\u00f6r\u00fcnt\u00fc kayd\u0131 yapabilir, y\u00fcksek a\u00e7\u0131dan \u00e7ekim deneyimi ya\u015fayabilirsiniz.Headless mode \u00f6zelli\u011fi y\u00f6n kontrol\u00fcn\u00fc kolayla\u015ft\u0131r\u0131r. Optical flow hover sistemi sabit u\u00e7u\u015f sa\u011flar. Gesture manipulation ile el hareketiyle kontrol m\u00fcmk\u00fcnd\u00fcr.LED \u0131\u015f\u0131k sistemi gece u\u00e7u\u015flar\u0131nda g\u00f6r\u00fcn\u00fcrl\u00fck&#8230;<\/p>\n","protected":false},"featured_media":127337,"comment_status":"open","ping_status":"closed","template":"","meta":{"_kad_post_transparent":"","_kad_post_title":"","_kad_post_layout":"","_kad_post_sidebar_id":"","_kad_post_content_style":"","_kad_post_vertical_padding":"","_kad_post_feature":"","_kad_post_feature_position":"","_kad_post_header":false,"_kad_post_footer":false,"_kad_post_classname":""},"product_brand":[],"product_cat":[15086],"product_tag":[],"class_list":{"0":"post-127338","1":"product","2":"type-product","3":"status-publish","4":"has-post-thumbnail","6":"product_cat-drone-drone","8":"first","9":"instock","10":"purchasable","11":"product-type-simple","12":"entry","13":"content-bg","14":"loop-entry"},"_links":{"self":[{"href":"https:\/\/www.hediyepazar.com\/index.php?rest_route=\/wp\/v2\/product\/127338","targetHints":{"allow":["GET"]}}],"collection":[{"href":"https:\/\/www.hediyepazar.com\/index.php?rest_route=\/wp\/v2\/product"}],"about":[{"href":"https:\/\/www.hediyepazar.com\/index.php?rest_route=\/wp\/v2\/types\/product"}],"replies":[{"embeddable":true,"href":"https:\/\/www.hediyepazar.com\/index.php?rest_route=%2Fwp%2Fv2%2Fcomments&post=127338"}],"wp:featuredmedia":[{"embeddable":true,"href":"https:\/\/www.hediyepazar.com\/index.php?rest_route=\/wp\/v2\/media\/127337"}],"wp:attachment":[{"href":"https:\/\/www.hediyepazar.com\/index.php?rest_route=%2Fwp%2Fv2%2Fmedia&parent=127338"}],"wp:term":[{"taxonomy":"product_brand","embeddable":true,"href":"https:\/\/www.hediyepazar.com\/index.php?rest_route=%2Fwp%2Fv2%2Fproduct_brand&post=127338"},{"taxonomy":"product_cat","embeddable":true,"href":"https:\/\/www.hediyepazar.com\/index.php?rest_route=%2Fwp%2Fv2%2Fproduct_cat&post=127338"},{"taxonomy":"product_tag","embeddable":true,"href":"https:\/\/www.hediyepazar.com\/index.php?rest_route=%2Fwp%2Fv2%2Fproduct_tag&post=127338"}],"curies":[{"name":"wp","href":"https:\/\/api.w.org\/{rel}","templated":true}]}}