{"id":127340,"date":"2026-05-06T22:30:09","date_gmt":"2026-05-07T01:30:09","guid":{"rendered":"https:\/\/www.hediyepazar.com\/?product=kamerali-mini-drone-optical-flow-hover-app-kontrollu"},"modified":"2026-05-06T22:30:09","modified_gmt":"2026-05-07T01:30:09","slug":"kamerali-mini-drone-optical-flow-hover-app-kontrollu","status":"publish","type":"product","link":"https:\/\/www.hediyepazar.com\/?product=kamerali-mini-drone-optical-flow-hover-app-kontrollu","title":{"rendered":"Kameral\u0131 Mini Drone Optical Flow Hover APP Kontroll\u00fc"},"content":{"rendered":"<p>Kameral\u0131 Mini Drone Optical Flow Hover APP Kontroll\u00fc modeli, modern u\u00e7u\u015f teknolojisini kompakt tasar\u0131m ile bir araya getirir. Aerial kamera sistemi sayesinde havadan y\u00fcksek a\u00e7\u0131dan \u00e7ekim yapabilir, foto\u011fraf ve video kay\u0131tlar\u0131 olu\u015fturabilirsiniz. Sosyal medya i\u00e7erikleri, do\u011fa \u00e7ekimleri ve e\u011flenceli aktiviteler i\u00e7in ideal bir \u00e7\u00f6z\u00fcmd\u00fcr.Optical flow hover teknolojisi, drone\u2019un havada daha dengeli kalmas\u0131n\u0131 sa\u011flar. Bu sistem, \u00f6zellikle sabit \u00e7ekim yapmak isteyen kullan\u0131c\u0131lar i\u00e7in b\u00fcy\u00fck avantaj sunar. Daha net g\u00f6r\u00fcnt\u00fcler ve daha stabil u\u00e7u\u015f deneyimi sa\u011flar.Headless mode \u00f6zelli\u011fi y\u00f6n kar\u0131\u015f\u0131kl\u0131\u011f\u0131n\u0131 ortadan kald\u0131r\u0131r. Drone kumanda y\u00f6n\u00fcne g\u00f6re hareket eder ve kullan\u0131m kolayl\u0131\u011f\u0131 sa\u011flar. Yeni ba\u015flayanlar i\u00e7in idealdir.Gesture photography deste\u011fi ile el hareketiyle foto\u011fraf \u00e7ekimi yap\u0131labilir. Modern kontrol sistemi sayesinde e\u011flenceli bir deneyim sunar.LED \u0131\u015f\u0131k sistemi gece kullan\u0131mlar\u0131nda hem estetik hem g\u00fcvenlik sa\u011flar. B\u00fcy\u00fck kapasiteli batarya ile daha uzun u\u00e7u\u015f s\u00fcresi sunar.Mobil uygulama deste\u011fi sayesinde APP \u00fczerinden kontrol sa\u011flanabilir ve u\u00e7u\u015f deneyimi daha da geli\u015fmi\u015f hale gelir.<\/p>\n","protected":false},"excerpt":{"rendered":"<p>Kameral\u0131 Mini Drone Optical Flow Hover APP Kontroll\u00fc modeli, modern u\u00e7u\u015f teknolojisini kompakt tasar\u0131m ile bir araya getirir. Aerial kamera sistemi sayesinde havadan y\u00fcksek a\u00e7\u0131dan \u00e7ekim yapabilir, foto\u011fraf ve video kay\u0131tlar\u0131 olu\u015fturabilirsiniz. Sosyal medya i\u00e7erikleri, do\u011fa \u00e7ekimleri ve e\u011flenceli aktiviteler i\u00e7in ideal bir \u00e7\u00f6z\u00fcmd\u00fcr.Optical flow hover teknolojisi, drone\u2019un havada daha dengeli kalmas\u0131n\u0131 sa\u011flar. Bu sistem,&#8230;<\/p>\n","protected":false},"featured_media":127339,"comment_status":"open","ping_status":"closed","template":"","meta":{"_kad_post_transparent":"","_kad_post_title":"","_kad_post_layout":"","_kad_post_sidebar_id":"","_kad_post_content_style":"","_kad_post_vertical_padding":"","_kad_post_feature":"","_kad_post_feature_position":"","_kad_post_header":false,"_kad_post_footer":false,"_kad_post_classname":""},"product_brand":[],"product_cat":[15086],"product_tag":[],"class_list":{"0":"post-127340","1":"product","2":"type-product","3":"status-publish","4":"has-post-thumbnail","6":"product_cat-drone-drone","8":"first","9":"instock","10":"purchasable","11":"product-type-simple","12":"entry","13":"content-bg","14":"loop-entry"},"_links":{"self":[{"href":"https:\/\/www.hediyepazar.com\/index.php?rest_route=\/wp\/v2\/product\/127340","targetHints":{"allow":["GET"]}}],"collection":[{"href":"https:\/\/www.hediyepazar.com\/index.php?rest_route=\/wp\/v2\/product"}],"about":[{"href":"https:\/\/www.hediyepazar.com\/index.php?rest_route=\/wp\/v2\/types\/product"}],"replies":[{"embeddable":true,"href":"https:\/\/www.hediyepazar.com\/index.php?rest_route=%2Fwp%2Fv2%2Fcomments&post=127340"}],"wp:featuredmedia":[{"embeddable":true,"href":"https:\/\/www.hediyepazar.com\/index.php?rest_route=\/wp\/v2\/media\/127339"}],"wp:attachment":[{"href":"https:\/\/www.hediyepazar.com\/index.php?rest_route=%2Fwp%2Fv2%2Fmedia&parent=127340"}],"wp:term":[{"taxonomy":"product_brand","embeddable":true,"href":"https:\/\/www.hediyepazar.com\/index.php?rest_route=%2Fwp%2Fv2%2Fproduct_brand&post=127340"},{"taxonomy":"product_cat","embeddable":true,"href":"https:\/\/www.hediyepazar.com\/index.php?rest_route=%2Fwp%2Fv2%2Fproduct_cat&post=127340"},{"taxonomy":"product_tag","embeddable":true,"href":"https:\/\/www.hediyepazar.com\/index.php?rest_route=%2Fwp%2Fv2%2Fproduct_tag&post=127340"}],"curies":[{"name":"wp","href":"https:\/\/api.w.org\/{rel}","templated":true}]}}