{"id":127342,"date":"2026-05-06T22:30:16","date_gmt":"2026-05-07T01:30:16","guid":{"rendered":"https:\/\/www.hediyepazar.com\/?product=mini-drone-kamerali-headless-mod-led-isikli-akilli-ucus-sistemi"},"modified":"2026-05-06T22:30:16","modified_gmt":"2026-05-07T01:30:16","slug":"mini-drone-kamerali-headless-mod-led-isikli-akilli-ucus-sistemi","status":"publish","type":"product","link":"https:\/\/www.hediyepazar.com\/?product=mini-drone-kamerali-headless-mod-led-isikli-akilli-ucus-sistemi","title":{"rendered":"Mini Drone Kameral\u0131 Headless Mod LED I\u015f\u0131kl\u0131 Ak\u0131ll\u0131 U\u00e7u\u015f Sistemi"},"content":{"rendered":"<p>Mini Drone Kameral\u0131 Headless Mod LED I\u015f\u0131kl\u0131 Ak\u0131ll\u0131 U\u00e7u\u015f Sistemi, hem ba\u015flang\u0131\u00e7 seviyesindeki kullan\u0131c\u0131lar hem de e\u011flenceli hava \u00e7ekimleri yapmak isteyenler i\u00e7in tasarlanm\u0131\u015f kompakt ve g\u00fc\u00e7l\u00fc bir drone modelidir. \u00dczerinde bulunan aerial kamera sayesinde havadan foto\u011fraf ve video \u00e7ekimi yapabilir, farkl\u0131 a\u00e7\u0131lardan benzersiz g\u00f6r\u00fcnt\u00fcler elde edebilirsiniz. G\u00fcnl\u00fck kullan\u0131m, sosyal medya i\u00e7erikleri ve e\u011flenceli an\u0131lar i\u00e7in ideal bir \u00e7\u00f6z\u00fcmd\u00fcr.Headless mode \u00f6zelli\u011fi sayesinde y\u00f6n karma\u015fas\u0131 ya\u015famadan kolay kontrol imkan\u0131 sunar. Bu \u00f6zellik \u00f6zellikle yeni ba\u015flayan kullan\u0131c\u0131lar i\u00e7in b\u00fcy\u00fck avantaj sa\u011flar. Drone\u2019un \u00f6n ve arka y\u00f6n\u00fcn\u00fc takip etmeden kumanda y\u00f6n\u00fcne g\u00f6re hareket ettirilebilir olmas\u0131 kullan\u0131m kolayl\u0131\u011f\u0131 sunar.Gesture manipulation yani el hareketi ile kontrol \u00f6zelli\u011fi sayesinde foto\u011fraf \u00e7ekimi daha pratik hale gelir. Sadece el hareketi yaparak komut verebilir, anl\u0131k \u00e7ekimler ger\u00e7ekle\u015ftirebilirsiniz. LED \u0131\u015f\u0131k sistemi gece u\u00e7u\u015flar\u0131nda hem g\u00f6rsel \u015f\u0131kl\u0131k hem de konum takibi sa\u011flar.Optical flow hover sistemi, havada sabit duru\u015fu destekler. B\u00f6ylece daha dengeli u\u00e7u\u015f ve net g\u00f6r\u00fcnt\u00fc elde edilir. G\u00fc\u00e7l\u00fc motor yap\u0131s\u0131 stabil performans sunar.B\u00fcy\u00fck kapasiteli bataryas\u0131 sayesinde uzun s\u00fcreli kullan\u0131m imkan\u0131 sa\u011flar. Mobil uygulama deste\u011fi ile APP \u00fczerinden kontrol sa\u011flanabilir.Kompakt yap\u0131s\u0131 sayesinde ta\u015f\u0131nabilir, hafif ve pratik bir drone modelidir. E\u011flence ve ke\u015fif i\u00e7in ideal bir se\u00e7enektir.<\/p>\n","protected":false},"excerpt":{"rendered":"<p>Mini Drone Kameral\u0131 Headless Mod LED I\u015f\u0131kl\u0131 Ak\u0131ll\u0131 U\u00e7u\u015f Sistemi, hem ba\u015flang\u0131\u00e7 seviyesindeki kullan\u0131c\u0131lar hem de e\u011flenceli hava \u00e7ekimleri yapmak isteyenler i\u00e7in tasarlanm\u0131\u015f kompakt ve g\u00fc\u00e7l\u00fc bir drone modelidir. \u00dczerinde bulunan aerial kamera sayesinde havadan foto\u011fraf ve video \u00e7ekimi yapabilir, farkl\u0131 a\u00e7\u0131lardan benzersiz g\u00f6r\u00fcnt\u00fcler elde edebilirsiniz. G\u00fcnl\u00fck kullan\u0131m, sosyal medya i\u00e7erikleri ve e\u011flenceli an\u0131lar i\u00e7in&#8230;<\/p>\n","protected":false},"featured_media":127341,"comment_status":"open","ping_status":"closed","template":"","meta":{"_kad_post_transparent":"","_kad_post_title":"","_kad_post_layout":"","_kad_post_sidebar_id":"","_kad_post_content_style":"","_kad_post_vertical_padding":"","_kad_post_feature":"","_kad_post_feature_position":"","_kad_post_header":false,"_kad_post_footer":false,"_kad_post_classname":""},"product_brand":[],"product_cat":[15086],"product_tag":[],"class_list":{"0":"post-127342","1":"product","2":"type-product","3":"status-publish","4":"has-post-thumbnail","6":"product_cat-drone-drone","8":"first","9":"instock","10":"purchasable","11":"product-type-simple","12":"entry","13":"content-bg","14":"loop-entry"},"_links":{"self":[{"href":"https:\/\/www.hediyepazar.com\/index.php?rest_route=\/wp\/v2\/product\/127342","targetHints":{"allow":["GET"]}}],"collection":[{"href":"https:\/\/www.hediyepazar.com\/index.php?rest_route=\/wp\/v2\/product"}],"about":[{"href":"https:\/\/www.hediyepazar.com\/index.php?rest_route=\/wp\/v2\/types\/product"}],"replies":[{"embeddable":true,"href":"https:\/\/www.hediyepazar.com\/index.php?rest_route=%2Fwp%2Fv2%2Fcomments&post=127342"}],"wp:featuredmedia":[{"embeddable":true,"href":"https:\/\/www.hediyepazar.com\/index.php?rest_route=\/wp\/v2\/media\/127341"}],"wp:attachment":[{"href":"https:\/\/www.hediyepazar.com\/index.php?rest_route=%2Fwp%2Fv2%2Fmedia&parent=127342"}],"wp:term":[{"taxonomy":"product_brand","embeddable":true,"href":"https:\/\/www.hediyepazar.com\/index.php?rest_route=%2Fwp%2Fv2%2Fproduct_brand&post=127342"},{"taxonomy":"product_cat","embeddable":true,"href":"https:\/\/www.hediyepazar.com\/index.php?rest_route=%2Fwp%2Fv2%2Fproduct_cat&post=127342"},{"taxonomy":"product_tag","embeddable":true,"href":"https:\/\/www.hediyepazar.com\/index.php?rest_route=%2Fwp%2Fv2%2Fproduct_tag&post=127342"}],"curies":[{"name":"wp","href":"https:\/\/api.w.org\/{rel}","templated":true}]}}