{"id":127362,"date":"2026-05-06T22:31:22","date_gmt":"2026-05-07T01:31:22","guid":{"rendered":"https:\/\/www.hediyepazar.com\/?product=dekoratif-buyuk-ay-yildiz-ramazan-led-isik"},"modified":"2026-05-06T22:31:22","modified_gmt":"2026-05-07T01:31:22","slug":"dekoratif-buyuk-ay-yildiz-ramazan-led-isik","status":"publish","type":"product","link":"https:\/\/www.hediyepazar.com\/?product=dekoratif-buyuk-ay-yildiz-ramazan-led-isik","title":{"rendered":"Dekoratif B\u00fcy\u00fck Ay Y\u0131ld\u0131z Ramazan Led I\u015f\u0131k"},"content":{"rendered":"<p>Dekoratif b\u00fcy\u00fck ay y\u0131ld\u0131z Ramazan LED \u0131\u015f\u0131k, modern tasar\u0131m ve geleneksel sembollerin birle\u015fimidir.S\u0131cak tonlu LED \u0131\u015f\u0131klar\u0131 sayesinde huzurlu ve \u015f\u0131k bir ortam olu\u015fturur. B\u00fcy\u00fck boy fig\u00fcr\u00fc sayesinde uzaktan bile dikkat \u00e7eker.Hafif ve dayan\u0131kl\u0131 yap\u0131s\u0131 ile kolay monte edilir. Enerji tasarruflu LED teknolojisi ile uzun s\u00fcreli kullan\u0131m sunar.Ramazan dekorasyonu i\u00e7in estetik ve kaliteli bir tercihtir.<\/p>\n","protected":false},"excerpt":{"rendered":"<p>Dekoratif b\u00fcy\u00fck ay y\u0131ld\u0131z Ramazan LED \u0131\u015f\u0131k, modern tasar\u0131m ve geleneksel sembollerin birle\u015fimidir.S\u0131cak tonlu LED \u0131\u015f\u0131klar\u0131 sayesinde huzurlu ve \u015f\u0131k bir ortam olu\u015fturur. B\u00fcy\u00fck boy fig\u00fcr\u00fc sayesinde uzaktan bile dikkat \u00e7eker.Hafif ve dayan\u0131kl\u0131 yap\u0131s\u0131 ile kolay monte edilir. Enerji tasarruflu LED teknolojisi ile uzun s\u00fcreli kullan\u0131m sunar.Ramazan dekorasyonu i\u00e7in estetik ve kaliteli bir tercihtir.<\/p>\n","protected":false},"featured_media":127361,"comment_status":"open","ping_status":"closed","template":"","meta":{"_kad_post_transparent":"","_kad_post_title":"","_kad_post_layout":"","_kad_post_sidebar_id":"","_kad_post_content_style":"","_kad_post_vertical_padding":"","_kad_post_feature":"","_kad_post_feature_position":"","_kad_post_header":false,"_kad_post_footer":false,"_kad_post_classname":""},"product_brand":[],"product_cat":[14933],"product_tag":[],"class_list":{"0":"post-127362","1":"product","2":"type-product","3":"status-publish","4":"has-post-thumbnail","6":"product_cat-led-isik-led-isik","8":"first","9":"instock","10":"purchasable","11":"product-type-simple","12":"entry","13":"content-bg","14":"loop-entry"},"_links":{"self":[{"href":"https:\/\/www.hediyepazar.com\/index.php?rest_route=\/wp\/v2\/product\/127362","targetHints":{"allow":["GET"]}}],"collection":[{"href":"https:\/\/www.hediyepazar.com\/index.php?rest_route=\/wp\/v2\/product"}],"about":[{"href":"https:\/\/www.hediyepazar.com\/index.php?rest_route=\/wp\/v2\/types\/product"}],"replies":[{"embeddable":true,"href":"https:\/\/www.hediyepazar.com\/index.php?rest_route=%2Fwp%2Fv2%2Fcomments&post=127362"}],"wp:featuredmedia":[{"embeddable":true,"href":"https:\/\/www.hediyepazar.com\/index.php?rest_route=\/wp\/v2\/media\/127361"}],"wp:attachment":[{"href":"https:\/\/www.hediyepazar.com\/index.php?rest_route=%2Fwp%2Fv2%2Fmedia&parent=127362"}],"wp:term":[{"taxonomy":"product_brand","embeddable":true,"href":"https:\/\/www.hediyepazar.com\/index.php?rest_route=%2Fwp%2Fv2%2Fproduct_brand&post=127362"},{"taxonomy":"product_cat","embeddable":true,"href":"https:\/\/www.hediyepazar.com\/index.php?rest_route=%2Fwp%2Fv2%2Fproduct_cat&post=127362"},{"taxonomy":"product_tag","embeddable":true,"href":"https:\/\/www.hediyepazar.com\/index.php?rest_route=%2Fwp%2Fv2%2Fproduct_tag&post=127362"}],"curies":[{"name":"wp","href":"https:\/\/api.w.org\/{rel}","templated":true}]}}