{"id":127374,"date":"2026-05-06T22:33:07","date_gmt":"2026-05-07T01:33:07","guid":{"rendered":"https:\/\/www.hediyepazar.com\/?product=100-saat-bluetooth-kulaklik-dijital-gostergeli-anc-ozelligi-kablolu"},"modified":"2026-05-06T22:33:07","modified_gmt":"2026-05-07T01:33:07","slug":"100-saat-bluetooth-kulaklik-dijital-gostergeli-anc-ozelligi-kablolu","status":"publish","type":"product","link":"https:\/\/www.hediyepazar.com\/?product=100-saat-bluetooth-kulaklik-dijital-gostergeli-anc-ozelligi-kablolu","title":{"rendered":"100 Saat Bluetooth Kulakl\u0131k Dijital G\u00f6stergeli ANC \u00d6zelli\u011fi Kablolu"},"content":{"rendered":"<p>Geli\u015fmi\u015f teknolojisi ve estetik tasar\u0131m\u0131yla \u00f6ne \u00e7\u0131kan bu boyun ask\u0131l\u0131 Bluetooth uyumlu kablosuz spor kulakl\u0131k, hem aktif ya\u015fam tarz\u0131n\u0131 benimseyenler hem de y\u00fcksek ses kalitesi arayan kullan\u0131c\u0131lar i\u00e7in \u00f6zel olarak geli\u015ftirilmi\u015ftir. Kulak i\u00e7i ve yar\u0131 kulak i\u00e7i kullan\u0131m se\u00e7enekleri sunan cihaz, farkl\u0131 kulak yap\u0131lar\u0131na uyum sa\u011flar ve uzun s\u00fcreli kullan\u0131mlarda bile rahats\u0131zl\u0131k hissi olu\u015fturmaz. \u00dc\u00e7 farkl\u0131 ses efekti ve oyun\/m\u00fczik modlar\u0131 sayesinde, her ortamda ihtiyac\u0131n\u0131za uygun ses deneyimini elde etmenizi sa\u011flar.Spor, e\u011flence, a\u00e7\u0131k hava etkinlikleri veya i\u015f ortamlar\u0131 gibi \u00e7e\u015fitli senaryolarda kullan\u0131labilir. Ergonomik ve a\u011fr\u0131s\u0131z tasar\u0131m\u0131yla hareketli anlarda bile yerinden oynamaz; \u00f6zellikle spor yaparken g\u00fcvenli ve konforlu bir kullan\u0131m sunar. S\u00fcper yumu\u015fak s\u0131v\u0131 silikon s\u0131cak yaka, hafif yap\u0131s\u0131 ve esnekli\u011fiyle boynunuzda do\u011fal bir duru\u015f sergilerken, otomatik geri tepme \u00f6zelli\u011fi sayesinde ta\u015f\u0131nmas\u0131 da olduk\u00e7a pratik hale gelir.Yeni nesil Bluetooth 5.3 teknolojisi sayesinde cihazlara h\u0131zl\u0131 ve kararl\u0131 bir \u015fekilde ba\u011flan\u0131r, d\u00fc\u015f\u00fck gecikmeli performans\u0131 ile \u00f6zellikle oyun oynarken avantaj sa\u011flar. Kompozit diyaframl\u0131 b\u00fcy\u00fck s\u00fcr\u00fcc\u00fc bobinleri sayesinde ses daha net, yumu\u015fak ve etkileyici \u015fekilde duyulur. Derin baslar, dengeli vokaller ve canl\u0131 t\u0131n\u0131lar ile adeta bir sinema salonu kalitesinde ses deneyimi ya\u015fat\u0131r.100 saate kadar kesintisiz oynatma s\u00fcresi sunan g\u00fc\u00e7l\u00fc bataryas\u0131 ve mikro g\u00fc\u00e7 teknolojisiyle h\u0131zl\u0131 \u015farj \u00f6zelli\u011fi, g\u00fcn boyu kesintisiz m\u00fczik ve konu\u015fma imkan\u0131 verir. LED dijital ekran sayesinde kalan pil miktar\u0131n\u0131 anl\u0131k olarak takip edebilir, \u015farj ihtiyac\u0131n\u0131 kolayl\u0131kla g\u00f6rebilirsiniz. Ayr\u0131ca manyetik kulakl\u0131k ba\u015fl\u0131klar\u0131, kulakl\u0131klar\u0131 kullan\u0131lmad\u0131\u011f\u0131nda bir arada tutarak kar\u0131\u015f\u0131kl\u0131\u011f\u0131 ve kaybolmay\u0131 \u00f6nler. Teknoloji ve konforun birle\u015fti\u011fi bu model, dinamik ya\u015fam tarz\u0131n\u0131za e\u015flik edecek ideal bir yol arkada\u015f\u0131d\u0131r.<\/p>\n","protected":false},"excerpt":{"rendered":"<p>Geli\u015fmi\u015f teknolojisi ve estetik tasar\u0131m\u0131yla \u00f6ne \u00e7\u0131kan bu boyun ask\u0131l\u0131 Bluetooth uyumlu kablosuz spor kulakl\u0131k, hem aktif ya\u015fam tarz\u0131n\u0131 benimseyenler hem de y\u00fcksek ses kalitesi arayan kullan\u0131c\u0131lar i\u00e7in \u00f6zel olarak geli\u015ftirilmi\u015ftir. Kulak i\u00e7i ve yar\u0131 kulak i\u00e7i kullan\u0131m se\u00e7enekleri sunan cihaz, farkl\u0131 kulak yap\u0131lar\u0131na uyum sa\u011flar ve uzun s\u00fcreli kullan\u0131mlarda bile rahats\u0131zl\u0131k hissi olu\u015fturmaz. \u00dc\u00e7&#8230;<\/p>\n","protected":false},"featured_media":127373,"comment_status":"open","ping_status":"closed","template":"","meta":{"_kad_post_transparent":"","_kad_post_title":"","_kad_post_layout":"","_kad_post_sidebar_id":"","_kad_post_content_style":"","_kad_post_vertical_padding":"","_kad_post_feature":"","_kad_post_feature_position":"","_kad_post_header":false,"_kad_post_footer":false,"_kad_post_classname":""},"product_brand":[],"product_cat":[14957],"product_tag":[],"class_list":{"0":"post-127374","1":"product","2":"type-product","3":"status-publish","4":"has-post-thumbnail","6":"product_cat-kablosuz-kulaklik-kablosuz-kulaklik","8":"first","9":"instock","10":"purchasable","11":"product-type-simple","12":"entry","13":"content-bg","14":"loop-entry"},"_links":{"self":[{"href":"https:\/\/www.hediyepazar.com\/index.php?rest_route=\/wp\/v2\/product\/127374","targetHints":{"allow":["GET"]}}],"collection":[{"href":"https:\/\/www.hediyepazar.com\/index.php?rest_route=\/wp\/v2\/product"}],"about":[{"href":"https:\/\/www.hediyepazar.com\/index.php?rest_route=\/wp\/v2\/types\/product"}],"replies":[{"embeddable":true,"href":"https:\/\/www.hediyepazar.com\/index.php?rest_route=%2Fwp%2Fv2%2Fcomments&post=127374"}],"wp:featuredmedia":[{"embeddable":true,"href":"https:\/\/www.hediyepazar.com\/index.php?rest_route=\/wp\/v2\/media\/127373"}],"wp:attachment":[{"href":"https:\/\/www.hediyepazar.com\/index.php?rest_route=%2Fwp%2Fv2%2Fmedia&parent=127374"}],"wp:term":[{"taxonomy":"product_brand","embeddable":true,"href":"https:\/\/www.hediyepazar.com\/index.php?rest_route=%2Fwp%2Fv2%2Fproduct_brand&post=127374"},{"taxonomy":"product_cat","embeddable":true,"href":"https:\/\/www.hediyepazar.com\/index.php?rest_route=%2Fwp%2Fv2%2Fproduct_cat&post=127374"},{"taxonomy":"product_tag","embeddable":true,"href":"https:\/\/www.hediyepazar.com\/index.php?rest_route=%2Fwp%2Fv2%2Fproduct_tag&post=127374"}],"curies":[{"name":"wp","href":"https:\/\/api.w.org\/{rel}","templated":true}]}}