{"id":127388,"date":"2026-05-06T22:34:59","date_gmt":"2026-05-07T01:34:59","guid":{"rendered":"https:\/\/www.hediyepazar.com\/?product=bluetooth-kulaklik-45-ms-ultra-dusuk-gecikme"},"modified":"2026-05-06T22:34:59","modified_gmt":"2026-05-07T01:34:59","slug":"bluetooth-kulaklik-45-ms-ultra-dusuk-gecikme","status":"publish","type":"product","link":"https:\/\/www.hediyepazar.com\/?product=bluetooth-kulaklik-45-ms-ultra-dusuk-gecikme","title":{"rendered":"Bluetooth Kulakl\u0131k 45 ms Ultra D\u00fc\u015f\u00fck Gecikme"},"content":{"rendered":"<p>Oyun d\u00fcnyas\u0131nda ba\u015far\u0131, do\u011fru ekipmanla ba\u015flar! Bu oyuncular i\u00e7in \u00f6zel tasarlanm\u0131\u015f kulak i\u00e7i Bluetooth kulakl\u0131k, 45 ms ultra d\u00fc\u015f\u00fck gecikme s\u00fcresiyle ses ve g\u00f6r\u00fcnt\u00fc aras\u0131nda tam senkronizasyon sa\u011flar. Oyunlarda komutlar\u0131 an\u0131nda duyar, gecikmesiz ses aktar\u0131m\u0131yla rakiplerinize kar\u015f\u0131 avantaj elde edersiniz.3D surround ses teknolojisi, derin baslar ve net tizlerle sizi oyunun i\u00e7ine \u00e7eker. Her ad\u0131m\u0131, patlamay\u0131 veya silah sesini ger\u00e7ek\u00e7i bi\u00e7imde duyarak sahnenin tam ortas\u0131nda hissedersiniz.G\u00fcr\u00fclt\u00fc engelleme (Noise Cancelling) \u00f6zelli\u011fi, d\u0131\u015f sesleri filtreleyerek yaln\u0131zca oyuna odaklanman\u0131z\u0131 sa\u011flar.Bluetooth 5.0 ba\u011flant\u0131 teknolojisi, 10 metreye kadar kararl\u0131 ve kesintisiz performans sunar. Android, iOS ve PC cihazlar\u0131yla tam uyumludur. Ergonomik silikon kulak yap\u0131s\u0131, uzun s\u00fcreli oyun maratonlar\u0131nda bile konfor sa\u011flar; 90\u00b0 a\u00e7\u0131l\u0131 kulakl\u0131k tasar\u0131m\u0131 tak\u0131p \u00e7\u0131karmay\u0131 kolayla\u015ft\u0131r\u0131r.LED \u0131\u015f\u0131kl\u0131 \u015f\u0131k g\u00f6vdesi, gece oyun seanslar\u0131nda g\u00f6rsel bir stil kazand\u0131r\u0131r.br data-start=&#8221;1530&#8243; data-end=&#8221;1533&#8243; \/>Hafif, dayan\u0131kl\u0131 ve modern tasar\u0131m\u0131yla bu kulakl\u0131k; hem oyun hem m\u00fczik deneyiminde \u00fcst d\u00fczey performans arayanlar i\u00e7in m\u00fckemmel bir tercihtir.&nbsp;<\/p>\n","protected":false},"excerpt":{"rendered":"<p>Oyun d\u00fcnyas\u0131nda ba\u015far\u0131, do\u011fru ekipmanla ba\u015flar! Bu oyuncular i\u00e7in \u00f6zel tasarlanm\u0131\u015f kulak i\u00e7i Bluetooth kulakl\u0131k, 45 ms ultra d\u00fc\u015f\u00fck gecikme s\u00fcresiyle ses ve g\u00f6r\u00fcnt\u00fc aras\u0131nda tam senkronizasyon sa\u011flar. Oyunlarda komutlar\u0131 an\u0131nda duyar, gecikmesiz ses aktar\u0131m\u0131yla rakiplerinize kar\u015f\u0131 avantaj elde edersiniz.3D surround ses teknolojisi, derin baslar ve net tizlerle sizi oyunun i\u00e7ine \u00e7eker. Her ad\u0131m\u0131, patlamay\u0131&#8230;<\/p>\n","protected":false},"featured_media":127387,"comment_status":"open","ping_status":"closed","template":"","meta":{"_kad_post_transparent":"","_kad_post_title":"","_kad_post_layout":"","_kad_post_sidebar_id":"","_kad_post_content_style":"","_kad_post_vertical_padding":"","_kad_post_feature":"","_kad_post_feature_position":"","_kad_post_header":false,"_kad_post_footer":false,"_kad_post_classname":""},"product_brand":[],"product_cat":[14957],"product_tag":[],"class_list":{"0":"post-127388","1":"product","2":"type-product","3":"status-publish","4":"has-post-thumbnail","6":"product_cat-kablosuz-kulaklik-kablosuz-kulaklik","8":"first","9":"instock","10":"purchasable","11":"product-type-simple","12":"entry","13":"content-bg","14":"loop-entry"},"_links":{"self":[{"href":"https:\/\/www.hediyepazar.com\/index.php?rest_route=\/wp\/v2\/product\/127388","targetHints":{"allow":["GET"]}}],"collection":[{"href":"https:\/\/www.hediyepazar.com\/index.php?rest_route=\/wp\/v2\/product"}],"about":[{"href":"https:\/\/www.hediyepazar.com\/index.php?rest_route=\/wp\/v2\/types\/product"}],"replies":[{"embeddable":true,"href":"https:\/\/www.hediyepazar.com\/index.php?rest_route=%2Fwp%2Fv2%2Fcomments&post=127388"}],"wp:featuredmedia":[{"embeddable":true,"href":"https:\/\/www.hediyepazar.com\/index.php?rest_route=\/wp\/v2\/media\/127387"}],"wp:attachment":[{"href":"https:\/\/www.hediyepazar.com\/index.php?rest_route=%2Fwp%2Fv2%2Fmedia&parent=127388"}],"wp:term":[{"taxonomy":"product_brand","embeddable":true,"href":"https:\/\/www.hediyepazar.com\/index.php?rest_route=%2Fwp%2Fv2%2Fproduct_brand&post=127388"},{"taxonomy":"product_cat","embeddable":true,"href":"https:\/\/www.hediyepazar.com\/index.php?rest_route=%2Fwp%2Fv2%2Fproduct_cat&post=127388"},{"taxonomy":"product_tag","embeddable":true,"href":"https:\/\/www.hediyepazar.com\/index.php?rest_route=%2Fwp%2Fv2%2Fproduct_tag&post=127388"}],"curies":[{"name":"wp","href":"https:\/\/api.w.org\/{rel}","templated":true}]}}