{"id":127406,"date":"2026-05-06T22:37:27","date_gmt":"2026-05-07T01:37:27","guid":{"rendered":"https:\/\/www.hediyepazar.com\/?product=3d-4k-2000-oyunlu-game-stick-oyun-konsolu-cift-konsol"},"modified":"2026-05-06T22:37:27","modified_gmt":"2026-05-07T01:37:27","slug":"3d-4k-2000-oyunlu-game-stick-oyun-konsolu-cift-konsol","status":"publish","type":"product","link":"https:\/\/www.hediyepazar.com\/?product=3d-4k-2000-oyunlu-game-stick-oyun-konsolu-cift-konsol","title":{"rendered":"3D 4K 2000 Oyunlu Game Stick Oyun Konsolu \u00c7ift Konsol"},"content":{"rendered":"<p>4K HD Retro Oyun Konsolu ile Efsaneleri Yeniden Ya\u015faOyun d\u00fcnyas\u0131n\u0131n klasik efsanelerini 4K HD g\u00f6r\u00fcnt\u00fc kalitesiyle yeniden ke\u015ffetmeye haz\u0131r m\u0131s\u0131n? Bu retro oyun konsolu,ve daha bir\u00e7ok platformdan binlerce ikonik oyunu bir araya getirerek ge\u00e7mi\u015fin unutulmaz an\u0131lar\u0131n\u0131 bug\u00fcn\u00fcn teknolojisiyle bulu\u015fturuyor. Geli\u015fmi\u015f em\u00fclasyon sistemi sayesinde, tak\u0131lma ya da donma olmadan p\u00fcr\u00fczs\u00fcz bir oyun deneyimi sunar.Konsolun 2.4G kablosuz \u00e7ift kollu sistemi sayesinde kablo karma\u015fas\u0131 olmadan arkada\u015flar\u0131nla birlikte keyifli saatler ge\u00e7irebilir, multiplayer oyunlar\u0131n heyecan\u0131n\u0131 \u00f6zg\u00fcrce ya\u015fayabilirsin. HDMI \u00e7\u0131k\u0131\u015f\u0131 sayesinde televizyona ya da monit\u00f6re kolayca ba\u011flanabilir, b\u00fcy\u00fck ekranda oyun keyfini katlayabilirsin.Kolay kurulum, sade aray\u00fcz ve geni\u015f oyun ar\u015fiviyle her ya\u015ftan oyunsever i\u00e7in ideal bir tercih olan bu cihaz, hem \u00e7ocuklara nostaljik bir d\u00fcnyan\u0131n kap\u0131lar\u0131n\u0131 aral\u0131yor hem de yeti\u015fkinleri ge\u00e7mi\u015fe tatl\u0131 bir yolculu\u011fa \u00e7\u0131kar\u0131yor. Evde, ofiste ya da arkada\u015f bulu\u015fmalar\u0131nda nostaljiyi yeniden ya\u015famak isteyen herkes i\u00e7in m\u00fckemmel bir se\u00e7im.<\/p>\n","protected":false},"excerpt":{"rendered":"<p>4K HD Retro Oyun Konsolu ile Efsaneleri Yeniden Ya\u015faOyun d\u00fcnyas\u0131n\u0131n klasik efsanelerini 4K HD g\u00f6r\u00fcnt\u00fc kalitesiyle yeniden ke\u015ffetmeye haz\u0131r m\u0131s\u0131n? Bu retro oyun konsolu,ve daha bir\u00e7ok platformdan binlerce ikonik oyunu bir araya getirerek ge\u00e7mi\u015fin unutulmaz an\u0131lar\u0131n\u0131 bug\u00fcn\u00fcn teknolojisiyle bulu\u015fturuyor. Geli\u015fmi\u015f em\u00fclasyon sistemi sayesinde, tak\u0131lma ya da donma olmadan p\u00fcr\u00fczs\u00fcz bir oyun deneyimi sunar.Konsolun 2.4G kablosuz&#8230;<\/p>\n","protected":false},"featured_media":127405,"comment_status":"open","ping_status":"closed","template":"","meta":{"_kad_post_transparent":"","_kad_post_title":"","_kad_post_layout":"","_kad_post_sidebar_id":"","_kad_post_content_style":"","_kad_post_vertical_padding":"","_kad_post_feature":"","_kad_post_feature_position":"","_kad_post_header":false,"_kad_post_footer":false,"_kad_post_classname":""},"product_brand":[],"product_cat":[14961],"product_tag":[],"class_list":{"0":"post-127406","1":"product","2":"type-product","3":"status-publish","4":"has-post-thumbnail","6":"product_cat-oyun-konsolu-oyun-konsolu","8":"first","9":"instock","10":"purchasable","11":"product-type-simple","12":"entry","13":"content-bg","14":"loop-entry"},"_links":{"self":[{"href":"https:\/\/www.hediyepazar.com\/index.php?rest_route=\/wp\/v2\/product\/127406","targetHints":{"allow":["GET"]}}],"collection":[{"href":"https:\/\/www.hediyepazar.com\/index.php?rest_route=\/wp\/v2\/product"}],"about":[{"href":"https:\/\/www.hediyepazar.com\/index.php?rest_route=\/wp\/v2\/types\/product"}],"replies":[{"embeddable":true,"href":"https:\/\/www.hediyepazar.com\/index.php?rest_route=%2Fwp%2Fv2%2Fcomments&post=127406"}],"wp:featuredmedia":[{"embeddable":true,"href":"https:\/\/www.hediyepazar.com\/index.php?rest_route=\/wp\/v2\/media\/127405"}],"wp:attachment":[{"href":"https:\/\/www.hediyepazar.com\/index.php?rest_route=%2Fwp%2Fv2%2Fmedia&parent=127406"}],"wp:term":[{"taxonomy":"product_brand","embeddable":true,"href":"https:\/\/www.hediyepazar.com\/index.php?rest_route=%2Fwp%2Fv2%2Fproduct_brand&post=127406"},{"taxonomy":"product_cat","embeddable":true,"href":"https:\/\/www.hediyepazar.com\/index.php?rest_route=%2Fwp%2Fv2%2Fproduct_cat&post=127406"},{"taxonomy":"product_tag","embeddable":true,"href":"https:\/\/www.hediyepazar.com\/index.php?rest_route=%2Fwp%2Fv2%2Fproduct_tag&post=127406"}],"curies":[{"name":"wp","href":"https:\/\/api.w.org\/{rel}","templated":true}]}}