{"id":127408,"date":"2026-05-06T22:37:32","date_gmt":"2026-05-07T01:37:32","guid":{"rendered":"https:\/\/www.hediyepazar.com\/?product=profesyonel-oyuncular-icin-bluetooth-kulaklik-3"},"modified":"2026-05-06T22:37:32","modified_gmt":"2026-05-07T01:37:32","slug":"profesyonel-oyuncular-icin-bluetooth-kulaklik-3","status":"publish","type":"product","link":"https:\/\/www.hediyepazar.com\/?product=profesyonel-oyuncular-icin-bluetooth-kulaklik-3","title":{"rendered":"Profesyonel Oyuncular \u0130\u00e7in Bluetooth Kulakl\u0131k"},"content":{"rendered":"<p>Her saniyenin \u00f6nemli oldu\u011fu oyunlarda fark yarat\u0131n! Bu oyuncu kulakl\u0131\u011f\u0131, 45 ms ultra d\u00fc\u015f\u00fck gecikme teknolojisi sayesinde sesin ekrandaki aksiyonla m\u00fckemmel \u015fekilde senkronize olmas\u0131n\u0131 sa\u011flar.3D ses deneyimi, oyundaki her hareketi, y\u00f6n\u00fc ve mesafeyi alg\u0131laman\u0131za yard\u0131mc\u0131 olur; sanki sanal d\u00fcnyan\u0131n i\u00e7indeymi\u015fsiniz gibi hissedersiniz.G\u00fcr\u00fclt\u00fc engelleme sistemi, d\u0131\u015f ortam seslerini filtreleyerek maksimum odaklanma sa\u011flar. G\u00fc\u00e7l\u00fc Bluetooth 5.0 ba\u011flant\u0131s\u0131,.Ergonomik silikon yap\u0131s\u0131, uzun oyun seanslar\u0131nda kulak konforunu korur. 90\u00b0 a\u00e7\u0131l\u0131 kulakl\u0131k tasar\u0131m\u0131, kulak i\u00e7ine tam oturur ve d\u00fc\u015fme riskini ortadan kald\u0131r\u0131r.Ayr\u0131ca LED \u0131\u015f\u0131kl\u0131 modern tasar\u0131m\u0131, hem tarz\u0131n\u0131za hem de oyun atmosferine enerji katar.Dahili mikrofonu sayesinde tak\u0131m arkada\u015flar\u0131n\u0131zla kesintisiz, net ileti\u015fim kurabilirsiniz.Hem oyun hem m\u00fczik i\u00e7in optimize edilmi\u015f bu kulakl\u0131k; y\u00fcksek performans, konfor ve stil arayan herkesin favorisi olacak.<\/p>\n","protected":false},"excerpt":{"rendered":"<p>Her saniyenin \u00f6nemli oldu\u011fu oyunlarda fark yarat\u0131n! Bu oyuncu kulakl\u0131\u011f\u0131, 45 ms ultra d\u00fc\u015f\u00fck gecikme teknolojisi sayesinde sesin ekrandaki aksiyonla m\u00fckemmel \u015fekilde senkronize olmas\u0131n\u0131 sa\u011flar.3D ses deneyimi, oyundaki her hareketi, y\u00f6n\u00fc ve mesafeyi alg\u0131laman\u0131za yard\u0131mc\u0131 olur; sanki sanal d\u00fcnyan\u0131n i\u00e7indeymi\u015fsiniz gibi hissedersiniz.G\u00fcr\u00fclt\u00fc engelleme sistemi, d\u0131\u015f ortam seslerini filtreleyerek maksimum odaklanma sa\u011flar. G\u00fc\u00e7l\u00fc Bluetooth 5.0 ba\u011flant\u0131s\u0131,.Ergonomik&#8230;<\/p>\n","protected":false},"featured_media":127407,"comment_status":"open","ping_status":"closed","template":"","meta":{"_kad_post_transparent":"","_kad_post_title":"","_kad_post_layout":"","_kad_post_sidebar_id":"","_kad_post_content_style":"","_kad_post_vertical_padding":"","_kad_post_feature":"","_kad_post_feature_position":"","_kad_post_header":false,"_kad_post_footer":false,"_kad_post_classname":""},"product_brand":[],"product_cat":[14957],"product_tag":[],"class_list":{"0":"post-127408","1":"product","2":"type-product","3":"status-publish","4":"has-post-thumbnail","6":"product_cat-kablosuz-kulaklik-kablosuz-kulaklik","8":"first","9":"instock","10":"purchasable","11":"product-type-simple","12":"entry","13":"content-bg","14":"loop-entry"},"_links":{"self":[{"href":"https:\/\/www.hediyepazar.com\/index.php?rest_route=\/wp\/v2\/product\/127408","targetHints":{"allow":["GET"]}}],"collection":[{"href":"https:\/\/www.hediyepazar.com\/index.php?rest_route=\/wp\/v2\/product"}],"about":[{"href":"https:\/\/www.hediyepazar.com\/index.php?rest_route=\/wp\/v2\/types\/product"}],"replies":[{"embeddable":true,"href":"https:\/\/www.hediyepazar.com\/index.php?rest_route=%2Fwp%2Fv2%2Fcomments&post=127408"}],"wp:featuredmedia":[{"embeddable":true,"href":"https:\/\/www.hediyepazar.com\/index.php?rest_route=\/wp\/v2\/media\/127407"}],"wp:attachment":[{"href":"https:\/\/www.hediyepazar.com\/index.php?rest_route=%2Fwp%2Fv2%2Fmedia&parent=127408"}],"wp:term":[{"taxonomy":"product_brand","embeddable":true,"href":"https:\/\/www.hediyepazar.com\/index.php?rest_route=%2Fwp%2Fv2%2Fproduct_brand&post=127408"},{"taxonomy":"product_cat","embeddable":true,"href":"https:\/\/www.hediyepazar.com\/index.php?rest_route=%2Fwp%2Fv2%2Fproduct_cat&post=127408"},{"taxonomy":"product_tag","embeddable":true,"href":"https:\/\/www.hediyepazar.com\/index.php?rest_route=%2Fwp%2Fv2%2Fproduct_tag&post=127408"}],"curies":[{"name":"wp","href":"https:\/\/api.w.org\/{rel}","templated":true}]}}