{"id":127418,"date":"2026-05-06T22:38:08","date_gmt":"2026-05-07T01:38:08","guid":{"rendered":"https:\/\/www.hediyepazar.com\/?product=para-dolar-sacma-para-atma-tabancasi-otomatik-kirmizi-oyuncak-3"},"modified":"2026-05-06T22:38:08","modified_gmt":"2026-05-07T01:38:08","slug":"para-dolar-sacma-para-atma-tabancasi-otomatik-kirmizi-oyuncak-3","status":"publish","type":"product","link":"https:\/\/www.hediyepazar.com\/?product=para-dolar-sacma-para-atma-tabancasi-otomatik-kirmizi-oyuncak-3","title":{"rendered":"Para Dolar Sa\u00e7ma Para Atma Tabancas\u0131 Otomatik K\u0131rm\u0131z\u0131 Oyuncak"},"content":{"rendered":"<p>\u00c7ocuklar\u0131n hayal g\u00fcc\u00fcn\u00fc destekleyen bu e\u011flenceli para f\u0131rlatma oyuncak, e\u011flence ve etkile\u015fimi bir arada sunarak oyun saatlerini unutulmaz k\u0131lar. Renkli tasar\u0131m\u0131 ve kolay kavranabilen yap\u0131s\u0131 ile \u00e7ocuklar\u0131n ilgisini \u00e7ekerken, sa\u00e7ma mekanizmas\u0131 sayesinde hareketli ve dinamik bir oyun deneyimi ya\u015fat\u0131r. Oyunca\u011f\u0131n \u00e7al\u0131\u015fmas\u0131 olduk\u00e7a basit ve g\u00fcvenlidir; \u00e7ocuklar sadece bir tu\u015fa basarak sahte paralar\u0131 e\u011flenceli bir \u015fekilde f\u0131rlatabilirler.Ger\u00e7ek para hissini taklit eden sahte banknotlar, \u00e7ocuklar\u0131n yarat\u0131c\u0131l\u0131\u011f\u0131n\u0131 art\u0131r\u0131rken ayn\u0131 zamanda role dayal\u0131 oyunlar oynamalar\u0131na olanak tan\u0131r. Market\u00e7ilik, banka memurlu\u011fu veya do\u011fum g\u00fcn\u00fc partisi gibi hayali senaryolarla sosyal becerilerini peki\u015ftirirler. Dayan\u0131kl\u0131 malzemelerden \u00fcretilmi\u015f olmas\u0131, hem i\u00e7 hem d\u0131\u015f mekan kullan\u0131m\u0131nda uzun s\u00fcreli dayan\u0131kl\u0131l\u0131k sa\u011flar.\u00c7ocuklar bu oyuncakla arkada\u015flar\u0131yla birlikte tak\u0131m oyunlar\u0131 kurabilir, s\u0131ra alma ve payla\u015fma gibi \u00f6nemli davran\u0131\u015flar\u0131 do\u011fal yoldan \u00f6\u011frenebilirler. Gerek do\u011fum g\u00fcn\u00fc kutlamalar\u0131nda gerekse ailecek ge\u00e7irilen oyun saatlerinde keyifli ve aktif zamanlar sunar. Hafif ve ta\u015f\u0131nabilir yap\u0131s\u0131yla da her yere kolayl\u0131kla g\u00f6t\u00fcr\u00fclebilir, \u00e7ocuklar\u0131n her ortamda e\u011flenceli vakit ge\u00e7irmelerine olanak tan\u0131r. Bu oyuncak, \u00e7ocuklar\u0131n geli\u015fimini destekleyen ve ayn\u0131 zamanda onlar\u0131 g\u00fcld\u00fcren benzersiz bir oyun arkada\u015f\u0131d\u0131r.<\/p>\n","protected":false},"excerpt":{"rendered":"<p>\u00c7ocuklar\u0131n hayal g\u00fcc\u00fcn\u00fc destekleyen bu e\u011flenceli para f\u0131rlatma oyuncak, e\u011flence ve etkile\u015fimi bir arada sunarak oyun saatlerini unutulmaz k\u0131lar. Renkli tasar\u0131m\u0131 ve kolay kavranabilen yap\u0131s\u0131 ile \u00e7ocuklar\u0131n ilgisini \u00e7ekerken, sa\u00e7ma mekanizmas\u0131 sayesinde hareketli ve dinamik bir oyun deneyimi ya\u015fat\u0131r. Oyunca\u011f\u0131n \u00e7al\u0131\u015fmas\u0131 olduk\u00e7a basit ve g\u00fcvenlidir; \u00e7ocuklar sadece bir tu\u015fa basarak sahte paralar\u0131 e\u011flenceli bir \u015fekilde&#8230;<\/p>\n","protected":false},"featured_media":127417,"comment_status":"open","ping_status":"closed","template":"","meta":{"_kad_post_transparent":"","_kad_post_title":"","_kad_post_layout":"","_kad_post_sidebar_id":"","_kad_post_content_style":"","_kad_post_vertical_padding":"","_kad_post_feature":"","_kad_post_feature_position":"","_kad_post_header":false,"_kad_post_footer":false,"_kad_post_classname":""},"product_brand":[],"product_cat":[15040],"product_tag":[],"class_list":{"0":"post-127418","1":"product","2":"type-product","3":"status-publish","4":"has-post-thumbnail","6":"product_cat-parti-maskesi-ve-gozlugu-parti-maskesi-ve-gozlugu","8":"first","9":"instock","10":"purchasable","11":"product-type-simple","12":"entry","13":"content-bg","14":"loop-entry"},"_links":{"self":[{"href":"https:\/\/www.hediyepazar.com\/index.php?rest_route=\/wp\/v2\/product\/127418","targetHints":{"allow":["GET"]}}],"collection":[{"href":"https:\/\/www.hediyepazar.com\/index.php?rest_route=\/wp\/v2\/product"}],"about":[{"href":"https:\/\/www.hediyepazar.com\/index.php?rest_route=\/wp\/v2\/types\/product"}],"replies":[{"embeddable":true,"href":"https:\/\/www.hediyepazar.com\/index.php?rest_route=%2Fwp%2Fv2%2Fcomments&post=127418"}],"wp:featuredmedia":[{"embeddable":true,"href":"https:\/\/www.hediyepazar.com\/index.php?rest_route=\/wp\/v2\/media\/127417"}],"wp:attachment":[{"href":"https:\/\/www.hediyepazar.com\/index.php?rest_route=%2Fwp%2Fv2%2Fmedia&parent=127418"}],"wp:term":[{"taxonomy":"product_brand","embeddable":true,"href":"https:\/\/www.hediyepazar.com\/index.php?rest_route=%2Fwp%2Fv2%2Fproduct_brand&post=127418"},{"taxonomy":"product_cat","embeddable":true,"href":"https:\/\/www.hediyepazar.com\/index.php?rest_route=%2Fwp%2Fv2%2Fproduct_cat&post=127418"},{"taxonomy":"product_tag","embeddable":true,"href":"https:\/\/www.hediyepazar.com\/index.php?rest_route=%2Fwp%2Fv2%2Fproduct_tag&post=127418"}],"curies":[{"name":"wp","href":"https:\/\/api.w.org\/{rel}","templated":true}]}}