{"id":127426,"date":"2026-05-06T22:39:00","date_gmt":"2026-05-07T01:39:00","guid":{"rendered":"https:\/\/www.hediyepazar.com\/?product=hareket-sensorlu-sarj-edilebilir-kafa-lambasi-lcd-gostergeli"},"modified":"2026-05-06T22:39:00","modified_gmt":"2026-05-07T01:39:00","slug":"hareket-sensorlu-sarj-edilebilir-kafa-lambasi-lcd-gostergeli","status":"publish","type":"product","link":"https:\/\/www.hediyepazar.com\/?product=hareket-sensorlu-sarj-edilebilir-kafa-lambasi-lcd-gostergeli","title":{"rendered":"Hareket Sens\u00f6rl\u00fc \u015earj Edilebilir Kafa Lambas\u0131 LCD G\u00f6stergeli"},"content":{"rendered":"<p>Y\u00fcksek performansl\u0131 LED teknolojisi ile donat\u0131lm\u0131\u015f bu \u015farjl\u0131 kafa lambas\u0131, zorlu ko\u015fullarda bile maksimum ayd\u0131nlatma sa\u011flar. 30W LED g\u00fcc\u00fc sayesinde yo\u011fun ve net \u0131\u015f\u0131k \u00fcretir. Yakla\u015f\u0131k 3000 l\u00fcmen parlakl\u0131k kapasitesi ile gece ortamlar\u0131nda geni\u015f g\u00f6r\u00fc\u015f alan\u0131 sunar.LCD dijital ekran \u00f6zelli\u011fi sayesinde batarya durumu kolayca kontrol edilir. Bu sistem kullan\u0131c\u0131ya enerji y\u00f6netimi konusunda avantaj sa\u011flar. Type-C \u015farj giri\u015fi modern cihazlarla uyumludur ve h\u0131zl\u0131 \u015farj imkan\u0131 sunar.Hareket alg\u0131lama sens\u00f6r\u00fc \u00fcr\u00fcn\u00fc daha pratik hale getirir. Sens\u00f6r modunda el hareketi ile a\u00e7ma kapama yap\u0131labilir. Bu \u00f6zellik \u00f6zellikle teknik i\u015flerde b\u00fcy\u00fck kolayl\u0131k sa\u011flar. \u00c7ok modlu \u0131\u015f\u0131k se\u00e7enekleri sayesinde ihtiyaca g\u00f6re g\u00fc\u00e7l\u00fc veya ekonomik kullan\u0131m tercih edilebilir.Ayarlanabilir elastik kafa band\u0131 sayesinde farkl\u0131 ba\u015f \u00f6l\u00e7\u00fclerine uygundur. Uzun s\u00fcreli kullan\u0131mda bask\u0131 yapmaz. Odaklanabilir lens sistemi ile \u0131\u015f\u0131k mesafesi kontrol edilebilir.Elektrik kesintileri, kamp, da\u011fc\u0131l\u0131k, gece y\u00fcr\u00fcy\u00fc\u015fleri ve ara\u00e7 tamiri gibi bir\u00e7ok alanda g\u00fcvenle kullan\u0131labilir. Uzun pil \u00f6mr\u00fc ve g\u00fc\u00e7l\u00fc \u0131\u015f\u0131k performans\u0131 ile dikkat \u00e7eker.<\/p>\n","protected":false},"excerpt":{"rendered":"<p>Y\u00fcksek performansl\u0131 LED teknolojisi ile donat\u0131lm\u0131\u015f bu \u015farjl\u0131 kafa lambas\u0131, zorlu ko\u015fullarda bile maksimum ayd\u0131nlatma sa\u011flar. 30W LED g\u00fcc\u00fc sayesinde yo\u011fun ve net \u0131\u015f\u0131k \u00fcretir. Yakla\u015f\u0131k 3000 l\u00fcmen parlakl\u0131k kapasitesi ile gece ortamlar\u0131nda geni\u015f g\u00f6r\u00fc\u015f alan\u0131 sunar.LCD dijital ekran \u00f6zelli\u011fi sayesinde batarya durumu kolayca kontrol edilir. Bu sistem kullan\u0131c\u0131ya enerji y\u00f6netimi konusunda avantaj sa\u011flar. Type-C&#8230;<\/p>\n","protected":false},"featured_media":127425,"comment_status":"open","ping_status":"closed","template":"","meta":{"_kad_post_transparent":"","_kad_post_title":"","_kad_post_layout":"","_kad_post_sidebar_id":"","_kad_post_content_style":"","_kad_post_vertical_padding":"","_kad_post_feature":"","_kad_post_feature_position":"","_kad_post_header":false,"_kad_post_footer":false,"_kad_post_classname":""},"product_brand":[],"product_cat":[14979],"product_tag":[],"class_list":{"0":"post-127426","1":"product","2":"type-product","3":"status-publish","4":"has-post-thumbnail","6":"product_cat-kafa-lambasi-kafa-lambasi","8":"first","9":"instock","10":"purchasable","11":"product-type-simple","12":"entry","13":"content-bg","14":"loop-entry"},"_links":{"self":[{"href":"https:\/\/www.hediyepazar.com\/index.php?rest_route=\/wp\/v2\/product\/127426","targetHints":{"allow":["GET"]}}],"collection":[{"href":"https:\/\/www.hediyepazar.com\/index.php?rest_route=\/wp\/v2\/product"}],"about":[{"href":"https:\/\/www.hediyepazar.com\/index.php?rest_route=\/wp\/v2\/types\/product"}],"replies":[{"embeddable":true,"href":"https:\/\/www.hediyepazar.com\/index.php?rest_route=%2Fwp%2Fv2%2Fcomments&post=127426"}],"wp:featuredmedia":[{"embeddable":true,"href":"https:\/\/www.hediyepazar.com\/index.php?rest_route=\/wp\/v2\/media\/127425"}],"wp:attachment":[{"href":"https:\/\/www.hediyepazar.com\/index.php?rest_route=%2Fwp%2Fv2%2Fmedia&parent=127426"}],"wp:term":[{"taxonomy":"product_brand","embeddable":true,"href":"https:\/\/www.hediyepazar.com\/index.php?rest_route=%2Fwp%2Fv2%2Fproduct_brand&post=127426"},{"taxonomy":"product_cat","embeddable":true,"href":"https:\/\/www.hediyepazar.com\/index.php?rest_route=%2Fwp%2Fv2%2Fproduct_cat&post=127426"},{"taxonomy":"product_tag","embeddable":true,"href":"https:\/\/www.hediyepazar.com\/index.php?rest_route=%2Fwp%2Fv2%2Fproduct_tag&post=127426"}],"curies":[{"name":"wp","href":"https:\/\/api.w.org\/{rel}","templated":true}]}}