{"id":127454,"date":"2026-05-06T22:42:06","date_gmt":"2026-05-07T01:42:06","guid":{"rendered":"https:\/\/www.hediyepazar.com\/?product=1360w-guclu-4-litre-kapasiteli-dokunmatik-cam-hazneli-airfryer"},"modified":"2026-05-06T22:42:06","modified_gmt":"2026-05-07T01:42:06","slug":"1360w-guclu-4-litre-kapasiteli-dokunmatik-cam-hazneli-airfryer","status":"publish","type":"product","link":"https:\/\/www.hediyepazar.com\/?product=1360w-guclu-4-litre-kapasiteli-dokunmatik-cam-hazneli-airfryer","title":{"rendered":"1360W G\u00fc\u00e7l\u00fc 4 Litre Kapasiteli Dokunmatik Cam Hazneli Airfryer"},"content":{"rendered":"<p>Y\u00fcksek performansl\u0131 1360W motor g\u00fcc\u00fc ile \u00e7al\u0131\u015fan bu 4 litre kapasiteli airfryer, s\u0131cak hava sirk\u00fclasyonu teknolojisi sayesinde yiyecekleri e\u015fit \u015fekilde pi\u015firir. Ya\u011f eklemeden \u00e7\u0131t\u0131r sonu\u00e7lar elde etmenizi sa\u011flar.60 ila 180 derece aras\u0131nda ayarlanabilen \u0131s\u0131 kontrol\u00fc sayesinde farkl\u0131 tarifleri g\u00fcvenle uygulayabilirsiniz. 60 dakikaya kadar zaman ayar\u0131 yap\u0131labilen zamanlay\u0131c\u0131 sistemi kullan\u0131m kolayl\u0131\u011f\u0131 sa\u011flar.\u00c7\u0131kar\u0131labilir cam hazne yap\u0131\u015fmaz y\u00fczeyi sayesinde kolay temizlenir. Dokunmatik kontrol paneli modern ve kullan\u0131\u015fl\u0131d\u0131r. Is\u0131nmayan tutma kolu g\u00fcvenlik sa\u011flar.4 litre kapasite aile yemekleri i\u00e7in yeterlidir. Sa\u011fl\u0131kl\u0131 pi\u015firme deneyimi arayanlar i\u00e7in g\u00fc\u00e7l\u00fc ve pratik bir \u00e7\u00f6z\u00fcmd\u00fcr.<\/p>\n","protected":false},"excerpt":{"rendered":"<p>Y\u00fcksek performansl\u0131 1360W motor g\u00fcc\u00fc ile \u00e7al\u0131\u015fan bu 4 litre kapasiteli airfryer, s\u0131cak hava sirk\u00fclasyonu teknolojisi sayesinde yiyecekleri e\u015fit \u015fekilde pi\u015firir. Ya\u011f eklemeden \u00e7\u0131t\u0131r sonu\u00e7lar elde etmenizi sa\u011flar.60 ila 180 derece aras\u0131nda ayarlanabilen \u0131s\u0131 kontrol\u00fc sayesinde farkl\u0131 tarifleri g\u00fcvenle uygulayabilirsiniz. 60 dakikaya kadar zaman ayar\u0131 yap\u0131labilen zamanlay\u0131c\u0131 sistemi kullan\u0131m kolayl\u0131\u011f\u0131 sa\u011flar.\u00c7\u0131kar\u0131labilir cam hazne yap\u0131\u015fmaz y\u00fczeyi&#8230;<\/p>\n","protected":false},"featured_media":127453,"comment_status":"open","ping_status":"closed","template":"","meta":{"_kad_post_transparent":"","_kad_post_title":"","_kad_post_layout":"","_kad_post_sidebar_id":"","_kad_post_content_style":"","_kad_post_vertical_padding":"","_kad_post_feature":"","_kad_post_feature_position":"","_kad_post_header":false,"_kad_post_footer":false,"_kad_post_classname":""},"product_brand":[],"product_cat":[15051],"product_tag":[],"class_list":{"0":"post-127454","1":"product","2":"type-product","3":"status-publish","4":"has-post-thumbnail","6":"product_cat-fritoz-fritoz","8":"first","9":"instock","10":"purchasable","11":"product-type-simple","12":"entry","13":"content-bg","14":"loop-entry"},"_links":{"self":[{"href":"https:\/\/www.hediyepazar.com\/index.php?rest_route=\/wp\/v2\/product\/127454","targetHints":{"allow":["GET"]}}],"collection":[{"href":"https:\/\/www.hediyepazar.com\/index.php?rest_route=\/wp\/v2\/product"}],"about":[{"href":"https:\/\/www.hediyepazar.com\/index.php?rest_route=\/wp\/v2\/types\/product"}],"replies":[{"embeddable":true,"href":"https:\/\/www.hediyepazar.com\/index.php?rest_route=%2Fwp%2Fv2%2Fcomments&post=127454"}],"wp:featuredmedia":[{"embeddable":true,"href":"https:\/\/www.hediyepazar.com\/index.php?rest_route=\/wp\/v2\/media\/127453"}],"wp:attachment":[{"href":"https:\/\/www.hediyepazar.com\/index.php?rest_route=%2Fwp%2Fv2%2Fmedia&parent=127454"}],"wp:term":[{"taxonomy":"product_brand","embeddable":true,"href":"https:\/\/www.hediyepazar.com\/index.php?rest_route=%2Fwp%2Fv2%2Fproduct_brand&post=127454"},{"taxonomy":"product_cat","embeddable":true,"href":"https:\/\/www.hediyepazar.com\/index.php?rest_route=%2Fwp%2Fv2%2Fproduct_cat&post=127454"},{"taxonomy":"product_tag","embeddable":true,"href":"https:\/\/www.hediyepazar.com\/index.php?rest_route=%2Fwp%2Fv2%2Fproduct_tag&post=127454"}],"curies":[{"name":"wp","href":"https:\/\/api.w.org\/{rel}","templated":true}]}}