{"id":127472,"date":"2026-05-06T22:44:34","date_gmt":"2026-05-07T01:44:34","guid":{"rendered":"https:\/\/www.hediyepazar.com\/?product=pelus-kablosuz-bluetooth-kulaklik-cocuk-ve-genc-kullanima-uygun"},"modified":"2026-05-06T22:44:34","modified_gmt":"2026-05-07T01:44:34","slug":"pelus-kablosuz-bluetooth-kulaklik-cocuk-ve-genc-kullanima-uygun","status":"publish","type":"product","link":"https:\/\/www.hediyepazar.com\/?product=pelus-kablosuz-bluetooth-kulaklik-cocuk-ve-genc-kullanima-uygun","title":{"rendered":"Pelu\u015f Kablosuz Bluetooth Kulakl\u0131k \u00c7ocuk ve Gen\u00e7 Kullan\u0131ma Uygun"},"content":{"rendered":"<p>Yumu\u015fak pelu\u015f tasar\u0131m\u0131 sayesinde rahat kullan\u0131m sunan bu Bluetooth kulakl\u0131k, \u00f6zellikle \u00e7ocuk ve gen\u00e7 kullan\u0131c\u0131lar i\u00e7in tasarlanm\u0131\u015ft\u0131r. Kulak pedleri yumu\u015fak yap\u0131s\u0131yla kula\u011f\u0131 sarar ve konforlu bir deneyim sunar.Bluetooth ba\u011flant\u0131 \u00f6zelli\u011fi sayesinde kablosuz kullan\u0131m imkan\u0131 sa\u011flar. D\u00fc\u015f\u00fck gecikmeli ses ile video ve m\u00fczik deneyimi daha ak\u0131c\u0131 hale gelir.Kontrol tu\u015flar\u0131 sayesinde m\u00fczik ve \u00e7a\u011fr\u0131 y\u00f6netimi kolayd\u0131r. Dahili mikrofon \u00f6zelli\u011fi ile online derslerde rahat kullan\u0131m sa\u011flar.TF kart deste\u011fi ile m\u00fczik \u00e7alar \u00f6zelli\u011fi bulunur. 200 mAh batarya kapasitesi g\u00fcnl\u00fck kullan\u0131m i\u00e7in yeterli performans sunar.Sevimli tasar\u0131m\u0131 sayesinde hediye alternatifi olarak da tercih edilebilir.<\/p>\n","protected":false},"excerpt":{"rendered":"<p>Yumu\u015fak pelu\u015f tasar\u0131m\u0131 sayesinde rahat kullan\u0131m sunan bu Bluetooth kulakl\u0131k, \u00f6zellikle \u00e7ocuk ve gen\u00e7 kullan\u0131c\u0131lar i\u00e7in tasarlanm\u0131\u015ft\u0131r. Kulak pedleri yumu\u015fak yap\u0131s\u0131yla kula\u011f\u0131 sarar ve konforlu bir deneyim sunar.Bluetooth ba\u011flant\u0131 \u00f6zelli\u011fi sayesinde kablosuz kullan\u0131m imkan\u0131 sa\u011flar. D\u00fc\u015f\u00fck gecikmeli ses ile video ve m\u00fczik deneyimi daha ak\u0131c\u0131 hale gelir.Kontrol tu\u015flar\u0131 sayesinde m\u00fczik ve \u00e7a\u011fr\u0131 y\u00f6netimi kolayd\u0131r. Dahili&#8230;<\/p>\n","protected":false},"featured_media":127471,"comment_status":"open","ping_status":"closed","template":"","meta":{"_kad_post_transparent":"","_kad_post_title":"","_kad_post_layout":"","_kad_post_sidebar_id":"","_kad_post_content_style":"","_kad_post_vertical_padding":"","_kad_post_feature":"","_kad_post_feature_position":"","_kad_post_header":false,"_kad_post_footer":false,"_kad_post_classname":""},"product_brand":[],"product_cat":[14957],"product_tag":[],"class_list":{"0":"post-127472","1":"product","2":"type-product","3":"status-publish","4":"has-post-thumbnail","6":"product_cat-kablosuz-kulaklik-kablosuz-kulaklik","8":"first","9":"instock","10":"purchasable","11":"product-type-simple","12":"entry","13":"content-bg","14":"loop-entry"},"_links":{"self":[{"href":"https:\/\/www.hediyepazar.com\/index.php?rest_route=\/wp\/v2\/product\/127472","targetHints":{"allow":["GET"]}}],"collection":[{"href":"https:\/\/www.hediyepazar.com\/index.php?rest_route=\/wp\/v2\/product"}],"about":[{"href":"https:\/\/www.hediyepazar.com\/index.php?rest_route=\/wp\/v2\/types\/product"}],"replies":[{"embeddable":true,"href":"https:\/\/www.hediyepazar.com\/index.php?rest_route=%2Fwp%2Fv2%2Fcomments&post=127472"}],"wp:featuredmedia":[{"embeddable":true,"href":"https:\/\/www.hediyepazar.com\/index.php?rest_route=\/wp\/v2\/media\/127471"}],"wp:attachment":[{"href":"https:\/\/www.hediyepazar.com\/index.php?rest_route=%2Fwp%2Fv2%2Fmedia&parent=127472"}],"wp:term":[{"taxonomy":"product_brand","embeddable":true,"href":"https:\/\/www.hediyepazar.com\/index.php?rest_route=%2Fwp%2Fv2%2Fproduct_brand&post=127472"},{"taxonomy":"product_cat","embeddable":true,"href":"https:\/\/www.hediyepazar.com\/index.php?rest_route=%2Fwp%2Fv2%2Fproduct_cat&post=127472"},{"taxonomy":"product_tag","embeddable":true,"href":"https:\/\/www.hediyepazar.com\/index.php?rest_route=%2Fwp%2Fv2%2Fproduct_tag&post=127472"}],"curies":[{"name":"wp","href":"https:\/\/api.w.org\/{rel}","templated":true}]}}