{"id":127480,"date":"2026-05-06T22:45:03","date_gmt":"2026-05-07T01:45:03","guid":{"rendered":"https:\/\/www.hediyepazar.com\/?product=modern-3d-turuncu-cicek-vazo-masaustu-salon-dekoru"},"modified":"2026-05-06T22:45:03","modified_gmt":"2026-05-07T01:45:03","slug":"modern-3d-turuncu-cicek-vazo-masaustu-salon-dekoru","status":"publish","type":"product","link":"https:\/\/www.hediyepazar.com\/?product=modern-3d-turuncu-cicek-vazo-masaustu-salon-dekoru","title":{"rendered":"Modern 3D Turuncu \u00c7i\u00e7ek Vazo Masa\u00fcst\u00fc Salon Dekoru"},"content":{"rendered":"<p>Turuncu tonun enerjisi ile tasarlanm\u0131\u015f bu \u00e7i\u00e7ek kabartmal\u0131 vazo, i\u00e7 mek\u00e2n dekorasyonunda farkl\u0131l\u0131k yaratmak isteyenler i\u00e7in idealdir. 3D \u00fcretim tekni\u011fi sayesinde detaylar net ve belirgindir.Kuru \u00e7i\u00e7ek veya yapay bitkiler ile kombinlenebilir.<\/p>\n","protected":false},"excerpt":{"rendered":"<p>Turuncu tonun enerjisi ile tasarlanm\u0131\u015f bu \u00e7i\u00e7ek kabartmal\u0131 vazo, i\u00e7 mek\u00e2n dekorasyonunda farkl\u0131l\u0131k yaratmak isteyenler i\u00e7in idealdir. 3D \u00fcretim tekni\u011fi sayesinde detaylar net ve belirgindir.Kuru \u00e7i\u00e7ek veya yapay bitkiler ile kombinlenebilir.<\/p>\n","protected":false},"featured_media":127479,"comment_status":"open","ping_status":"closed","template":"","meta":{"_kad_post_transparent":"","_kad_post_title":"","_kad_post_layout":"","_kad_post_sidebar_id":"","_kad_post_content_style":"","_kad_post_vertical_padding":"","_kad_post_feature":"","_kad_post_feature_position":"","_kad_post_header":false,"_kad_post_footer":false,"_kad_post_classname":""},"product_brand":[],"product_cat":[14940],"product_tag":[],"class_list":{"0":"post-127480","1":"product","2":"type-product","3":"status-publish","4":"has-post-thumbnail","6":"product_cat-dekoratif-obje-biblo-dekoratif-obje-biblo","8":"first","9":"instock","10":"purchasable","11":"product-type-simple","12":"entry","13":"content-bg","14":"loop-entry"},"_links":{"self":[{"href":"https:\/\/www.hediyepazar.com\/index.php?rest_route=\/wp\/v2\/product\/127480","targetHints":{"allow":["GET"]}}],"collection":[{"href":"https:\/\/www.hediyepazar.com\/index.php?rest_route=\/wp\/v2\/product"}],"about":[{"href":"https:\/\/www.hediyepazar.com\/index.php?rest_route=\/wp\/v2\/types\/product"}],"replies":[{"embeddable":true,"href":"https:\/\/www.hediyepazar.com\/index.php?rest_route=%2Fwp%2Fv2%2Fcomments&post=127480"}],"wp:featuredmedia":[{"embeddable":true,"href":"https:\/\/www.hediyepazar.com\/index.php?rest_route=\/wp\/v2\/media\/127479"}],"wp:attachment":[{"href":"https:\/\/www.hediyepazar.com\/index.php?rest_route=%2Fwp%2Fv2%2Fmedia&parent=127480"}],"wp:term":[{"taxonomy":"product_brand","embeddable":true,"href":"https:\/\/www.hediyepazar.com\/index.php?rest_route=%2Fwp%2Fv2%2Fproduct_brand&post=127480"},{"taxonomy":"product_cat","embeddable":true,"href":"https:\/\/www.hediyepazar.com\/index.php?rest_route=%2Fwp%2Fv2%2Fproduct_cat&post=127480"},{"taxonomy":"product_tag","embeddable":true,"href":"https:\/\/www.hediyepazar.com\/index.php?rest_route=%2Fwp%2Fv2%2Fproduct_tag&post=127480"}],"curies":[{"name":"wp","href":"https:\/\/api.w.org\/{rel}","templated":true}]}}