{"id":127490,"date":"2026-05-06T22:46:15","date_gmt":"2026-05-07T01:46:15","guid":{"rendered":"https:\/\/www.hediyepazar.com\/?product=10cm-3d-ozel-baski-kalpli-ayicik-romantik-hediye-objesi"},"modified":"2026-05-06T22:46:15","modified_gmt":"2026-05-07T01:46:15","slug":"10cm-3d-ozel-baski-kalpli-ayicik-romantik-hediye-objesi","status":"publish","type":"product","link":"https:\/\/www.hediyepazar.com\/?product=10cm-3d-ozel-baski-kalpli-ayicik-romantik-hediye-objesi","title":{"rendered":"10cm 3D \u00d6zel Bask\u0131 Kalpli Ay\u0131c\u0131k Romantik Hediye Objesi"},"content":{"rendered":"<p>Romantik tasar\u0131m\u0131yla \u00f6ne \u00e7\u0131kan 3D kalp ay\u0131c\u0131k, 10 cm kompakt \u00f6l\u00e7\u00fcs\u00fc ile her alana uyum sa\u011flar. G\u00fcl desenli y\u00fczey yap\u0131s\u0131 \u00fcr\u00fcne estetik bir g\u00f6r\u00fcn\u00fcm kazand\u0131r\u0131r.Sevgi temal\u0131 dekor arayanlar i\u00e7in ideal bir tercihtir.<\/p>\n","protected":false},"excerpt":{"rendered":"<p>Romantik tasar\u0131m\u0131yla \u00f6ne \u00e7\u0131kan 3D kalp ay\u0131c\u0131k, 10 cm kompakt \u00f6l\u00e7\u00fcs\u00fc ile her alana uyum sa\u011flar. G\u00fcl desenli y\u00fczey yap\u0131s\u0131 \u00fcr\u00fcne estetik bir g\u00f6r\u00fcn\u00fcm kazand\u0131r\u0131r.Sevgi temal\u0131 dekor arayanlar i\u00e7in ideal bir tercihtir.<\/p>\n","protected":false},"featured_media":127489,"comment_status":"open","ping_status":"closed","template":"","meta":{"_kad_post_transparent":"","_kad_post_title":"","_kad_post_layout":"","_kad_post_sidebar_id":"","_kad_post_content_style":"","_kad_post_vertical_padding":"","_kad_post_feature":"","_kad_post_feature_position":"","_kad_post_header":false,"_kad_post_footer":false,"_kad_post_classname":""},"product_brand":[],"product_cat":[14940],"product_tag":[],"class_list":{"0":"post-127490","1":"product","2":"type-product","3":"status-publish","4":"has-post-thumbnail","6":"product_cat-dekoratif-obje-biblo-dekoratif-obje-biblo","8":"first","9":"instock","10":"purchasable","11":"product-type-simple","12":"entry","13":"content-bg","14":"loop-entry"},"_links":{"self":[{"href":"https:\/\/www.hediyepazar.com\/index.php?rest_route=\/wp\/v2\/product\/127490","targetHints":{"allow":["GET"]}}],"collection":[{"href":"https:\/\/www.hediyepazar.com\/index.php?rest_route=\/wp\/v2\/product"}],"about":[{"href":"https:\/\/www.hediyepazar.com\/index.php?rest_route=\/wp\/v2\/types\/product"}],"replies":[{"embeddable":true,"href":"https:\/\/www.hediyepazar.com\/index.php?rest_route=%2Fwp%2Fv2%2Fcomments&post=127490"}],"wp:featuredmedia":[{"embeddable":true,"href":"https:\/\/www.hediyepazar.com\/index.php?rest_route=\/wp\/v2\/media\/127489"}],"wp:attachment":[{"href":"https:\/\/www.hediyepazar.com\/index.php?rest_route=%2Fwp%2Fv2%2Fmedia&parent=127490"}],"wp:term":[{"taxonomy":"product_brand","embeddable":true,"href":"https:\/\/www.hediyepazar.com\/index.php?rest_route=%2Fwp%2Fv2%2Fproduct_brand&post=127490"},{"taxonomy":"product_cat","embeddable":true,"href":"https:\/\/www.hediyepazar.com\/index.php?rest_route=%2Fwp%2Fv2%2Fproduct_cat&post=127490"},{"taxonomy":"product_tag","embeddable":true,"href":"https:\/\/www.hediyepazar.com\/index.php?rest_route=%2Fwp%2Fv2%2Fproduct_tag&post=127490"}],"curies":[{"name":"wp","href":"https:\/\/api.w.org\/{rel}","templated":true}]}}