{"id":127492,"date":"2026-05-06T22:46:21","date_gmt":"2026-05-07T01:46:21","guid":{"rendered":"https:\/\/www.hediyepazar.com\/?product=3d-gul-tasarimli-kalp-ayicik-10cm-sik-dekoratif-biblo"},"modified":"2026-05-06T22:46:21","modified_gmt":"2026-05-07T01:46:21","slug":"3d-gul-tasarimli-kalp-ayicik-10cm-sik-dekoratif-biblo","status":"publish","type":"product","link":"https:\/\/www.hediyepazar.com\/?product=3d-gul-tasarimli-kalp-ayicik-10cm-sik-dekoratif-biblo","title":{"rendered":"3D G\u00fcl Tasar\u0131ml\u0131 Kalp Ay\u0131c\u0131k 10cm \u015e\u0131k Dekoratif Biblo"},"content":{"rendered":"<p>10 cm boyutundaki bu kalp ay\u0131c\u0131k, 3D bask\u0131 teknolojisi ile \u00fcretilmi\u015f \u015f\u0131k bir dekoratif objedir. G\u00fcl kabartmalar\u0131 \u00fcr\u00fcne zengin bir g\u00f6r\u00fcn\u00fcm kazand\u0131r\u0131r. G\u00f6\u011fs\u00fcnde ta\u015f\u0131d\u0131\u011f\u0131 kalp fig\u00fcr\u00fc ile sevgi temas\u0131n\u0131 g\u00fc\u00e7l\u00fc \u015fekilde yans\u0131t\u0131r.K\u00fc\u00e7\u00fck ama etkileyici tasar\u0131m\u0131 sayesinde bulundu\u011fu ortamda dikkat \u00e7eker. Hediye alternatifi olarak da olduk\u00e7a anlaml\u0131d\u0131r.Dayan\u0131kl\u0131 yap\u0131s\u0131 sayesinde uzun s\u00fcre formunu korur.<\/p>\n","protected":false},"excerpt":{"rendered":"<p>10 cm boyutundaki bu kalp ay\u0131c\u0131k, 3D bask\u0131 teknolojisi ile \u00fcretilmi\u015f \u015f\u0131k bir dekoratif objedir. G\u00fcl kabartmalar\u0131 \u00fcr\u00fcne zengin bir g\u00f6r\u00fcn\u00fcm kazand\u0131r\u0131r. G\u00f6\u011fs\u00fcnde ta\u015f\u0131d\u0131\u011f\u0131 kalp fig\u00fcr\u00fc ile sevgi temas\u0131n\u0131 g\u00fc\u00e7l\u00fc \u015fekilde yans\u0131t\u0131r.K\u00fc\u00e7\u00fck ama etkileyici tasar\u0131m\u0131 sayesinde bulundu\u011fu ortamda dikkat \u00e7eker. Hediye alternatifi olarak da olduk\u00e7a anlaml\u0131d\u0131r.Dayan\u0131kl\u0131 yap\u0131s\u0131 sayesinde uzun s\u00fcre formunu korur.<\/p>\n","protected":false},"featured_media":127491,"comment_status":"open","ping_status":"closed","template":"","meta":{"_kad_post_transparent":"","_kad_post_title":"","_kad_post_layout":"","_kad_post_sidebar_id":"","_kad_post_content_style":"","_kad_post_vertical_padding":"","_kad_post_feature":"","_kad_post_feature_position":"","_kad_post_header":false,"_kad_post_footer":false,"_kad_post_classname":""},"product_brand":[],"product_cat":[14940],"product_tag":[],"class_list":{"0":"post-127492","1":"product","2":"type-product","3":"status-publish","4":"has-post-thumbnail","6":"product_cat-dekoratif-obje-biblo-dekoratif-obje-biblo","8":"first","9":"instock","10":"purchasable","11":"product-type-simple","12":"entry","13":"content-bg","14":"loop-entry"},"_links":{"self":[{"href":"https:\/\/www.hediyepazar.com\/index.php?rest_route=\/wp\/v2\/product\/127492","targetHints":{"allow":["GET"]}}],"collection":[{"href":"https:\/\/www.hediyepazar.com\/index.php?rest_route=\/wp\/v2\/product"}],"about":[{"href":"https:\/\/www.hediyepazar.com\/index.php?rest_route=\/wp\/v2\/types\/product"}],"replies":[{"embeddable":true,"href":"https:\/\/www.hediyepazar.com\/index.php?rest_route=%2Fwp%2Fv2%2Fcomments&post=127492"}],"wp:featuredmedia":[{"embeddable":true,"href":"https:\/\/www.hediyepazar.com\/index.php?rest_route=\/wp\/v2\/media\/127491"}],"wp:attachment":[{"href":"https:\/\/www.hediyepazar.com\/index.php?rest_route=%2Fwp%2Fv2%2Fmedia&parent=127492"}],"wp:term":[{"taxonomy":"product_brand","embeddable":true,"href":"https:\/\/www.hediyepazar.com\/index.php?rest_route=%2Fwp%2Fv2%2Fproduct_brand&post=127492"},{"taxonomy":"product_cat","embeddable":true,"href":"https:\/\/www.hediyepazar.com\/index.php?rest_route=%2Fwp%2Fv2%2Fproduct_cat&post=127492"},{"taxonomy":"product_tag","embeddable":true,"href":"https:\/\/www.hediyepazar.com\/index.php?rest_route=%2Fwp%2Fv2%2Fproduct_tag&post=127492"}],"curies":[{"name":"wp","href":"https:\/\/api.w.org\/{rel}","templated":true}]}}