{"id":127494,"date":"2026-05-06T22:47:00","date_gmt":"2026-05-07T01:47:00","guid":{"rendered":"https:\/\/www.hediyepazar.com\/?product=10-cm-3d-kalp-tutan-ayicik-dekoratif-sevgililer-gunu-hediyesi"},"modified":"2026-05-06T22:47:00","modified_gmt":"2026-05-07T01:47:00","slug":"10-cm-3d-kalp-tutan-ayicik-dekoratif-sevgililer-gunu-hediyesi","status":"publish","type":"product","link":"https:\/\/www.hediyepazar.com\/?product=10-cm-3d-kalp-tutan-ayicik-dekoratif-sevgililer-gunu-hediyesi","title":{"rendered":"10 cm 3D Kalp Tutan Ay\u0131c\u0131k Dekoratif Sevgililer G\u00fcn\u00fc Hediyesi"},"content":{"rendered":"<p>Bu 10 cm 3D kalp ay\u0131c\u0131k, modern tasar\u0131m anlay\u0131\u015f\u0131 ile romantik temay\u0131 bir araya getirir. G\u00fcl desenli y\u00fczey yap\u0131s\u0131 \u00fcr\u00fcne \u00fc\u00e7 boyutlu bir derinlik kazand\u0131r\u0131r. Kalp detay\u0131 ise \u00fcr\u00fcn\u00fc sadece dekoratif de\u011fil ayn\u0131 zamanda anlaml\u0131 bir hediye haline getirir.Kompakt yap\u0131s\u0131 sayesinde k\u00fc\u00e7\u00fck alanlarda bile rahatl\u0131kla sergilenebilir. Ofis masas\u0131, sehpa, komodin veya vitrin \u00fczerinde estetik bir tamamlay\u0131c\u0131 olarak kullan\u0131labilir.3D bask\u0131 \u00fcretim kalitesi sayesinde detaylar belirgin, y\u00fczey p\u00fcr\u00fczs\u00fczd\u00fcr. Uzun \u00f6m\u00fcrl\u00fc kullan\u0131m i\u00e7in tasarlanm\u0131\u015ft\u0131r.Romantik atmosfer olu\u015fturmak isteyenler i\u00e7in ideal bir dekor \u00fcr\u00fcn\u00fcd\u00fcr.<\/p>\n","protected":false},"excerpt":{"rendered":"<p>Bu 10 cm 3D kalp ay\u0131c\u0131k, modern tasar\u0131m anlay\u0131\u015f\u0131 ile romantik temay\u0131 bir araya getirir. G\u00fcl desenli y\u00fczey yap\u0131s\u0131 \u00fcr\u00fcne \u00fc\u00e7 boyutlu bir derinlik kazand\u0131r\u0131r. Kalp detay\u0131 ise \u00fcr\u00fcn\u00fc sadece dekoratif de\u011fil ayn\u0131 zamanda anlaml\u0131 bir hediye haline getirir.Kompakt yap\u0131s\u0131 sayesinde k\u00fc\u00e7\u00fck alanlarda bile rahatl\u0131kla sergilenebilir. Ofis masas\u0131, sehpa, komodin veya vitrin \u00fczerinde estetik bir&#8230;<\/p>\n","protected":false},"featured_media":127493,"comment_status":"open","ping_status":"closed","template":"","meta":{"_kad_post_transparent":"","_kad_post_title":"","_kad_post_layout":"","_kad_post_sidebar_id":"","_kad_post_content_style":"","_kad_post_vertical_padding":"","_kad_post_feature":"","_kad_post_feature_position":"","_kad_post_header":false,"_kad_post_footer":false,"_kad_post_classname":""},"product_brand":[],"product_cat":[14940],"product_tag":[],"class_list":{"0":"post-127494","1":"product","2":"type-product","3":"status-publish","4":"has-post-thumbnail","6":"product_cat-dekoratif-obje-biblo-dekoratif-obje-biblo","8":"first","9":"instock","10":"purchasable","11":"product-type-simple","12":"entry","13":"content-bg","14":"loop-entry"},"_links":{"self":[{"href":"https:\/\/www.hediyepazar.com\/index.php?rest_route=\/wp\/v2\/product\/127494","targetHints":{"allow":["GET"]}}],"collection":[{"href":"https:\/\/www.hediyepazar.com\/index.php?rest_route=\/wp\/v2\/product"}],"about":[{"href":"https:\/\/www.hediyepazar.com\/index.php?rest_route=\/wp\/v2\/types\/product"}],"replies":[{"embeddable":true,"href":"https:\/\/www.hediyepazar.com\/index.php?rest_route=%2Fwp%2Fv2%2Fcomments&post=127494"}],"wp:featuredmedia":[{"embeddable":true,"href":"https:\/\/www.hediyepazar.com\/index.php?rest_route=\/wp\/v2\/media\/127493"}],"wp:attachment":[{"href":"https:\/\/www.hediyepazar.com\/index.php?rest_route=%2Fwp%2Fv2%2Fmedia&parent=127494"}],"wp:term":[{"taxonomy":"product_brand","embeddable":true,"href":"https:\/\/www.hediyepazar.com\/index.php?rest_route=%2Fwp%2Fv2%2Fproduct_brand&post=127494"},{"taxonomy":"product_cat","embeddable":true,"href":"https:\/\/www.hediyepazar.com\/index.php?rest_route=%2Fwp%2Fv2%2Fproduct_cat&post=127494"},{"taxonomy":"product_tag","embeddable":true,"href":"https:\/\/www.hediyepazar.com\/index.php?rest_route=%2Fwp%2Fv2%2Fproduct_tag&post=127494"}],"curies":[{"name":"wp","href":"https:\/\/api.w.org\/{rel}","templated":true}]}}